{"id":623,"date":"2017-01-25T14:25:37","date_gmt":"2017-01-25T13:25:37","guid":{"rendered":"http:\/\/relaunch.frigotec.de\/?page_id=623\/"},"modified":"2020-03-02T16:26:59","modified_gmt":"2020-03-02T15:26:59","slug":"control-cabinets","status":"publish","type":"page","link":"https:\/\/frigotec.de\/en\/cold-storage-systems\/control-cabinets\/","title":{"rendered":"Control cabinets"},"content":{"rendered":"<div id='av_section_1'  class='avia-section av-av_section-f5416f04ad720a2c47933a0c3c5c9f4d main_color avia-section-no-padding avia-no-border-styling  avia-builder-el-0  el_before_av_heading  avia-builder-el-first  avia-bg-style-scroll container_wrap sidebar_right'  ><div class='container av-section-cont-open' ><main  role=\"main\" itemprop=\"mainContentOfPage\"  class='template-page content  av-content-small alpha units'><div class='post-entry post-entry-type-page post-entry-623'><div class='entry-content-wrapper clearfix'>\n\n\n<style type=\"text\/css\" data-created_by=\"avia_inline_auto\" id=\"style-css-av-av_hr-0688d0b0b6ed2f8b057db7a8270206df\">\n#top .hr.hr-invisible.av-av_hr-0688d0b0b6ed2f8b057db7a8270206df{\nheight:50px;\n}\n<\/style>\n<div  class='hr av-av_hr-0688d0b0b6ed2f8b057db7a8270206df hr-invisible  avia-builder-el-2  el_after_av_codeblock  avia-builder-el-last '><span class='hr-inner '><span class=\"hr-inner-style\"><\/span><\/span><\/div>\n<\/div><\/div><\/main><!-- close content main element --><\/div><\/div><div id='after_section_1'  class='main_color av_default_container_wrap container_wrap sidebar_right'  ><div class='container av-section-cont-open' ><div class='template-page content  av-content-small alpha units'><div class='post-entry post-entry-type-page post-entry-623'><div class='entry-content-wrapper clearfix'>\n\n<style type=\"text\/css\" data-created_by=\"avia_inline_auto\" id=\"style-css-av-av_heading-4d8d5ba1da386536f67a982e78a72f3e\">\n#top .av-special-heading.av-av_heading-4d8d5ba1da386536f67a982e78a72f3e{\npadding-bottom:20px;\ncolor:#000000;\n}\nbody .av-special-heading.av-av_heading-4d8d5ba1da386536f67a982e78a72f3e .av-special-heading-tag .heading-char{\nfont-size:25px;\n}\n.av-special-heading.av-av_heading-4d8d5ba1da386536f67a982e78a72f3e .special-heading-inner-border{\nborder-color:#000000;\n}\n.av-special-heading.av-av_heading-4d8d5ba1da386536f67a982e78a72f3e .av-subheading{\nfont-size:15px;\n}\n<\/style>\n<div  class='av-special-heading av-av_heading-4d8d5ba1da386536f67a982e78a72f3e av-special-heading-h1 custom-color-heading blockquote modern-quote  avia-builder-el-3  el_after_av_section  el_before_av_textblock  avia-builder-el-first '><h1 class='av-special-heading-tag'  itemprop=\"headline\"  >Control cabinets<\/h1><div class=\"special-heading-border\"><div class=\"special-heading-inner-border\"><\/div><\/div><\/div>\n<section  class='av_textblock_section av-k7aheq9z-b03176078e9715bc03551f1a82bf1ee2 '   itemscope=\"itemscope\" itemtype=\"https:\/\/schema.org\/CreativeWork\" ><div class='avia_textblock'  itemprop=\"text\" ><p>Our subsidiary company, EHW-Elektronik GmbH, develops and manufactures state-of-the-art control and regulation systems. Alongside conventional control cabinet construction, we have specialised in the development and programming of PLC-supported control systems.<\/p>\n<p>Only brand-name, high-quality components sourced from prestigious manufacturers such as Siemens, Kl\u00f6ckner-M\u00f6ller, Weidm\u00fcller etc., are used.<\/p>\n<h3>Example applications:<\/h3>\n<\/div><\/section>\n\n<style type=\"text\/css\" data-created_by=\"avia_inline_auto\" id=\"style-css-av-av_hr-5ea7596238ed9f191e6b5e662093052f\">\n#top .hr.hr-invisible.av-av_hr-5ea7596238ed9f191e6b5e662093052f{\nheight:30px;\n}\n<\/style>\n<div  class='hr av-av_hr-5ea7596238ed9f191e6b5e662093052f hr-invisible  avia-builder-el-5  el_after_av_textblock  el_before_av_textblock '><span class='hr-inner '><span class=\"hr-inner-style\"><\/span><\/span><\/div>\n\n<style type=\"text\/css\" data-created_by=\"avia_inline_auto\" id=\"style-css-av-av_textblock-3f008d4841a0d74f58000eac3799ce5d\">\n#top .av_textblock_section.av-av_textblock-3f008d4841a0d74f58000eac3799ce5d .avia_textblock{\ncolor:#05205c;\n}\n<\/style>\n<section  class='av_textblock_section av-av_textblock-3f008d4841a0d74f58000eac3799ce5d '   itemscope=\"itemscope\" itemtype=\"https:\/\/schema.org\/CreativeWork\" ><div class='avia_textblock av_inherit_color'  itemprop=\"text\" ><ul>\n<li>\n<h5><strong>Gas measurement and control\u00a0system<\/strong><\/h5>\n<\/li>\n<li>\n<h5><strong>Temperature measurement and control\u00a0system<\/strong><\/h5>\n<\/li>\n<li>\n<h5><strong>Energy management systems<\/strong><\/h5>\n<\/li>\n<li>\n<h5><strong>Process engineering in waste water treatment or gas plants<\/strong><\/h5>\n<\/li>\n<li>\n<h5><strong>Central heating plants<\/strong><\/h5>\n<\/li>\n<li>\n<h5><strong>Process visualisation<\/strong><\/h5>\n<\/li>\n<\/ul>\n<\/div><\/section>\n\n<style type=\"text\/css\" data-created_by=\"avia_inline_auto\" id=\"style-css-av-av_hr-5ea7596238ed9f191e6b5e662093052f\">\n#top .hr.hr-invisible.av-av_hr-5ea7596238ed9f191e6b5e662093052f{\nheight:30px;\n}\n<\/style>\n<div  class='hr av-av_hr-5ea7596238ed9f191e6b5e662093052f hr-invisible  avia-builder-el-7  el_after_av_textblock  el_before_av_textblock '><span class='hr-inner '><span class=\"hr-inner-style\"><\/span><\/span><\/div>\n<section  class='av_textblock_section av-av_textblock-0366cc7376be6c9e82a3e9cc8987b64f '   itemscope=\"itemscope\" itemtype=\"https:\/\/schema.org\/CreativeWork\" ><div class='avia_textblock'  itemprop=\"text\" ><h3>Our product range:<\/h3>\n<\/div><\/section>\n\n<style type=\"text\/css\" data-created_by=\"avia_inline_auto\" id=\"style-css-av-av_hr-5ea7596238ed9f191e6b5e662093052f\">\n#top .hr.hr-invisible.av-av_hr-5ea7596238ed9f191e6b5e662093052f{\nheight:30px;\n}\n<\/style>\n<div  class='hr av-av_hr-5ea7596238ed9f191e6b5e662093052f hr-invisible  avia-builder-el-9  el_after_av_textblock  el_before_av_textblock '><span class='hr-inner '><span class=\"hr-inner-style\"><\/span><\/span><\/div>\n\n<style type=\"text\/css\" data-created_by=\"avia_inline_auto\" id=\"style-css-av-av_textblock-3f008d4841a0d74f58000eac3799ce5d\">\n#top .av_textblock_section.av-av_textblock-3f008d4841a0d74f58000eac3799ce5d .avia_textblock{\ncolor:#05205c;\n}\n<\/style>\n<section  class='av_textblock_section av-av_textblock-3f008d4841a0d74f58000eac3799ce5d '   itemscope=\"itemscope\" itemtype=\"https:\/\/schema.org\/CreativeWork\" ><div class='avia_textblock av_inherit_color'  itemprop=\"text\" ><ul>\n<li>\n<h5><strong>Control cabinets with controllers<\/strong><\/h5>\n<\/li>\n<li>\n<h5><strong>Operator terminals<\/strong><\/h5>\n<\/li>\n<li>\n<h5><strong>Distribution cabinets<\/strong><\/h5>\n<\/li>\n<li>\n<h5><strong>Terminal boxes with and without decentralised modules<\/strong><\/h5>\n<\/li>\n<li>\n<h5><strong>Special purpose cabinets<\/strong><\/h5>\n<\/li>\n<\/ul>\n<\/div><\/section>\n\n<style type=\"text\/css\" data-created_by=\"avia_inline_auto\" id=\"style-css-av-av_hr-5ea7596238ed9f191e6b5e662093052f\">\n#top .hr.hr-invisible.av-av_hr-5ea7596238ed9f191e6b5e662093052f{\nheight:30px;\n}\n<\/style>\n<div  class='hr av-av_hr-5ea7596238ed9f191e6b5e662093052f hr-invisible  avia-builder-el-11  el_after_av_textblock  el_before_av_textblock '><span class='hr-inner '><span class=\"hr-inner-style\"><\/span><\/span><\/div>\n<section  class='av_textblock_section av-av_textblock-0366cc7376be6c9e82a3e9cc8987b64f '   itemscope=\"itemscope\" itemtype=\"https:\/\/schema.org\/CreativeWork\" ><div class='avia_textblock'  itemprop=\"text\" ><p>Talk to us! We&#8217;ll develop the appropriate technology.<\/p>\n<\/div><\/section>\n\n<style type=\"text\/css\" data-created_by=\"avia_inline_auto\" id=\"style-css-av-k7am88ol-e62db1733de9479200a924c42987217d\">\n#top .avia-gallery.av-k7am88ol-e62db1733de9479200a924c42987217d .avia-gallery-thumb a{\nwidth:25%;\n}\n<\/style>\n<div  class='avia-gallery av-k7am88ol-e62db1733de9479200a924c42987217d avia_animate_when_visible  avia-builder-el-13  el_after_av_textblock  avia-builder-el-last  animations_off avia-gallery-1'  itemprop=\"image\" itemscope=\"itemscope\" itemtype=\"https:\/\/schema.org\/ImageObject\" ><meta itemprop=\"contentURL\" content=\"https:\/\/frigotec.de\/en\/cold-storage-systems\/control-cabinets\/\"><div class='avia-gallery-thumb'><a href=\"https:\/\/frigotec.de\/wp-content\/uploads\/2020\/03\/IMG_0787-1030x706.jpg\" data-srcset=\"https:\/\/frigotec.de\/wp-content\/uploads\/2020\/03\/IMG_0787-1030x706.jpg 1030w, https:\/\/frigotec.de\/wp-content\/uploads\/2020\/03\/IMG_0787-300x206.jpg 300w, https:\/\/frigotec.de\/wp-content\/uploads\/2020\/03\/IMG_0787-768x527.jpg 768w, https:\/\/frigotec.de\/wp-content\/uploads\/2020\/03\/IMG_0787-1500x1028.jpg 1500w, https:\/\/frigotec.de\/wp-content\/uploads\/2020\/03\/IMG_0787-705x483.jpg 705w, https:\/\/frigotec.de\/wp-content\/uploads\/2020\/03\/IMG_0787-450x309.jpg 450w\" data-sizes=\"(max-width: 1030px) 100vw, 1030px\" data-rel='gallery-1' data-prev-img='https:\/\/frigotec.de\/wp-content\/uploads\/2020\/03\/IMG_0787-495x400.jpg' class='first_thumb lightbox ' data-onclick='1' title=''  itemprop=\"thumbnailUrl\"  ><img decoding=\"async\" class=\"wp-image-1925 avia-img-lazy-loading-not-1925\"   src=\"https:\/\/frigotec.de\/wp-content\/uploads\/2020\/03\/IMG_0787-495x400.jpg\" width=\"495\" height=\"400\"  title='' alt='' srcset=\"https:\/\/frigotec.de\/wp-content\/uploads\/2020\/03\/IMG_0787-495x400.jpg 495w, https:\/\/frigotec.de\/wp-content\/uploads\/2020\/03\/IMG_0787-845x684.jpg 845w\" sizes=\"(max-width: 495px) 100vw, 495px\" \/><div class='big-prev-fake'><img loading=\"lazy\" decoding=\"async\" class=\"wp-image-1925 avia-img-lazy-loading-1925\"  width=\"495\" height=\"400\" src=\"https:\/\/frigotec.de\/wp-content\/uploads\/2020\/03\/IMG_0787-495x400.jpg\" title='' alt='' srcset=\"https:\/\/frigotec.de\/wp-content\/uploads\/2020\/03\/IMG_0787-495x400.jpg 495w, https:\/\/frigotec.de\/wp-content\/uploads\/2020\/03\/IMG_0787-845x684.jpg 845w\" sizes=\"auto, (max-width: 495px) 100vw, 495px\" \/><\/div><\/a><a href=\"https:\/\/frigotec.de\/wp-content\/uploads\/2020\/03\/DSC_0300-685x1030.jpg\" data-srcset=\"https:\/\/frigotec.de\/wp-content\/uploads\/2020\/03\/DSC_0300-685x1030.jpg 685w, https:\/\/frigotec.de\/wp-content\/uploads\/2020\/03\/DSC_0300-200x300.jpg 200w, https:\/\/frigotec.de\/wp-content\/uploads\/2020\/03\/DSC_0300-768x1154.jpg 768w, https:\/\/frigotec.de\/wp-content\/uploads\/2020\/03\/DSC_0300-998x1500.jpg 998w, https:\/\/frigotec.de\/wp-content\/uploads\/2020\/03\/DSC_0300-469x705.jpg 469w, https:\/\/frigotec.de\/wp-content\/uploads\/2020\/03\/DSC_0300-450x676.jpg 450w\" data-sizes=\"(max-width: 685px) 100vw, 685px\" data-rel='gallery-1' data-prev-img='https:\/\/frigotec.de\/wp-content\/uploads\/2020\/03\/DSC_0300-495x400.jpg' class='lightbox ' data-onclick='2' title=''  itemprop=\"thumbnailUrl\"  ><img decoding=\"async\" class=\"wp-image-1909 avia-img-lazy-loading-not-1909\"   src=\"https:\/\/frigotec.de\/wp-content\/uploads\/2020\/03\/DSC_0300-495x400.jpg\" width=\"495\" height=\"400\"  title='' alt='' srcset=\"https:\/\/frigotec.de\/wp-content\/uploads\/2020\/03\/DSC_0300-495x400.jpg 495w, https:\/\/frigotec.de\/wp-content\/uploads\/2020\/03\/DSC_0300-845x684.jpg 845w\" sizes=\"(max-width: 495px) 100vw, 495px\" \/><div class='big-prev-fake'><img loading=\"lazy\" decoding=\"async\" class=\"wp-image-1909 avia-img-lazy-loading-1909\"  width=\"495\" height=\"400\" src=\"https:\/\/frigotec.de\/wp-content\/uploads\/2020\/03\/DSC_0300-495x400.jpg\" title='' alt='' srcset=\"https:\/\/frigotec.de\/wp-content\/uploads\/2020\/03\/DSC_0300-495x400.jpg 495w, https:\/\/frigotec.de\/wp-content\/uploads\/2020\/03\/DSC_0300-845x684.jpg 845w\" sizes=\"auto, (max-width: 495px) 100vw, 495px\" \/><\/div><\/a><a href=\"https:\/\/frigotec.de\/wp-content\/uploads\/2020\/03\/DSC_3641-1030x687.jpg\" data-srcset=\"https:\/\/frigotec.de\/wp-content\/uploads\/2020\/03\/DSC_3641-1030x687.jpg 1030w, https:\/\/frigotec.de\/wp-content\/uploads\/2020\/03\/DSC_3641-300x200.jpg 300w, https:\/\/frigotec.de\/wp-content\/uploads\/2020\/03\/DSC_3641-768x512.jpg 768w, https:\/\/frigotec.de\/wp-content\/uploads\/2020\/03\/DSC_3641-1500x1000.jpg 1500w, https:\/\/frigotec.de\/wp-content\/uploads\/2020\/03\/DSC_3641-705x470.jpg 705w, https:\/\/frigotec.de\/wp-content\/uploads\/2020\/03\/DSC_3641-450x300.jpg 450w\" data-sizes=\"(max-width: 1030px) 100vw, 1030px\" data-rel='gallery-1' data-prev-img='https:\/\/frigotec.de\/wp-content\/uploads\/2020\/03\/DSC_3641-495x400.jpg' class='lightbox ' data-onclick='3' title=''  itemprop=\"thumbnailUrl\"  ><img decoding=\"async\" class=\"wp-image-1921 avia-img-lazy-loading-not-1921\"   src=\"https:\/\/frigotec.de\/wp-content\/uploads\/2020\/03\/DSC_3641-495x400.jpg\" width=\"495\" height=\"400\"  title='' alt='' srcset=\"https:\/\/frigotec.de\/wp-content\/uploads\/2020\/03\/DSC_3641-495x400.jpg 495w, https:\/\/frigotec.de\/wp-content\/uploads\/2020\/03\/DSC_3641-845x684.jpg 845w\" sizes=\"(max-width: 495px) 100vw, 495px\" \/><div class='big-prev-fake'><img loading=\"lazy\" decoding=\"async\" class=\"wp-image-1921 avia-img-lazy-loading-1921\"  width=\"495\" height=\"400\" src=\"https:\/\/frigotec.de\/wp-content\/uploads\/2020\/03\/DSC_3641-495x400.jpg\" title='' alt='' srcset=\"https:\/\/frigotec.de\/wp-content\/uploads\/2020\/03\/DSC_3641-495x400.jpg 495w, https:\/\/frigotec.de\/wp-content\/uploads\/2020\/03\/DSC_3641-845x684.jpg 845w\" sizes=\"auto, (max-width: 495px) 100vw, 495px\" \/><\/div><\/a><a href=\"https:\/\/frigotec.de\/wp-content\/uploads\/2020\/03\/DSC_2846-687x1030.jpg\" data-srcset=\"https:\/\/frigotec.de\/wp-content\/uploads\/2020\/03\/DSC_2846-687x1030.jpg 687w, https:\/\/frigotec.de\/wp-content\/uploads\/2020\/03\/DSC_2846-200x300.jpg 200w, https:\/\/frigotec.de\/wp-content\/uploads\/2020\/03\/DSC_2846-768x1152.jpg 768w, https:\/\/frigotec.de\/wp-content\/uploads\/2020\/03\/DSC_2846-1000x1500.jpg 1000w, https:\/\/frigotec.de\/wp-content\/uploads\/2020\/03\/DSC_2846-470x705.jpg 470w, https:\/\/frigotec.de\/wp-content\/uploads\/2020\/03\/DSC_2846-450x675.jpg 450w\" data-sizes=\"(max-width: 687px) 100vw, 687px\" data-rel='gallery-1' data-prev-img='https:\/\/frigotec.de\/wp-content\/uploads\/2020\/03\/DSC_2846-495x400.jpg' class='lightbox ' data-onclick='4' title=''  itemprop=\"thumbnailUrl\"  ><img decoding=\"async\" class=\"wp-image-1913 avia-img-lazy-loading-not-1913\"   src=\"https:\/\/frigotec.de\/wp-content\/uploads\/2020\/03\/DSC_2846-495x400.jpg\" width=\"495\" height=\"400\"  title='' alt='' srcset=\"https:\/\/frigotec.de\/wp-content\/uploads\/2020\/03\/DSC_2846-495x400.jpg 495w, https:\/\/frigotec.de\/wp-content\/uploads\/2020\/03\/DSC_2846-845x684.jpg 845w\" sizes=\"(max-width: 495px) 100vw, 495px\" \/><div class='big-prev-fake'><img loading=\"lazy\" decoding=\"async\" class=\"wp-image-1913 avia-img-lazy-loading-1913\"  width=\"495\" height=\"400\" src=\"https:\/\/frigotec.de\/wp-content\/uploads\/2020\/03\/DSC_2846-495x400.jpg\" title='' alt='' srcset=\"https:\/\/frigotec.de\/wp-content\/uploads\/2020\/03\/DSC_2846-495x400.jpg 495w, https:\/\/frigotec.de\/wp-content\/uploads\/2020\/03\/DSC_2846-845x684.jpg 845w\" sizes=\"auto, (max-width: 495px) 100vw, 495px\" \/><\/div><\/a><a href=\"https:\/\/frigotec.de\/wp-content\/uploads\/2020\/03\/Design-ohne-Titel-2-1-1030x673.png\" data-srcset=\"https:\/\/frigotec.de\/wp-content\/uploads\/2020\/03\/Design-ohne-Titel-2-1-1030x673.png 1030w, https:\/\/frigotec.de\/wp-content\/uploads\/2020\/03\/Design-ohne-Titel-2-1-300x196.png 300w, https:\/\/frigotec.de\/wp-content\/uploads\/2020\/03\/Design-ohne-Titel-2-1-768x502.png 768w, https:\/\/frigotec.de\/wp-content\/uploads\/2020\/03\/Design-ohne-Titel-2-1-1500x981.png 1500w, https:\/\/frigotec.de\/wp-content\/uploads\/2020\/03\/Design-ohne-Titel-2-1-705x461.png 705w, https:\/\/frigotec.de\/wp-content\/uploads\/2020\/03\/Design-ohne-Titel-2-1-450x294.png 450w\" data-sizes=\"(max-width: 1030px) 100vw, 1030px\" data-rel='gallery-1' data-prev-img='https:\/\/frigotec.de\/wp-content\/uploads\/2020\/03\/Design-ohne-Titel-2-1-495x400.png' class='first_thumb lightbox ' data-onclick='5' title=''  itemprop=\"thumbnailUrl\"  ><img decoding=\"async\" class=\"wp-image-1905 avia-img-lazy-loading-not-1905\"   src=\"https:\/\/frigotec.de\/wp-content\/uploads\/2020\/03\/Design-ohne-Titel-2-1-495x400.png\" width=\"495\" height=\"400\"  title='' alt='' srcset=\"https:\/\/frigotec.de\/wp-content\/uploads\/2020\/03\/Design-ohne-Titel-2-1-495x400.png 495w, https:\/\/frigotec.de\/wp-content\/uploads\/2020\/03\/Design-ohne-Titel-2-1-845x684.png 845w\" sizes=\"(max-width: 495px) 100vw, 495px\" \/><div class='big-prev-fake'><img loading=\"lazy\" decoding=\"async\" class=\"wp-image-1905 avia-img-lazy-loading-1905\"  width=\"495\" height=\"400\" src=\"https:\/\/frigotec.de\/wp-content\/uploads\/2020\/03\/Design-ohne-Titel-2-1-495x400.png\" title='' alt='' srcset=\"https:\/\/frigotec.de\/wp-content\/uploads\/2020\/03\/Design-ohne-Titel-2-1-495x400.png 495w, https:\/\/frigotec.de\/wp-content\/uploads\/2020\/03\/Design-ohne-Titel-2-1-845x684.png 845w\" sizes=\"auto, (max-width: 495px) 100vw, 495px\" \/><\/div><\/a><a href=\"https:\/\/frigotec.de\/wp-content\/uploads\/2020\/03\/8M3O6552_Pumpenschrank-1030x687.jpg\" data-srcset=\"https:\/\/frigotec.de\/wp-content\/uploads\/2020\/03\/8M3O6552_Pumpenschrank-1030x687.jpg 1030w, https:\/\/frigotec.de\/wp-content\/uploads\/2020\/03\/8M3O6552_Pumpenschrank-300x200.jpg 300w, https:\/\/frigotec.de\/wp-content\/uploads\/2020\/03\/8M3O6552_Pumpenschrank-768x512.jpg 768w, https:\/\/frigotec.de\/wp-content\/uploads\/2020\/03\/8M3O6552_Pumpenschrank-1500x1000.jpg 1500w, https:\/\/frigotec.de\/wp-content\/uploads\/2020\/03\/8M3O6552_Pumpenschrank-705x470.jpg 705w, https:\/\/frigotec.de\/wp-content\/uploads\/2020\/03\/8M3O6552_Pumpenschrank-450x300.jpg 450w\" data-sizes=\"(max-width: 1030px) 100vw, 1030px\" data-rel='gallery-1' data-prev-img='https:\/\/frigotec.de\/wp-content\/uploads\/2020\/03\/8M3O6552_Pumpenschrank-495x400.jpg' class='lightbox ' data-onclick='6' title=''  itemprop=\"thumbnailUrl\"  ><img decoding=\"async\" class=\"wp-image-1901 avia-img-lazy-loading-not-1901\"   src=\"https:\/\/frigotec.de\/wp-content\/uploads\/2020\/03\/8M3O6552_Pumpenschrank-495x400.jpg\" width=\"495\" height=\"400\"  title='' alt='' srcset=\"https:\/\/frigotec.de\/wp-content\/uploads\/2020\/03\/8M3O6552_Pumpenschrank-495x400.jpg 495w, https:\/\/frigotec.de\/wp-content\/uploads\/2020\/03\/8M3O6552_Pumpenschrank-845x684.jpg 845w\" sizes=\"(max-width: 495px) 100vw, 495px\" \/><div class='big-prev-fake'><img loading=\"lazy\" decoding=\"async\" class=\"wp-image-1901 avia-img-lazy-loading-1901\"  width=\"495\" height=\"400\" src=\"https:\/\/frigotec.de\/wp-content\/uploads\/2020\/03\/8M3O6552_Pumpenschrank-495x400.jpg\" title='' alt='' srcset=\"https:\/\/frigotec.de\/wp-content\/uploads\/2020\/03\/8M3O6552_Pumpenschrank-495x400.jpg 495w, https:\/\/frigotec.de\/wp-content\/uploads\/2020\/03\/8M3O6552_Pumpenschrank-845x684.jpg 845w\" sizes=\"auto, (max-width: 495px) 100vw, 495px\" \/><\/div><\/a><a href=\"https:\/\/frigotec.de\/wp-content\/uploads\/2020\/03\/8M3O1521-1030x687.jpg\" data-srcset=\"https:\/\/frigotec.de\/wp-content\/uploads\/2020\/03\/8M3O1521-1030x687.jpg 1030w, https:\/\/frigotec.de\/wp-content\/uploads\/2020\/03\/8M3O1521-300x200.jpg 300w, https:\/\/frigotec.de\/wp-content\/uploads\/2020\/03\/8M3O1521-768x512.jpg 768w, https:\/\/frigotec.de\/wp-content\/uploads\/2020\/03\/8M3O1521-1500x1000.jpg 1500w, https:\/\/frigotec.de\/wp-content\/uploads\/2020\/03\/8M3O1521-705x470.jpg 705w, https:\/\/frigotec.de\/wp-content\/uploads\/2020\/03\/8M3O1521-450x300.jpg 450w\" data-sizes=\"(max-width: 1030px) 100vw, 1030px\" data-rel='gallery-1' data-prev-img='https:\/\/frigotec.de\/wp-content\/uploads\/2020\/03\/8M3O1521-495x400.jpg' class='lightbox ' data-onclick='7' title=''  itemprop=\"thumbnailUrl\"  ><img decoding=\"async\" class=\"wp-image-1897 avia-img-lazy-loading-not-1897\"   src=\"https:\/\/frigotec.de\/wp-content\/uploads\/2020\/03\/8M3O1521-495x400.jpg\" width=\"495\" height=\"400\"  title='' alt='' srcset=\"https:\/\/frigotec.de\/wp-content\/uploads\/2020\/03\/8M3O1521-495x400.jpg 495w, https:\/\/frigotec.de\/wp-content\/uploads\/2020\/03\/8M3O1521-845x684.jpg 845w\" sizes=\"(max-width: 495px) 100vw, 495px\" \/><div class='big-prev-fake'><img loading=\"lazy\" decoding=\"async\" class=\"wp-image-1897 avia-img-lazy-loading-1897\"  width=\"495\" height=\"400\" src=\"https:\/\/frigotec.de\/wp-content\/uploads\/2020\/03\/8M3O1521-495x400.jpg\" title='' alt='' srcset=\"https:\/\/frigotec.de\/wp-content\/uploads\/2020\/03\/8M3O1521-495x400.jpg 495w, https:\/\/frigotec.de\/wp-content\/uploads\/2020\/03\/8M3O1521-845x684.jpg 845w\" sizes=\"auto, (max-width: 495px) 100vw, 495px\" \/><\/div><\/a><a href=\"https:\/\/frigotec.de\/wp-content\/uploads\/2020\/03\/DSC_2857-687x1030.jpg\" data-srcset=\"https:\/\/frigotec.de\/wp-content\/uploads\/2020\/03\/DSC_2857-687x1030.jpg 687w, https:\/\/frigotec.de\/wp-content\/uploads\/2020\/03\/DSC_2857-200x300.jpg 200w, https:\/\/frigotec.de\/wp-content\/uploads\/2020\/03\/DSC_2857-768x1152.jpg 768w, https:\/\/frigotec.de\/wp-content\/uploads\/2020\/03\/DSC_2857-1000x1500.jpg 1000w, https:\/\/frigotec.de\/wp-content\/uploads\/2020\/03\/DSC_2857-470x705.jpg 470w, https:\/\/frigotec.de\/wp-content\/uploads\/2020\/03\/DSC_2857-450x675.jpg 450w\" data-sizes=\"(max-width: 687px) 100vw, 687px\" data-rel='gallery-1' data-prev-img='https:\/\/frigotec.de\/wp-content\/uploads\/2020\/03\/DSC_2857-495x400.jpg' class='lightbox ' data-onclick='8' title=''  itemprop=\"thumbnailUrl\"  ><img decoding=\"async\" class=\"wp-image-1917 avia-img-lazy-loading-not-1917\"   src=\"https:\/\/frigotec.de\/wp-content\/uploads\/2020\/03\/DSC_2857-495x400.jpg\" width=\"495\" height=\"400\"  title='' alt='' srcset=\"https:\/\/frigotec.de\/wp-content\/uploads\/2020\/03\/DSC_2857-495x400.jpg 495w, https:\/\/frigotec.de\/wp-content\/uploads\/2020\/03\/DSC_2857-845x684.jpg 845w\" sizes=\"(max-width: 495px) 100vw, 495px\" \/><div class='big-prev-fake'><img loading=\"lazy\" decoding=\"async\" class=\"wp-image-1917 avia-img-lazy-loading-1917\"  width=\"495\" height=\"400\" src=\"https:\/\/frigotec.de\/wp-content\/uploads\/2020\/03\/DSC_2857-495x400.jpg\" title='' alt='' srcset=\"https:\/\/frigotec.de\/wp-content\/uploads\/2020\/03\/DSC_2857-495x400.jpg 495w, https:\/\/frigotec.de\/wp-content\/uploads\/2020\/03\/DSC_2857-845x684.jpg 845w\" sizes=\"auto, (max-width: 495px) 100vw, 495px\" \/><\/div><\/a><\/div><\/div>\n","protected":false},"excerpt":{"rendered":"","protected":false},"author":1,"featured_media":0,"parent":611,"menu_order":0,"comment_status":"open","ping_status":"closed","template":"","meta":{"footnotes":""},"class_list":["post-623","page","type-page","status-publish","hentry"],"_links":{"self":[{"href":"https:\/\/frigotec.de\/en\/wp-json\/wp\/v2\/pages\/623","targetHints":{"allow":["GET"]}}],"collection":[{"href":"https:\/\/frigotec.de\/en\/wp-json\/wp\/v2\/pages"}],"about":[{"href":"https:\/\/frigotec.de\/en\/wp-json\/wp\/v2\/types\/page"}],"author":[{"embeddable":true,"href":"https:\/\/frigotec.de\/en\/wp-json\/wp\/v2\/users\/1"}],"replies":[{"embeddable":true,"href":"https:\/\/frigotec.de\/en\/wp-json\/wp\/v2\/comments?post=623"}],"version-history":[{"count":7,"href":"https:\/\/frigotec.de\/en\/wp-json\/wp\/v2\/pages\/623\/revisions"}],"predecessor-version":[{"id":1929,"href":"https:\/\/frigotec.de\/en\/wp-json\/wp\/v2\/pages\/623\/revisions\/1929"}],"up":[{"embeddable":true,"href":"https:\/\/frigotec.de\/en\/wp-json\/wp\/v2\/pages\/611"}],"wp:attachment":[{"href":"https:\/\/frigotec.de\/en\/wp-json\/wp\/v2\/media?parent=623"}],"curies":[{"name":"wp","href":"https:\/\/api.w.org\/{rel}","templated":true}]}}