{"id":1004,"date":"2017-02-15T11:21:05","date_gmt":"2017-02-15T10:21:05","guid":{"rendered":"http:\/\/relaunch.frigotec.de\/?page_id=1004\/"},"modified":"2017-03-17T14:17:16","modified_gmt":"2017-03-17T13:17:16","slug":"firma","status":"publish","type":"page","link":"https:\/\/frigotec.de\/pl\/firma\/","title":{"rendered":"Firma"},"content":{"rendered":"<div id='av_section_1'  class='avia-section av-av_section-f5416f04ad720a2c47933a0c3c5c9f4d main_color avia-section-no-padding avia-no-border-styling  avia-builder-el-0  el_before_av_one_full  avia-builder-el-first  avia-bg-style-scroll container_wrap sidebar_right'  ><div class='container av-section-cont-open' ><main  role=\"main\" itemprop=\"mainContentOfPage\"  class='template-page content  av-content-small alpha units'><div class='post-entry post-entry-type-page post-entry-1004'><div class='entry-content-wrapper clearfix'>\n\n\n<style type=\"text\/css\" data-created_by=\"avia_inline_auto\" id=\"style-css-av-av_hr-0688d0b0b6ed2f8b057db7a8270206df\">\n#top .hr.hr-invisible.av-av_hr-0688d0b0b6ed2f8b057db7a8270206df{\nheight:50px;\n}\n<\/style>\n<div  class='hr av-av_hr-0688d0b0b6ed2f8b057db7a8270206df hr-invisible  avia-builder-el-2  el_after_av_codeblock  avia-builder-el-last '><span class='hr-inner '><span class=\"hr-inner-style\"><\/span><\/span><\/div>\n<\/div><\/div><\/main><!-- close content main element --><\/div><\/div><div id='after_section_1'  class='main_color av_default_container_wrap container_wrap sidebar_right'  ><div class='container av-section-cont-open' ><div class='template-page content  av-content-small alpha units'><div class='post-entry post-entry-type-page post-entry-1004'><div class='entry-content-wrapper clearfix'>\n<style type=\"text\/css\" data-created_by=\"avia_inline_auto\" id=\"style-css-av-av_one_full-6126cab7d8fab8d08143dd2dacdf673c\">\n.flex_column.av-av_one_full-6126cab7d8fab8d08143dd2dacdf673c{\nborder-radius:0px 0px 0px 0px;\npadding:0px 0px 0px 0px;\n}\n<\/style>\n<div  class='flex_column av-av_one_full-6126cab7d8fab8d08143dd2dacdf673c av_one_full  avia-builder-el-3  el_after_av_section  avia-builder-el-no-sibling  first flex_column_div av-zero-column-padding  '     ><p>\n<style type=\"text\/css\" data-created_by=\"avia_inline_auto\" id=\"style-css-av-av_heading-3813aab8b682dcc3ece1d6a9eb76e26b\">\n#top .av-special-heading.av-av_heading-3813aab8b682dcc3ece1d6a9eb76e26b{\npadding-bottom:10px;\n}\nbody .av-special-heading.av-av_heading-3813aab8b682dcc3ece1d6a9eb76e26b .av-special-heading-tag .heading-char{\nfont-size:25px;\n}\n.av-special-heading.av-av_heading-3813aab8b682dcc3ece1d6a9eb76e26b .av-subheading{\nfont-size:15px;\n}\n<\/style>\n<div  class='av-special-heading av-av_heading-3813aab8b682dcc3ece1d6a9eb76e26b av-special-heading-h1 blockquote modern-quote  avia-builder-el-4  el_before_av_hr  avia-builder-el-first '><h1 class='av-special-heading-tag'  itemprop=\"headline\"  >Firma<\/h1><div class=\"special-heading-border\"><div class=\"special-heading-inner-border\"><\/div><\/div><\/div><br \/>\n\n<style type=\"text\/css\" data-created_by=\"avia_inline_auto\" id=\"style-css-av-av_hr-0688d0b0b6ed2f8b057db7a8270206df\">\n#top .hr.hr-invisible.av-av_hr-0688d0b0b6ed2f8b057db7a8270206df{\nheight:50px;\n}\n<\/style>\n<div  class='hr av-av_hr-0688d0b0b6ed2f8b057db7a8270206df hr-invisible  avia-builder-el-5  el_after_av_heading  el_before_av_textblock '><span class='hr-inner '><span class=\"hr-inner-style\"><\/span><\/span><\/div><br \/>\n<section  class='av_textblock_section av-av_textblock-0366cc7376be6c9e82a3e9cc8987b64f '   itemscope=\"itemscope\" itemtype=\"https:\/\/schema.org\/CreativeWork\" ><div class='avia_textblock'  itemprop=\"text\" ><h3>Klimat skrojony na miar\u0119 od 1991 roku<\/h3>\n<p>Jako specjalista w dziedzinie ch\u0142odzenia i przechowywania \u015bwie\u017cych produkt\u00f3w firma Frigotec GmbH z Landsberga od 1991 roku projektuje, wykonuje i instaluje urz\u0105dzenia ch\u0142odnicze w najr\u00f3\u017cniejszych wariantach &#8211; od prostych standardowych urz\u0105dze\u0144 ch\u0142odniczych po instalacje specjalne o zakresach w megawat\u00f3w. Do grona naszych klient\u00f3w zaliczaj\u0105 si\u0119 zak\u0142ady producent\u00f3w i sp\u00f3\u0142dzielnie a tak\u017ce du\u017ce hurtownie i koncerny handlowe w Niemczech i zagranic\u0105.<\/p>\n<h3>Know-How lidera na rynku<\/h3>\n<p>Wyspecjalizowali\u015bmy si\u0119 w obszarze \u015bwie\u017cej \u017cywno\u015bci. Pozycj\u0119 lidera technologii i rynku wypracowali\u015bmy sobie zw\u0142aszcza w dziedzinie handlu owocami w obszarze przechowywania kr\u00f3tko- i d\u0142ugoterminowego a tak\u017ce w technologii dojrzewania banan\u00f3w.<br \/>\nNasza oferta jest kompleksowa i obejmuje projektowanie, wykonanie i instalacj\u0119 takich urz\u0105dze\u0144 jak:<\/p>\n<\/div><\/section><br \/>\n\n<style type=\"text\/css\" data-created_by=\"avia_inline_auto\" id=\"style-css-av-av_hr-5ea7596238ed9f191e6b5e662093052f\">\n#top .hr.hr-invisible.av-av_hr-5ea7596238ed9f191e6b5e662093052f{\nheight:30px;\n}\n<\/style>\n<div  class='hr av-av_hr-5ea7596238ed9f191e6b5e662093052f hr-invisible  avia-builder-el-7  el_after_av_textblock  el_before_av_textblock '><span class='hr-inner '><span class=\"hr-inner-style\"><\/span><\/span><\/div><br \/>\n<section  class='av_textblock_section av-av_textblock-0366cc7376be6c9e82a3e9cc8987b64f '   itemscope=\"itemscope\" itemtype=\"https:\/\/schema.org\/CreativeWork\" ><div class='avia_textblock'  itemprop=\"text\" ><ul>\n<li>\n<h5><strong>Ch\u0142odnie prze\u0142adunkowe do \u017cywno\u015bci<\/strong><\/h5>\n<h5><\/h5>\n<\/li>\n<li>\n<h5><strong>Pomieszczenia do d\u0142ugoterminowego przechowywania \u0142atwo psuj\u0105cych si\u0119 produkt\u00f3w w warunkach KA\/ ULO<\/strong><\/h5>\n<h5><\/h5>\n<\/li>\n<li>\n<h5><strong>Dojrzewalnie<\/strong><\/h5>\n<h5><\/h5>\n<\/li>\n<li>\n<h5><strong>Systemy szybkiego sch\u0142adzania<\/strong><\/h5>\n<h5><\/h5>\n<\/li>\n<li>\n<h5><strong>Mro\u017anie<\/strong><\/h5>\n<h5><\/h5>\n<\/li>\n<li>\n<h5><strong>Obszary klimatyzowane<\/strong><\/h5>\n<h5><\/h5>\n<\/li>\n<li>\n<h5><strong>Komory klimatyczne do bada\u0144, rozwoju i do\u015bwiadcze\u0144<\/strong><\/h5>\n<h5><\/h5>\n<\/li>\n<li>\n<h5><strong>Klimatyzacja pomieszcze\u0144 biurowych<\/strong><\/h5>\n<h5><\/h5>\n<\/li>\n<li>\n<h5><strong>Elektroniczne sterowanie specjalne<\/strong><\/h5>\n<h5><\/h5>\n<\/li>\n<li>\n<h5><strong>Urz\u0105dzenia rozdzielcze i sterownicze<\/strong><\/h5>\n<\/li>\n<\/ul>\n<\/div><\/section><br \/>\n\n<style type=\"text\/css\" data-created_by=\"avia_inline_auto\" id=\"style-css-av-av_hr-5ea7596238ed9f191e6b5e662093052f\">\n#top .hr.hr-invisible.av-av_hr-5ea7596238ed9f191e6b5e662093052f{\nheight:30px;\n}\n<\/style>\n<div  class='hr av-av_hr-5ea7596238ed9f191e6b5e662093052f hr-invisible  avia-builder-el-9  el_after_av_textblock  el_before_av_textblock '><span class='hr-inner '><span class=\"hr-inner-style\"><\/span><\/span><\/div><br \/>\n<section  class='av_textblock_section av-av_textblock-0366cc7376be6c9e82a3e9cc8987b64f '   itemscope=\"itemscope\" itemtype=\"https:\/\/schema.org\/CreativeWork\" ><div class='avia_textblock'  itemprop=\"text\" ><h3>Niezawodne, chroni\u0105ce produkty i energooszcz\u0119dne<\/h3>\n<p>W celu uzyskania szczeg\u00f3lnie wysokiej niezawodno\u015bci naszych urz\u0105dze\u0144 projektujemy je zasadniczo indywidualnie dla ka\u017cdego klienta. Zwracamy przy tym uwag\u0119 na to, aby niezawodnie spe\u0142nia\u0142y swoj\u0105 rol\u0119 r\u00f3wnie\u017c przy du\u017cych obci\u0105\u017ceniach &#8211; na przyk\u0142ad przy pe\u0142nym obci\u0105\u017ceniu w \u015brodku lata. Dzi\u0119ki zastosowaniu szczeg\u00f3lnie solidnych i jednocze\u015bnie innowacyjnych komponent\u00f3w zapewniamy ponadto, \u017ce nasze urz\u0105dzenia s\u0105 maksymalnie wydajne, energooszcz\u0119dne i przyjazne dla \u015brodowiska.<\/p>\n<p>Tak\u017ce po zako\u0144czeniu instalacji jeste\u015bmy ca\u0142y czas do dyspozycji naszych klient\u00f3w. Je\u015bli rzeczywi\u015bcie dojdzie do jakiej\u015b usterki, nasi technicy s\u0105 do dyspozycji ca\u0142\u0105 dob\u0119 i rozwi\u0105zuj\u0105 problem bezpo\u015brednio telefonicznie na infolinii, poprzez sterowanie online oraz z pomoc\u0105 partnera serwisowego na miejscu.<\/p>\n<p>Ch\u0119tnie zaprojektujemy i wykonamy ekonomiczne rozwi\u0105zanie na miar\u0119 r\u00f3wnie\u017c dla Pa\u0144stwa.<\/p>\n<h4>Porozmawiajmy o tym! Czekamy z rado\u015bci\u0105.<\/h4>\n<\/div><\/section><\/p><\/div><\/p>\n<section  class='av_textblock_section av-av_textblock-0366cc7376be6c9e82a3e9cc8987b64f '   itemscope=\"itemscope\" itemtype=\"https:\/\/schema.org\/CreativeWork\" ><div class='avia_textblock'  itemprop=\"text\" ><\/div><\/section>\n","protected":false},"excerpt":{"rendered":"","protected":false},"author":1,"featured_media":0,"parent":0,"menu_order":0,"comment_status":"closed","ping_status":"closed","template":"","meta":{"footnotes":""},"class_list":["post-1004","page","type-page","status-publish","hentry"],"_links":{"self":[{"href":"https:\/\/frigotec.de\/pl\/wp-json\/wp\/v2\/pages\/1004","targetHints":{"allow":["GET"]}}],"collection":[{"href":"https:\/\/frigotec.de\/pl\/wp-json\/wp\/v2\/pages"}],"about":[{"href":"https:\/\/frigotec.de\/pl\/wp-json\/wp\/v2\/types\/page"}],"author":[{"embeddable":true,"href":"https:\/\/frigotec.de\/pl\/wp-json\/wp\/v2\/users\/1"}],"replies":[{"embeddable":true,"href":"https:\/\/frigotec.de\/pl\/wp-json\/wp\/v2\/comments?post=1004"}],"version-history":[{"count":4,"href":"https:\/\/frigotec.de\/pl\/wp-json\/wp\/v2\/pages\/1004\/revisions"}],"predecessor-version":[{"id":1191,"href":"https:\/\/frigotec.de\/pl\/wp-json\/wp\/v2\/pages\/1004\/revisions\/1191"}],"wp:attachment":[{"href":"https:\/\/frigotec.de\/pl\/wp-json\/wp\/v2\/media?parent=1004"}],"curies":[{"name":"wp","href":"https:\/\/api.w.org\/{rel}","templated":true}]}}