{"id":789,"date":"2017-02-14T11:44:44","date_gmt":"2017-02-14T10:44:44","guid":{"rendered":"http:\/\/relaunch.frigotec.de\/?page_id=789\/"},"modified":"2020-03-02T15:48:31","modified_gmt":"2020-03-02T14:48:31","slug":"dojrzewalnie_bananow","status":"publish","type":"page","link":"https:\/\/frigotec.de\/pl\/systemy_schladzania_i_przechowywania\/dojrzewalnie_bananow\/","title":{"rendered":"Dojrzewalnie banan\u00f3w"},"content":{"rendered":"<div id='av_section_1'  class='avia-section av-av_section-f5416f04ad720a2c47933a0c3c5c9f4d main_color avia-section-no-padding avia-no-border-styling  avia-builder-el-0  el_before_av_heading  avia-builder-el-first  avia-bg-style-scroll container_wrap sidebar_right'  ><div class='container av-section-cont-open' ><main  role=\"main\" itemprop=\"mainContentOfPage\"  class='template-page content  av-content-small alpha units'><div class='post-entry post-entry-type-page post-entry-789'><div class='entry-content-wrapper clearfix'>\n\n\n<style type=\"text\/css\" data-created_by=\"avia_inline_auto\" id=\"style-css-av-av_hr-0688d0b0b6ed2f8b057db7a8270206df\">\n#top .hr.hr-invisible.av-av_hr-0688d0b0b6ed2f8b057db7a8270206df{\nheight:50px;\n}\n<\/style>\n<div  class='hr av-av_hr-0688d0b0b6ed2f8b057db7a8270206df hr-invisible  avia-builder-el-2  el_after_av_codeblock  avia-builder-el-last '><span class='hr-inner '><span class=\"hr-inner-style\"><\/span><\/span><\/div>\n<\/div><\/div><\/main><!-- close content main element --><\/div><\/div><div id='after_section_1'  class='main_color av_default_container_wrap container_wrap sidebar_right'  ><div class='container av-section-cont-open' ><div class='template-page content  av-content-small alpha units'><div class='post-entry post-entry-type-page post-entry-789'><div class='entry-content-wrapper clearfix'>\n\n<style type=\"text\/css\" data-created_by=\"avia_inline_auto\" id=\"style-css-av-av_heading-580668fcf0a274c9ee638fa814c008ad\">\n#top .av-special-heading.av-av_heading-580668fcf0a274c9ee638fa814c008ad{\npadding-bottom:20px;\ncolor:#000000;\n}\nbody .av-special-heading.av-av_heading-580668fcf0a274c9ee638fa814c008ad .av-special-heading-tag .heading-char{\nfont-size:25px;\n}\n.av-special-heading.av-av_heading-580668fcf0a274c9ee638fa814c008ad .special-heading-inner-border{\nborder-color:#000000;\n}\n.av-special-heading.av-av_heading-580668fcf0a274c9ee638fa814c008ad .av-subheading{\nfont-size:15px;\n}\n<\/style>\n<div  class='av-special-heading av-av_heading-580668fcf0a274c9ee638fa814c008ad av-special-heading-h1 custom-color-heading blockquote modern-quote  avia-builder-el-3  el_after_av_section  el_before_av_textblock  avia-builder-el-first '><h1 class='av-special-heading-tag'  itemprop=\"headline\"  >Dojrzewalnie banan\u00f3w<\/h1><div class=\"special-heading-border\"><div class=\"special-heading-inner-border\"><\/div><\/div><\/div>\n<section  class='av_textblock_section av-av_textblock-0366cc7376be6c9e82a3e9cc8987b64f '   itemscope=\"itemscope\" itemtype=\"https:\/\/schema.org\/CreativeWork\" ><div class='avia_textblock'  itemprop=\"text\" ><p>Przewo\u017cenie banan\u00f3w z optymalnym stopniem dojrzewania z kraju, w kt\u00f3rym zosta\u0142y zerwane, do konsumenta bez techniki ch\u0142odzenia i przechowywania jest nie do pomy\u015blenia. Urz\u0105dzenia do dojrzewania banan\u00f3w dbaj\u0105 o to, aby owoce r\u00f3wnomiernie dojrzewa\u0142y do wybranego poziomu.<\/p>\n<h3>Urz\u0105dzenia do dojrzewania banan\u00f3w Premium od lidera na rynku<\/h3>\n<p>Wieloletnie do\u015bwiadczenie i wysokie wymagania jako\u015bciowe sprawi\u0142y, \u017ce stali\u015bmy si\u0119 liderem na rynku w zakresie technologii dojrzewania banan\u00f3w. Cechy odznaczaj\u0105ce nasze systemy:<\/p>\n<\/div><\/section>\n\n<style type=\"text\/css\" data-created_by=\"avia_inline_auto\" id=\"style-css-av-av_hr-5ea7596238ed9f191e6b5e662093052f\">\n#top .hr.hr-invisible.av-av_hr-5ea7596238ed9f191e6b5e662093052f{\nheight:30px;\n}\n<\/style>\n<div  class='hr av-av_hr-5ea7596238ed9f191e6b5e662093052f hr-invisible  avia-builder-el-5  el_after_av_textblock  el_before_av_textblock '><span class='hr-inner '><span class=\"hr-inner-style\"><\/span><\/span><\/div>\n\n<style type=\"text\/css\" data-created_by=\"avia_inline_auto\" id=\"style-css-av-av_textblock-3f008d4841a0d74f58000eac3799ce5d\">\n#top .av_textblock_section.av-av_textblock-3f008d4841a0d74f58000eac3799ce5d .avia_textblock{\ncolor:#05205c;\n}\n<\/style>\n<section  class='av_textblock_section av-av_textblock-3f008d4841a0d74f58000eac3799ce5d '   itemscope=\"itemscope\" itemtype=\"https:\/\/schema.org\/CreativeWork\" ><div class='avia_textblock av_inherit_color'  itemprop=\"text\" ><ul>\n<li>\n<h5><strong>oszcz\u0119dne i absolutnie r\u00f3wnomierne dojrzewanie<\/strong><\/h5>\n<\/li>\n<li>\n<h5><strong>niezawodne i precyzyjne sterowanie atmosfer\u0105 i etylenem<\/strong><\/h5>\n<\/li>\n<li>\n<h5><strong>solidna i wytrzyma\u0142a konstrukcja<\/strong><\/h5>\n<\/li>\n<li>\n<h5><strong>przyjazno\u015b\u0107 dla \u015brodowiska i efektywno\u015b\u0107 energetyczna<\/strong><\/h5>\n<\/li>\n<\/ul>\n<\/div><\/section>\n\n<style type=\"text\/css\" data-created_by=\"avia_inline_auto\" id=\"style-css-av-av_hr-5ea7596238ed9f191e6b5e662093052f\">\n#top .hr.hr-invisible.av-av_hr-5ea7596238ed9f191e6b5e662093052f{\nheight:30px;\n}\n<\/style>\n<div  class='hr av-av_hr-5ea7596238ed9f191e6b5e662093052f hr-invisible  avia-builder-el-7  el_after_av_textblock  el_before_av_textblock '><span class='hr-inner '><span class=\"hr-inner-style\"><\/span><\/span><\/div>\n<section  class='av_textblock_section av-av_textblock-0366cc7376be6c9e82a3e9cc8987b64f '   itemscope=\"itemscope\" itemtype=\"https:\/\/schema.org\/CreativeWork\" ><div class='avia_textblock'  itemprop=\"text\" ><h3>R\u00f3\u017cnorodno\u015b\u0107 na wymiar<\/h3>\n<p>Ka\u017cd\u0105 nasz\u0105 instalacj\u0119 do dojrzewania banan\u00f3w planujemy i projektujemy stosownie do indywidualnych wymaga\u0144 naszych klient\u00f3w. Ca\u0142kowicie zale\u017cnie od Pa\u0144stwa wymaga\u0144 stosujemy:<\/p>\n<\/div><\/section>\n\n<style type=\"text\/css\" data-created_by=\"avia_inline_auto\" id=\"style-css-av-av_hr-5ea7596238ed9f191e6b5e662093052f\">\n#top .hr.hr-invisible.av-av_hr-5ea7596238ed9f191e6b5e662093052f{\nheight:30px;\n}\n<\/style>\n<div  class='hr av-av_hr-5ea7596238ed9f191e6b5e662093052f hr-invisible  avia-builder-el-9  el_after_av_textblock  el_before_av_textblock '><span class='hr-inner '><span class=\"hr-inner-style\"><\/span><\/span><\/div>\n\n<style type=\"text\/css\" data-created_by=\"avia_inline_auto\" id=\"style-css-av-av_textblock-3f008d4841a0d74f58000eac3799ce5d\">\n#top .av_textblock_section.av-av_textblock-3f008d4841a0d74f58000eac3799ce5d .avia_textblock{\ncolor:#05205c;\n}\n<\/style>\n<section  class='av_textblock_section av-av_textblock-3f008d4841a0d74f58000eac3799ce5d '   itemscope=\"itemscope\" itemtype=\"https:\/\/schema.org\/CreativeWork\" ><div class='avia_textblock av_inherit_color'  itemprop=\"text\" ><ul>\n<li>\n<h5><strong>komory jedno-, dwu- lub trzypoziomowe z poduszk\u0105 powietrzn\u0105, zas\u0142on\u0105 i os\u0142on\u0105<\/strong><\/h5>\n<\/li>\n<li>\n<h5><strong>w pe\u0142ni automatyczne nawil\u017canie powietrza<\/strong><\/h5>\n<\/li>\n<li>\n<h5><strong>standardowy czynnik ch\u0142odniczy (R134a), propan (R290) lub amoniak (R717)<\/strong><\/h5>\n<\/li>\n<li>\n<h5><strong>nasz w\u0142asny system sterowania dojrzewaniem BANAMAT<\/strong><\/h5>\n<\/li>\n<\/ul>\n<\/div><\/section>\n\n<style type=\"text\/css\" data-created_by=\"avia_inline_auto\" id=\"style-css-av-av_hr-5ea7596238ed9f191e6b5e662093052f\">\n#top .hr.hr-invisible.av-av_hr-5ea7596238ed9f191e6b5e662093052f{\nheight:30px;\n}\n<\/style>\n<div  class='hr av-av_hr-5ea7596238ed9f191e6b5e662093052f hr-invisible  avia-builder-el-11  el_after_av_textblock  el_before_av_textblock '><span class='hr-inner '><span class=\"hr-inner-style\"><\/span><\/span><\/div>\n<section  class='av_textblock_section av-av_textblock-0366cc7376be6c9e82a3e9cc8987b64f '   itemscope=\"itemscope\" itemtype=\"https:\/\/schema.org\/CreativeWork\" ><div class='avia_textblock'  itemprop=\"text\" ><p>Ch\u0119tnie zaprojektujemy odpowiednie rozwi\u0105zanie r\u00f3wnie\u017c dla Pa\u0144stwa zak\u0142adu stosownie do Pa\u0144stwa potrzeb. Porozmawiajmy o tym!<\/p>\n<\/div><\/section>\n\n<style type=\"text\/css\" data-created_by=\"avia_inline_auto\" id=\"style-css-av-k7agi32w-caeff9ac72132db55efae160da10fe45\">\n#top .avia-gallery.av-k7agi32w-caeff9ac72132db55efae160da10fe45 .avia-gallery-thumb a{\nwidth:25%;\n}\n<\/style>\n<div  class='avia-gallery av-k7agi32w-caeff9ac72132db55efae160da10fe45 avia_animate_when_visible  avia-builder-el-13  el_after_av_textblock  avia-builder-el-last  animations_off avia-gallery-1'  itemprop=\"image\" itemscope=\"itemscope\" itemtype=\"https:\/\/schema.org\/ImageObject\" ><meta itemprop=\"contentURL\" content=\"https:\/\/frigotec.de\/pl\/systemy_schladzania_i_przechowywania\/dojrzewalnie_bananow\/\"><div class='avia-gallery-thumb'><a href=\"https:\/\/frigotec.de\/wp-content\/uploads\/2020\/03\/IMG_0221.jpg\" data-srcset=\"https:\/\/frigotec.de\/wp-content\/uploads\/2020\/03\/IMG_0221.jpg 728w, https:\/\/frigotec.de\/wp-content\/uploads\/2020\/03\/IMG_0221-300x202.jpg 300w, https:\/\/frigotec.de\/wp-content\/uploads\/2020\/03\/IMG_0221-705x475.jpg 705w, https:\/\/frigotec.de\/wp-content\/uploads\/2020\/03\/IMG_0221-450x304.jpg 450w\" data-sizes=\"(max-width: 728px) 100vw, 728px\" data-rel='gallery-1' data-prev-img='https:\/\/frigotec.de\/wp-content\/uploads\/2020\/03\/IMG_0221-495x400.jpg' class='first_thumb lightbox ' data-onclick='1' title=''  itemprop=\"thumbnailUrl\"  ><img decoding=\"async\" class=\"wp-image-1573 avia-img-lazy-loading-not-1573\"   src=\"https:\/\/frigotec.de\/wp-content\/uploads\/2020\/03\/IMG_0221-495x400.jpg\" width=\"495\" height=\"400\"  title='' alt='' \/><div class='big-prev-fake'><img loading=\"lazy\" decoding=\"async\" class=\"wp-image-1573 avia-img-lazy-loading-1573\"  width=\"495\" height=\"400\" src=\"https:\/\/frigotec.de\/wp-content\/uploads\/2020\/03\/IMG_0221-495x400.jpg\" title='' alt='' \/><\/div><\/a><a href=\"https:\/\/frigotec.de\/wp-content\/uploads\/2020\/03\/8M3O5155-687x1030.jpg\" data-srcset=\"https:\/\/frigotec.de\/wp-content\/uploads\/2020\/03\/8M3O5155-687x1030.jpg 687w, https:\/\/frigotec.de\/wp-content\/uploads\/2020\/03\/8M3O5155-200x300.jpg 200w, https:\/\/frigotec.de\/wp-content\/uploads\/2020\/03\/8M3O5155-768x1152.jpg 768w, https:\/\/frigotec.de\/wp-content\/uploads\/2020\/03\/8M3O5155-1000x1500.jpg 1000w, https:\/\/frigotec.de\/wp-content\/uploads\/2020\/03\/8M3O5155-470x705.jpg 470w, https:\/\/frigotec.de\/wp-content\/uploads\/2020\/03\/8M3O5155-450x675.jpg 450w\" data-sizes=\"(max-width: 687px) 100vw, 687px\" data-rel='gallery-1' data-prev-img='https:\/\/frigotec.de\/wp-content\/uploads\/2020\/03\/8M3O5155-495x400.jpg' class='lightbox ' data-onclick='2' title=''  itemprop=\"thumbnailUrl\"  ><img decoding=\"async\" class=\"wp-image-1577 avia-img-lazy-loading-not-1577\"   src=\"https:\/\/frigotec.de\/wp-content\/uploads\/2020\/03\/8M3O5155-495x400.jpg\" width=\"495\" height=\"400\"  title='' alt='' srcset=\"https:\/\/frigotec.de\/wp-content\/uploads\/2020\/03\/8M3O5155-495x400.jpg 495w, https:\/\/frigotec.de\/wp-content\/uploads\/2020\/03\/8M3O5155-845x684.jpg 845w\" sizes=\"(max-width: 495px) 100vw, 495px\" \/><div class='big-prev-fake'><img loading=\"lazy\" decoding=\"async\" class=\"wp-image-1577 avia-img-lazy-loading-1577\"  width=\"495\" height=\"400\" src=\"https:\/\/frigotec.de\/wp-content\/uploads\/2020\/03\/8M3O5155-495x400.jpg\" title='' alt='' srcset=\"https:\/\/frigotec.de\/wp-content\/uploads\/2020\/03\/8M3O5155-495x400.jpg 495w, https:\/\/frigotec.de\/wp-content\/uploads\/2020\/03\/8M3O5155-845x684.jpg 845w\" sizes=\"auto, (max-width: 495px) 100vw, 495px\" \/><\/div><\/a><a href=\"https:\/\/frigotec.de\/wp-content\/uploads\/2020\/03\/IMG_0384.jpg\" data-srcset=\"https:\/\/frigotec.de\/wp-content\/uploads\/2020\/03\/IMG_0384.jpg 728w, https:\/\/frigotec.de\/wp-content\/uploads\/2020\/03\/IMG_0384-300x200.jpg 300w, https:\/\/frigotec.de\/wp-content\/uploads\/2020\/03\/IMG_0384-705x471.jpg 705w, https:\/\/frigotec.de\/wp-content\/uploads\/2020\/03\/IMG_0384-450x300.jpg 450w\" data-sizes=\"(max-width: 728px) 100vw, 728px\" data-rel='gallery-1' data-prev-img='https:\/\/frigotec.de\/wp-content\/uploads\/2020\/03\/IMG_0384-495x400.jpg' class='lightbox ' data-onclick='3' title=''  itemprop=\"thumbnailUrl\"  ><img decoding=\"async\" class=\"wp-image-1593 avia-img-lazy-loading-not-1593\"   src=\"https:\/\/frigotec.de\/wp-content\/uploads\/2020\/03\/IMG_0384-495x400.jpg\" width=\"495\" height=\"400\"  title='' alt='' \/><div class='big-prev-fake'><img loading=\"lazy\" decoding=\"async\" class=\"wp-image-1593 avia-img-lazy-loading-1593\"  width=\"495\" height=\"400\" src=\"https:\/\/frigotec.de\/wp-content\/uploads\/2020\/03\/IMG_0384-495x400.jpg\" title='' alt='' \/><\/div><\/a><a href=\"https:\/\/frigotec.de\/wp-content\/uploads\/2020\/03\/Design-ohne-Titel-2-1030x686.png\" data-srcset=\"https:\/\/frigotec.de\/wp-content\/uploads\/2020\/03\/Design-ohne-Titel-2-1030x686.png 1030w, https:\/\/frigotec.de\/wp-content\/uploads\/2020\/03\/Design-ohne-Titel-2-300x200.png 300w, https:\/\/frigotec.de\/wp-content\/uploads\/2020\/03\/Design-ohne-Titel-2-768x512.png 768w, https:\/\/frigotec.de\/wp-content\/uploads\/2020\/03\/Design-ohne-Titel-2-1500x1000.png 1500w, https:\/\/frigotec.de\/wp-content\/uploads\/2020\/03\/Design-ohne-Titel-2-705x470.png 705w, https:\/\/frigotec.de\/wp-content\/uploads\/2020\/03\/Design-ohne-Titel-2-450x300.png 450w, https:\/\/frigotec.de\/wp-content\/uploads\/2020\/03\/Design-ohne-Titel-2.png 1772w\" data-sizes=\"(max-width: 1030px) 100vw, 1030px\" data-rel='gallery-1' data-prev-img='https:\/\/frigotec.de\/wp-content\/uploads\/2020\/03\/Design-ohne-Titel-2-495x400.png' class='lightbox ' data-onclick='4' title=''  itemprop=\"thumbnailUrl\"  ><img decoding=\"async\" class=\"wp-image-1673 avia-img-lazy-loading-not-1673\"   src=\"https:\/\/frigotec.de\/wp-content\/uploads\/2020\/03\/Design-ohne-Titel-2-495x400.png\" width=\"495\" height=\"400\"  title='' alt='' srcset=\"https:\/\/frigotec.de\/wp-content\/uploads\/2020\/03\/Design-ohne-Titel-2-495x400.png 495w, https:\/\/frigotec.de\/wp-content\/uploads\/2020\/03\/Design-ohne-Titel-2-845x684.png 845w\" sizes=\"(max-width: 495px) 100vw, 495px\" \/><div class='big-prev-fake'><img loading=\"lazy\" decoding=\"async\" class=\"wp-image-1673 avia-img-lazy-loading-1673\"  width=\"495\" height=\"400\" src=\"https:\/\/frigotec.de\/wp-content\/uploads\/2020\/03\/Design-ohne-Titel-2-495x400.png\" title='' alt='' srcset=\"https:\/\/frigotec.de\/wp-content\/uploads\/2020\/03\/Design-ohne-Titel-2-495x400.png 495w, https:\/\/frigotec.de\/wp-content\/uploads\/2020\/03\/Design-ohne-Titel-2-845x684.png 845w\" sizes=\"auto, (max-width: 495px) 100vw, 495px\" \/><\/div><\/a><a href=\"https:\/\/frigotec.de\/wp-content\/uploads\/2020\/03\/DSC_0310-1030x685.jpg\" data-srcset=\"https:\/\/frigotec.de\/wp-content\/uploads\/2020\/03\/DSC_0310-1030x685.jpg 1030w, https:\/\/frigotec.de\/wp-content\/uploads\/2020\/03\/DSC_0310-300x200.jpg 300w, https:\/\/frigotec.de\/wp-content\/uploads\/2020\/03\/DSC_0310-768x511.jpg 768w, https:\/\/frigotec.de\/wp-content\/uploads\/2020\/03\/DSC_0310-1500x998.jpg 1500w, https:\/\/frigotec.de\/wp-content\/uploads\/2020\/03\/DSC_0310-705x469.jpg 705w, https:\/\/frigotec.de\/wp-content\/uploads\/2020\/03\/DSC_0310-450x299.jpg 450w\" data-sizes=\"(max-width: 1030px) 100vw, 1030px\" data-rel='gallery-1' data-prev-img='https:\/\/frigotec.de\/wp-content\/uploads\/2020\/03\/DSC_0310-495x400.jpg' class='first_thumb lightbox ' data-onclick='5' title=''  itemprop=\"thumbnailUrl\"  ><img decoding=\"async\" class=\"wp-image-1605 avia-img-lazy-loading-not-1605\"   src=\"https:\/\/frigotec.de\/wp-content\/uploads\/2020\/03\/DSC_0310-495x400.jpg\" width=\"495\" height=\"400\"  title='' alt='' srcset=\"https:\/\/frigotec.de\/wp-content\/uploads\/2020\/03\/DSC_0310-495x400.jpg 495w, https:\/\/frigotec.de\/wp-content\/uploads\/2020\/03\/DSC_0310-845x684.jpg 845w\" sizes=\"(max-width: 495px) 100vw, 495px\" \/><div class='big-prev-fake'><img loading=\"lazy\" decoding=\"async\" class=\"wp-image-1605 avia-img-lazy-loading-1605\"  width=\"495\" height=\"400\" src=\"https:\/\/frigotec.de\/wp-content\/uploads\/2020\/03\/DSC_0310-495x400.jpg\" title='' alt='' srcset=\"https:\/\/frigotec.de\/wp-content\/uploads\/2020\/03\/DSC_0310-495x400.jpg 495w, https:\/\/frigotec.de\/wp-content\/uploads\/2020\/03\/DSC_0310-845x684.jpg 845w\" sizes=\"auto, (max-width: 495px) 100vw, 495px\" \/><\/div><\/a><a href=\"https:\/\/frigotec.de\/wp-content\/uploads\/2020\/03\/IMG_0383.jpg\" data-srcset=\"https:\/\/frigotec.de\/wp-content\/uploads\/2020\/03\/IMG_0383.jpg 728w, https:\/\/frigotec.de\/wp-content\/uploads\/2020\/03\/IMG_0383-300x200.jpg 300w, https:\/\/frigotec.de\/wp-content\/uploads\/2020\/03\/IMG_0383-705x471.jpg 705w, https:\/\/frigotec.de\/wp-content\/uploads\/2020\/03\/IMG_0383-450x300.jpg 450w\" data-sizes=\"(max-width: 728px) 100vw, 728px\" data-rel='gallery-1' data-prev-img='https:\/\/frigotec.de\/wp-content\/uploads\/2020\/03\/IMG_0383-495x400.jpg' class='lightbox ' data-onclick='6' title=''  itemprop=\"thumbnailUrl\"  ><img decoding=\"async\" class=\"wp-image-1585 avia-img-lazy-loading-not-1585\"   src=\"https:\/\/frigotec.de\/wp-content\/uploads\/2020\/03\/IMG_0383-495x400.jpg\" width=\"495\" height=\"400\"  title='' alt='' \/><div class='big-prev-fake'><img loading=\"lazy\" decoding=\"async\" class=\"wp-image-1585 avia-img-lazy-loading-1585\"  width=\"495\" height=\"400\" src=\"https:\/\/frigotec.de\/wp-content\/uploads\/2020\/03\/IMG_0383-495x400.jpg\" title='' alt='' \/><\/div><\/a><a href=\"https:\/\/frigotec.de\/wp-content\/uploads\/2020\/03\/DSC_0276-1030x685.jpg\" data-srcset=\"https:\/\/frigotec.de\/wp-content\/uploads\/2020\/03\/DSC_0276-1030x685.jpg 1030w, https:\/\/frigotec.de\/wp-content\/uploads\/2020\/03\/DSC_0276-300x200.jpg 300w, https:\/\/frigotec.de\/wp-content\/uploads\/2020\/03\/DSC_0276-768x511.jpg 768w, https:\/\/frigotec.de\/wp-content\/uploads\/2020\/03\/DSC_0276-1500x998.jpg 1500w, https:\/\/frigotec.de\/wp-content\/uploads\/2020\/03\/DSC_0276-705x469.jpg 705w, https:\/\/frigotec.de\/wp-content\/uploads\/2020\/03\/DSC_0276-450x299.jpg 450w\" data-sizes=\"(max-width: 1030px) 100vw, 1030px\" data-rel='gallery-1' data-prev-img='https:\/\/frigotec.de\/wp-content\/uploads\/2020\/03\/DSC_0276-495x400.jpg' class='lightbox ' data-onclick='7' title=''  itemprop=\"thumbnailUrl\"  ><img decoding=\"async\" class=\"wp-image-1669 avia-img-lazy-loading-not-1669\"   src=\"https:\/\/frigotec.de\/wp-content\/uploads\/2020\/03\/DSC_0276-495x400.jpg\" width=\"495\" height=\"400\"  title='' alt='' srcset=\"https:\/\/frigotec.de\/wp-content\/uploads\/2020\/03\/DSC_0276-495x400.jpg 495w, https:\/\/frigotec.de\/wp-content\/uploads\/2020\/03\/DSC_0276-845x684.jpg 845w\" sizes=\"(max-width: 495px) 100vw, 495px\" \/><div class='big-prev-fake'><img loading=\"lazy\" decoding=\"async\" class=\"wp-image-1669 avia-img-lazy-loading-1669\"  width=\"495\" height=\"400\" src=\"https:\/\/frigotec.de\/wp-content\/uploads\/2020\/03\/DSC_0276-495x400.jpg\" title='' alt='' srcset=\"https:\/\/frigotec.de\/wp-content\/uploads\/2020\/03\/DSC_0276-495x400.jpg 495w, https:\/\/frigotec.de\/wp-content\/uploads\/2020\/03\/DSC_0276-845x684.jpg 845w\" sizes=\"auto, (max-width: 495px) 100vw, 495px\" \/><\/div><\/a><a href=\"https:\/\/frigotec.de\/wp-content\/uploads\/2020\/03\/IMG_0283.jpg\" data-srcset=\"https:\/\/frigotec.de\/wp-content\/uploads\/2020\/03\/IMG_0283.jpg 728w, https:\/\/frigotec.de\/wp-content\/uploads\/2020\/03\/IMG_0283-300x237.jpg 300w, https:\/\/frigotec.de\/wp-content\/uploads\/2020\/03\/IMG_0283-705x556.jpg 705w, https:\/\/frigotec.de\/wp-content\/uploads\/2020\/03\/IMG_0283-450x355.jpg 450w\" data-sizes=\"(max-width: 728px) 100vw, 728px\" data-rel='gallery-1' data-prev-img='https:\/\/frigotec.de\/wp-content\/uploads\/2020\/03\/IMG_0283-495x400.jpg' class='lightbox ' data-onclick='8' title=''  itemprop=\"thumbnailUrl\"  ><img decoding=\"async\" class=\"wp-image-1581 avia-img-lazy-loading-not-1581\"   src=\"https:\/\/frigotec.de\/wp-content\/uploads\/2020\/03\/IMG_0283-495x400.jpg\" width=\"495\" height=\"400\"  title='' alt='' \/><div class='big-prev-fake'><img loading=\"lazy\" decoding=\"async\" class=\"wp-image-1581 avia-img-lazy-loading-1581\"  width=\"495\" height=\"400\" src=\"https:\/\/frigotec.de\/wp-content\/uploads\/2020\/03\/IMG_0283-495x400.jpg\" title='' alt='' \/><\/div><\/a><\/div><\/div>\n","protected":false},"excerpt":{"rendered":"","protected":false},"author":1,"featured_media":0,"parent":867,"menu_order":0,"comment_status":"open","ping_status":"closed","template":"","meta":{"footnotes":""},"class_list":["post-789","page","type-page","status-publish","hentry"],"_links":{"self":[{"href":"https:\/\/frigotec.de\/pl\/wp-json\/wp\/v2\/pages\/789","targetHints":{"allow":["GET"]}}],"collection":[{"href":"https:\/\/frigotec.de\/pl\/wp-json\/wp\/v2\/pages"}],"about":[{"href":"https:\/\/frigotec.de\/pl\/wp-json\/wp\/v2\/types\/page"}],"author":[{"embeddable":true,"href":"https:\/\/frigotec.de\/pl\/wp-json\/wp\/v2\/users\/1"}],"replies":[{"embeddable":true,"href":"https:\/\/frigotec.de\/pl\/wp-json\/wp\/v2\/comments?post=789"}],"version-history":[{"count":10,"href":"https:\/\/frigotec.de\/pl\/wp-json\/wp\/v2\/pages\/789\/revisions"}],"predecessor-version":[{"id":1855,"href":"https:\/\/frigotec.de\/pl\/wp-json\/wp\/v2\/pages\/789\/revisions\/1855"}],"up":[{"embeddable":true,"href":"https:\/\/frigotec.de\/pl\/wp-json\/wp\/v2\/pages\/867"}],"wp:attachment":[{"href":"https:\/\/frigotec.de\/pl\/wp-json\/wp\/v2\/media?parent=789"}],"curies":[{"name":"wp","href":"https:\/\/api.w.org\/{rel}","templated":true}]}}