{"id":797,"date":"2017-02-14T13:06:32","date_gmt":"2017-02-14T12:06:32","guid":{"rendered":"http:\/\/relaunch.frigotec.de\/?page_id=797\/"},"modified":"2017-03-17T15:08:42","modified_gmt":"2017-03-17T14:08:42","slug":"systemy_nawilzania","status":"publish","type":"page","link":"https:\/\/frigotec.de\/pl\/systemy_schladzania_i_przechowywania\/systemy_nawilzania\/","title":{"rendered":"Systemy nawil\u017cania"},"content":{"rendered":"<div id='av_section_1'  class='avia-section av-av_section-f5416f04ad720a2c47933a0c3c5c9f4d main_color avia-section-no-padding avia-no-border-styling  avia-builder-el-0  el_before_av_heading  avia-builder-el-first  avia-bg-style-scroll container_wrap sidebar_right'  ><div class='container av-section-cont-open' ><main  role=\"main\" itemprop=\"mainContentOfPage\"  class='template-page content  av-content-small alpha units'><div class='post-entry post-entry-type-page post-entry-797'><div class='entry-content-wrapper clearfix'>\n\n\n<style type=\"text\/css\" data-created_by=\"avia_inline_auto\" id=\"style-css-av-av_hr-0688d0b0b6ed2f8b057db7a8270206df\">\n#top .hr.hr-invisible.av-av_hr-0688d0b0b6ed2f8b057db7a8270206df{\nheight:50px;\n}\n<\/style>\n<div  class='hr av-av_hr-0688d0b0b6ed2f8b057db7a8270206df hr-invisible  avia-builder-el-2  el_after_av_codeblock  avia-builder-el-last '><span class='hr-inner '><span class=\"hr-inner-style\"><\/span><\/span><\/div>\n<\/div><\/div><\/main><!-- close content main element --><\/div><\/div><div id='after_section_1'  class='main_color av_default_container_wrap container_wrap sidebar_right'  ><div class='container av-section-cont-open' ><div class='template-page content  av-content-small alpha units'><div class='post-entry post-entry-type-page post-entry-797'><div class='entry-content-wrapper clearfix'>\n<style type=\"text\/css\" data-created_by=\"avia_inline_auto\" id=\"style-css-av-av_heading-cbd170b56e18053d64a8d68c92611716\">\n#top .av-special-heading.av-av_heading-cbd170b56e18053d64a8d68c92611716{\npadding-bottom:20px;\ncolor:#000000;\n}\nbody .av-special-heading.av-av_heading-cbd170b56e18053d64a8d68c92611716 .av-special-heading-tag .heading-char{\nfont-size:25px;\n}\n.av-special-heading.av-av_heading-cbd170b56e18053d64a8d68c92611716 .special-heading-inner-border{\nborder-color:#000000;\n}\n.av-special-heading.av-av_heading-cbd170b56e18053d64a8d68c92611716 .av-subheading{\nfont-size:15px;\n}\n<\/style>\n<div  class='av-special-heading av-av_heading-cbd170b56e18053d64a8d68c92611716 av-special-heading-h1 custom-color-heading blockquote modern-quote  avia-builder-el-3  el_after_av_section  el_before_av_textblock  avia-builder-el-first '><h1 class='av-special-heading-tag'  itemprop=\"headline\"  >Systemy nawil\u017cania<\/h1><div class=\"special-heading-border\"><div class=\"special-heading-inner-border\"><\/div><\/div><\/div><\/p>\n<section  class='av_textblock_section av-av_textblock-0366cc7376be6c9e82a3e9cc8987b64f '   itemscope=\"itemscope\" itemtype=\"https:\/\/schema.org\/CreativeWork\" ><div class='avia_textblock'  itemprop=\"text\" ><p>Opr\u00f3cz temperatury do optymalnych warunk\u00f3w przechowywania owoc\u00f3w, warzyw i wielu innych towar\u00f3w nale\u017cy przede wszystkim optymalna wilgotno\u015b\u0107 powietrza. Systemy nawil\u017cania zapobiegaj\u0105 wysychaniu, utracie wagi i wi\u0119dni\u0119ciu.<\/p>\n<h3>Systemy nawil\u017cania &#8211; urz\u0105dzenia<\/h3>\n<p>Nasze systemy nawil\u017cania pracuj\u0105 pod ci\u015bnieniem 120 bar. Najdrobniejsze, wiercone laserowo dysze rozpylaj\u0105 wod\u0119 w ma\u0142ych cz\u0105steczkach, kt\u00f3re s\u0105 poch\u0142aniane bezpo\u015brednio przez powietrze otoczenia. Takie ultraprecyzyjne rozpylanie dba o potrzebn\u0105 wilgotno\u015b\u0107 powietrza bez bezpo\u015bredniego nawadniania towaru. Kolejn\u0105 zalet\u0105 systemu jest minimalne zu\u017cycie wody.<\/p>\n<h3>Systemy nawil\u017cania na miar\u0119.<\/h3>\n<p>Centralnym punktem wyj\u015bciowym naszych projekt\u00f3w zawsze s\u0105 nasi klienci. Na bazie ich wymaga\u0144 planujemy i projektujemy ka\u017cde urz\u0105dzenie indywidualnie. Wa\u017cn\u0105 rol\u0119 odgrywaj\u0105 przy tym wielko\u015b\u0107 i rodzaj pomieszcze\u0144 do przechowywania. Zale\u017cnie od tych danych wej\u015bciowych tak zestawiamy konieczne urz\u0105dzenia, aby gotowy system odznacza\u0142 si\u0119 nast\u0119puj\u0105cymi cechami:<\/p>\n<\/div><\/section>\n\n<style type=\"text\/css\" data-created_by=\"avia_inline_auto\" id=\"style-css-av-av_hr-5ea7596238ed9f191e6b5e662093052f\">\n#top .hr.hr-invisible.av-av_hr-5ea7596238ed9f191e6b5e662093052f{\nheight:30px;\n}\n<\/style>\n<div  class='hr av-av_hr-5ea7596238ed9f191e6b5e662093052f hr-invisible  avia-builder-el-5  el_after_av_textblock  el_before_av_textblock '><span class='hr-inner '><span class=\"hr-inner-style\"><\/span><\/span><\/div>\n\n<style type=\"text\/css\" data-created_by=\"avia_inline_auto\" id=\"style-css-av-av_textblock-3f008d4841a0d74f58000eac3799ce5d\">\n#top .av_textblock_section.av-av_textblock-3f008d4841a0d74f58000eac3799ce5d .avia_textblock{\ncolor:#05205c;\n}\n<\/style>\n<section  class='av_textblock_section av-av_textblock-3f008d4841a0d74f58000eac3799ce5d '   itemscope=\"itemscope\" itemtype=\"https:\/\/schema.org\/CreativeWork\" ><div class='avia_textblock av_inherit_color'  itemprop=\"text\" ><ul>\n<li>\n<h5><strong>nieskomplikowana konserwacja<\/strong><\/h5>\n<h5><\/h5>\n<\/li>\n<li>\n<h5><strong>przyjazno\u015b\u0107 dla \u015brodowiska<\/strong><\/h5>\n<h5><\/h5>\n<\/li>\n<li>\n<h5><strong>nieznaczne zu\u017cycie energii i wody<\/strong><\/h5>\n<h5><\/h5>\n<\/li>\n<li>\n<h5><strong>d\u0142uga \u017cywotno\u015b\u0107<\/strong><\/h5>\n<\/li>\n<\/ul>\n<\/div><\/section>\n\n<style type=\"text\/css\" data-created_by=\"avia_inline_auto\" id=\"style-css-av-av_hr-5ea7596238ed9f191e6b5e662093052f\">\n#top .hr.hr-invisible.av-av_hr-5ea7596238ed9f191e6b5e662093052f{\nheight:30px;\n}\n<\/style>\n<div  class='hr av-av_hr-5ea7596238ed9f191e6b5e662093052f hr-invisible  avia-builder-el-7  el_after_av_textblock  el_before_av_textblock '><span class='hr-inner '><span class=\"hr-inner-style\"><\/span><\/span><\/div>\n<section  class='av_textblock_section av-av_textblock-0366cc7376be6c9e82a3e9cc8987b64f '   itemscope=\"itemscope\" itemtype=\"https:\/\/schema.org\/CreativeWork\" ><div class='avia_textblock'  itemprop=\"text\" ><p>Prosz\u0119 wyja\u015bni\u0107 nam swoje oczekiwania projektowe &#8211; my znajdziemy pasuj\u0105ce rozwi\u0105zanie!<\/p>\n<\/div><\/section>\n<section  class='av_textblock_section av-av_textblock-0366cc7376be6c9e82a3e9cc8987b64f '   itemscope=\"itemscope\" itemtype=\"https:\/\/schema.org\/CreativeWork\" ><div class='avia_textblock'  itemprop=\"text\" ><\/div><\/section>\n","protected":false},"excerpt":{"rendered":"","protected":false},"author":1,"featured_media":0,"parent":867,"menu_order":0,"comment_status":"open","ping_status":"closed","template":"","meta":{"footnotes":""},"class_list":["post-797","page","type-page","status-publish","hentry"],"_links":{"self":[{"href":"https:\/\/frigotec.de\/pl\/wp-json\/wp\/v2\/pages\/797","targetHints":{"allow":["GET"]}}],"collection":[{"href":"https:\/\/frigotec.de\/pl\/wp-json\/wp\/v2\/pages"}],"about":[{"href":"https:\/\/frigotec.de\/pl\/wp-json\/wp\/v2\/types\/page"}],"author":[{"embeddable":true,"href":"https:\/\/frigotec.de\/pl\/wp-json\/wp\/v2\/users\/1"}],"replies":[{"embeddable":true,"href":"https:\/\/frigotec.de\/pl\/wp-json\/wp\/v2\/comments?post=797"}],"version-history":[{"count":4,"href":"https:\/\/frigotec.de\/pl\/wp-json\/wp\/v2\/pages\/797\/revisions"}],"predecessor-version":[{"id":1221,"href":"https:\/\/frigotec.de\/pl\/wp-json\/wp\/v2\/pages\/797\/revisions\/1221"}],"up":[{"embeddable":true,"href":"https:\/\/frigotec.de\/pl\/wp-json\/wp\/v2\/pages\/867"}],"wp:attachment":[{"href":"https:\/\/frigotec.de\/pl\/wp-json\/wp\/v2\/media?parent=797"}],"curies":[{"name":"wp","href":"https:\/\/api.w.org\/{rel}","templated":true}]}}