{"id":801,"date":"2017-02-14T13:12:47","date_gmt":"2017-02-14T12:12:47","guid":{"rendered":"http:\/\/relaunch.frigotec.de\/?page_id=801\/"},"modified":"2020-03-02T15:45:41","modified_gmt":"2020-03-02T14:45:41","slug":"pomieszczenia_do_dlugoterminowego_przechowywania_w_kontrolowanej_atmosferze_ka_ulo","status":"publish","type":"page","link":"https:\/\/frigotec.de\/pl\/systemy_schladzania_i_przechowywania\/pomieszczenia_do_dlugoterminowego_przechowywania_w_kontrolowanej_atmosferze_ka_ulo\/","title":{"rendered":"Pomieszczenia do d\u0142ugoterminowego przechowywania w kontrolowanej atmosferze KA\/ ULO"},"content":{"rendered":"<div id='av_section_1'  class='avia-section av-av_section-f5416f04ad720a2c47933a0c3c5c9f4d main_color avia-section-no-padding avia-no-border-styling  avia-builder-el-0  el_before_av_heading  avia-builder-el-first  avia-bg-style-scroll container_wrap sidebar_right'  ><div class='container av-section-cont-open' ><main  role=\"main\" itemprop=\"mainContentOfPage\"  class='template-page content  av-content-small alpha units'><div class='post-entry post-entry-type-page post-entry-801'><div class='entry-content-wrapper clearfix'>\n\n\n<style type=\"text\/css\" data-created_by=\"avia_inline_auto\" id=\"style-css-av-av_hr-0688d0b0b6ed2f8b057db7a8270206df\">\n#top .hr.hr-invisible.av-av_hr-0688d0b0b6ed2f8b057db7a8270206df{\nheight:50px;\n}\n<\/style>\n<div  class='hr av-av_hr-0688d0b0b6ed2f8b057db7a8270206df hr-invisible  avia-builder-el-2  el_after_av_codeblock  avia-builder-el-last '><span class='hr-inner '><span class=\"hr-inner-style\"><\/span><\/span><\/div>\n<\/div><\/div><\/main><!-- close content main element --><\/div><\/div><div id='after_section_1'  class='main_color av_default_container_wrap container_wrap sidebar_right'  ><div class='container av-section-cont-open' ><div class='template-page content  av-content-small alpha units'><div class='post-entry post-entry-type-page post-entry-801'><div class='entry-content-wrapper clearfix'>\n\n<style type=\"text\/css\" data-created_by=\"avia_inline_auto\" id=\"style-css-av-av_heading-578e1ed023796d735f54ac3a9fa15370\">\n#top .av-special-heading.av-av_heading-578e1ed023796d735f54ac3a9fa15370{\npadding-bottom:20px;\ncolor:#000000;\n}\nbody .av-special-heading.av-av_heading-578e1ed023796d735f54ac3a9fa15370 .av-special-heading-tag .heading-char{\nfont-size:25px;\n}\n.av-special-heading.av-av_heading-578e1ed023796d735f54ac3a9fa15370 .special-heading-inner-border{\nborder-color:#000000;\n}\n.av-special-heading.av-av_heading-578e1ed023796d735f54ac3a9fa15370 .av-subheading{\nfont-size:15px;\n}\n<\/style>\n<div  class='av-special-heading av-av_heading-578e1ed023796d735f54ac3a9fa15370 av-special-heading-h1 custom-color-heading blockquote modern-quote  avia-builder-el-3  el_after_av_section  el_before_av_textblock  avia-builder-el-first '><h1 class='av-special-heading-tag'  itemprop=\"headline\"  >Pomieszczenia do d\u0142ugoterminowego przechowywania w kontrolowanej atmosferze KA\/ ULO<\/h1><div class=\"special-heading-border\"><div class=\"special-heading-inner-border\"><\/div><\/div><\/div>\n<section  class='av_textblock_section av-av_textblock-0366cc7376be6c9e82a3e9cc8987b64f '   itemscope=\"itemscope\" itemtype=\"https:\/\/schema.org\/CreativeWork\" ><div class='avia_textblock'  itemprop=\"text\" ><p>Po zbiorach owoce i warzywa dojrzewaj\u0105, starzej\u0105 si\u0119, a\u017c wreszcie si\u0119 zepsuj\u0105. Proces ten daje si\u0119 powstrzyma\u0107 dzi\u0119ki przechowywaniu w warunkach ze zredukowanym st\u0119\u017ceniem tlenu i zwi\u0119kszonym st\u0119\u017ceniem dwutlenku w\u0119gla. Czas przechowywania znacznie si\u0119 wyd\u0142u\u017ca a jako\u015b\u0107 i smak pozostaj\u0105.<\/p>\n<h3>Urz\u0105dzenia do ka\u017cdej technologii<\/h3>\n<p>W zale\u017cno\u015bci od warunk\u00f3w przechowywania rozr\u00f3\u017cniamy przede wszystkim trzy metody przechowywania:<\/p>\n<ol>\n<li>KA (CA) \u2013 kontrolowana atmosfera<\/li>\n<li>ULO &#8211; niskie st\u0119\u017cenie tlenu<\/li>\n<li>DCA \u2013 dynamicznie kontrolowana atmosfera<\/li>\n<\/ol>\n<p>Udost\u0119pnimy Pa\u0144stwu urz\u0105dzenia dopasowane do ka\u017cdej z tych trzech metod przechowywania. Wiod\u0105ce cechy naszych system\u00f3w to:<\/p>\n<\/div><\/section>\n\n<style type=\"text\/css\" data-created_by=\"avia_inline_auto\" id=\"style-css-av-av_hr-5ea7596238ed9f191e6b5e662093052f\">\n#top .hr.hr-invisible.av-av_hr-5ea7596238ed9f191e6b5e662093052f{\nheight:30px;\n}\n<\/style>\n<div  class='hr av-av_hr-5ea7596238ed9f191e6b5e662093052f hr-invisible  avia-builder-el-5  el_after_av_textblock  el_before_av_textblock '><span class='hr-inner '><span class=\"hr-inner-style\"><\/span><\/span><\/div>\n\n<style type=\"text\/css\" data-created_by=\"avia_inline_auto\" id=\"style-css-av-av_textblock-3f008d4841a0d74f58000eac3799ce5d\">\n#top .av_textblock_section.av-av_textblock-3f008d4841a0d74f58000eac3799ce5d .avia_textblock{\ncolor:#05205c;\n}\n<\/style>\n<section  class='av_textblock_section av-av_textblock-3f008d4841a0d74f58000eac3799ce5d '   itemscope=\"itemscope\" itemtype=\"https:\/\/schema.org\/CreativeWork\" ><div class='avia_textblock av_inherit_color'  itemprop=\"text\" ><ul>\n<li>\n<h5><strong>Precyzja<\/strong><\/h5>\n<h5><\/h5>\n<\/li>\n<li>\n<h5><strong>Niezawodno\u015b\u0107<\/strong><\/h5>\n<h5><\/h5>\n<\/li>\n<li>\n<h5><strong>Efektywno\u015b\u0107 energetyczna<\/strong><\/h5>\n<\/li>\n<\/ul>\n<\/div><\/section>\n\n<style type=\"text\/css\" data-created_by=\"avia_inline_auto\" id=\"style-css-av-av_hr-5ea7596238ed9f191e6b5e662093052f\">\n#top .hr.hr-invisible.av-av_hr-5ea7596238ed9f191e6b5e662093052f{\nheight:30px;\n}\n<\/style>\n<div  class='hr av-av_hr-5ea7596238ed9f191e6b5e662093052f hr-invisible  avia-builder-el-7  el_after_av_textblock  el_before_av_textblock '><span class='hr-inner '><span class=\"hr-inner-style\"><\/span><\/span><\/div>\n<section  class='av_textblock_section av-av_textblock-0366cc7376be6c9e82a3e9cc8987b64f '   itemscope=\"itemscope\" itemtype=\"https:\/\/schema.org\/CreativeWork\" ><div class='avia_textblock'  itemprop=\"text\" ><h3>Dostosowanie do Pa\u0144stwa potrzeb<\/h3>\n<p>W przypadku pomieszcze\u0144 do d\u0142ugoterminowego przechowywania w warunkach KA\/ ULO jest to szczeg\u00f3lnie wa\u017cne, aby system by\u0142 dopasowany do Pa\u0144stwa indywidualnych potrzeb. Ka\u017cdy produkt wymaga ca\u0142kiem specjalnych warunk\u00f3w przechowywania. R\u00f3wnie\u017c czas przechowywania i wielko\u015b\u0107 pomieszczenia maj\u0105 decyduj\u0105cy wp\u0142yw na to, jak\u0105 technik\u0119 nale\u017cy zastosowa\u0107. W zale\u017cno\u015bci od wymaga\u0144 stosujemy:<\/p>\n<\/div><\/section>\n\n<style type=\"text\/css\" data-created_by=\"avia_inline_auto\" id=\"style-css-av-av_hr-5ea7596238ed9f191e6b5e662093052f\">\n#top .hr.hr-invisible.av-av_hr-5ea7596238ed9f191e6b5e662093052f{\nheight:30px;\n}\n<\/style>\n<div  class='hr av-av_hr-5ea7596238ed9f191e6b5e662093052f hr-invisible  avia-builder-el-9  el_after_av_textblock  el_before_av_textblock '><span class='hr-inner '><span class=\"hr-inner-style\"><\/span><\/span><\/div>\n\n<style type=\"text\/css\" data-created_by=\"avia_inline_auto\" id=\"style-css-av-av_textblock-3f008d4841a0d74f58000eac3799ce5d\">\n#top .av_textblock_section.av-av_textblock-3f008d4841a0d74f58000eac3799ce5d .avia_textblock{\ncolor:#05205c;\n}\n<\/style>\n<section  class='av_textblock_section av-av_textblock-3f008d4841a0d74f58000eac3799ce5d '   itemscope=\"itemscope\" itemtype=\"https:\/\/schema.org\/CreativeWork\" ><div class='avia_textblock av_inherit_color'  itemprop=\"text\" ><ul>\n<li>\n<h5><strong>Przyjazne dla \u015brodowiska i solidne urz\u0105dzenia ch\u0142odnicze na najnowszym poziomie<\/strong><\/h5>\n<h5><\/h5>\n<\/li>\n<li>\n<h5><strong>Wydajne generatory azotu z technologi\u0105 PSA i VPSA<\/strong><\/h5>\n<h5><\/h5>\n<\/li>\n<li>\n<h5><strong>Precyzyjne systemy sterowania DCA dla metod KA\/ULO<\/strong><\/h5>\n<h5><\/h5>\n<\/li>\n<li>\n<h5><strong>Wydajne urz\u0105dzenia do adsorpcji DCA-CO2 dla niskich warto\u015bci CO2 przy jednoczesnym ekstremalnie niskim st\u0119\u017ceniu O2<\/strong><\/h5>\n<h5><\/h5>\n<\/li>\n<li>\n<h5><strong>Systemy nawil\u017cania do optymalnej wilgotno\u015bci powietrza w pomieszczeniach ch\u0142odniczych KA\/ULO<\/strong><\/h5>\n<\/li>\n<\/ul>\n<\/div><\/section>\n\n<style type=\"text\/css\" data-created_by=\"avia_inline_auto\" id=\"style-css-av-av_hr-5ea7596238ed9f191e6b5e662093052f\">\n#top .hr.hr-invisible.av-av_hr-5ea7596238ed9f191e6b5e662093052f{\nheight:30px;\n}\n<\/style>\n<div  class='hr av-av_hr-5ea7596238ed9f191e6b5e662093052f hr-invisible  avia-builder-el-11  el_after_av_textblock  el_before_av_textblock '><span class='hr-inner '><span class=\"hr-inner-style\"><\/span><\/span><\/div>\n<section  class='av_textblock_section av-av_textblock-0366cc7376be6c9e82a3e9cc8987b64f '   itemscope=\"itemscope\" itemtype=\"https:\/\/schema.org\/CreativeWork\" ><div class='avia_textblock'  itemprop=\"text\" ><p>Prosz\u0119 nam wyja\u015bni\u0107 swoje wymagania &#8211; my zaprojektujemy pasuj\u0105ce rozwi\u0105zanie!<\/p>\n<\/div><\/section>\n\n<style type=\"text\/css\" data-created_by=\"avia_inline_auto\" id=\"style-css-av-k7ai6c8s-2b68f07255c37c56fbc7d3ee4cc11979\">\n#top .avia-gallery.av-k7ai6c8s-2b68f07255c37c56fbc7d3ee4cc11979 .avia-gallery-thumb a{\nwidth:25%;\n}\n<\/style>\n<div  class='avia-gallery av-k7ai6c8s-2b68f07255c37c56fbc7d3ee4cc11979 avia_animate_when_visible  avia-builder-el-13  el_after_av_textblock  avia-builder-el-last  animations_off avia-gallery-1'  itemprop=\"image\" itemscope=\"itemscope\" itemtype=\"https:\/\/schema.org\/ImageObject\" ><meta itemprop=\"contentURL\" content=\"https:\/\/frigotec.de\/pl\/systemy_schladzania_i_przechowywania\/pomieszczenia_do_dlugoterminowego_przechowywania_w_kontrolowanej_atmosferze_ka_ulo\/\"><div class='avia-gallery-thumb'><a href=\"https:\/\/frigotec.de\/wp-content\/uploads\/2020\/03\/IMG_0672-1030x687.jpg\" data-srcset=\"https:\/\/frigotec.de\/wp-content\/uploads\/2020\/03\/IMG_0672-1030x687.jpg 1030w, https:\/\/frigotec.de\/wp-content\/uploads\/2020\/03\/IMG_0672-300x200.jpg 300w, https:\/\/frigotec.de\/wp-content\/uploads\/2020\/03\/IMG_0672-768x512.jpg 768w, https:\/\/frigotec.de\/wp-content\/uploads\/2020\/03\/IMG_0672-1500x1000.jpg 1500w, https:\/\/frigotec.de\/wp-content\/uploads\/2020\/03\/IMG_0672-705x470.jpg 705w, https:\/\/frigotec.de\/wp-content\/uploads\/2020\/03\/IMG_0672-450x300.jpg 450w\" data-sizes=\"(max-width: 1030px) 100vw, 1030px\" data-rel='gallery-1' data-prev-img='https:\/\/frigotec.de\/wp-content\/uploads\/2020\/03\/IMG_0672-495x400.jpg' class='first_thumb lightbox ' data-onclick='1' title=''  itemprop=\"thumbnailUrl\"  ><img decoding=\"async\" class=\"wp-image-1770 avia-img-lazy-loading-not-1770\"   src=\"https:\/\/frigotec.de\/wp-content\/uploads\/2020\/03\/IMG_0672-495x400.jpg\" width=\"495\" height=\"400\"  title='' alt='' srcset=\"https:\/\/frigotec.de\/wp-content\/uploads\/2020\/03\/IMG_0672-495x400.jpg 495w, https:\/\/frigotec.de\/wp-content\/uploads\/2020\/03\/IMG_0672-845x684.jpg 845w\" sizes=\"(max-width: 495px) 100vw, 495px\" \/><div class='big-prev-fake'><img loading=\"lazy\" decoding=\"async\" class=\"wp-image-1770 avia-img-lazy-loading-1770\"  width=\"495\" height=\"400\" src=\"https:\/\/frigotec.de\/wp-content\/uploads\/2020\/03\/IMG_0672-495x400.jpg\" title='' alt='' srcset=\"https:\/\/frigotec.de\/wp-content\/uploads\/2020\/03\/IMG_0672-495x400.jpg 495w, https:\/\/frigotec.de\/wp-content\/uploads\/2020\/03\/IMG_0672-845x684.jpg 845w\" sizes=\"auto, (max-width: 495px) 100vw, 495px\" \/><\/div><\/a><a href=\"https:\/\/frigotec.de\/wp-content\/uploads\/2020\/03\/8M3O1489-1030x687.jpg\" data-srcset=\"https:\/\/frigotec.de\/wp-content\/uploads\/2020\/03\/8M3O1489-1030x687.jpg 1030w, https:\/\/frigotec.de\/wp-content\/uploads\/2020\/03\/8M3O1489-300x200.jpg 300w, https:\/\/frigotec.de\/wp-content\/uploads\/2020\/03\/8M3O1489-768x512.jpg 768w, https:\/\/frigotec.de\/wp-content\/uploads\/2020\/03\/8M3O1489-1500x1000.jpg 1500w, https:\/\/frigotec.de\/wp-content\/uploads\/2020\/03\/8M3O1489-705x470.jpg 705w, https:\/\/frigotec.de\/wp-content\/uploads\/2020\/03\/8M3O1489-450x300.jpg 450w\" data-sizes=\"(max-width: 1030px) 100vw, 1030px\" data-rel='gallery-1' data-prev-img='https:\/\/frigotec.de\/wp-content\/uploads\/2020\/03\/8M3O1489-495x400.jpg' class='lightbox ' data-onclick='2' title=''  itemprop=\"thumbnailUrl\"  ><img decoding=\"async\" class=\"wp-image-1750 avia-img-lazy-loading-not-1750\"   src=\"https:\/\/frigotec.de\/wp-content\/uploads\/2020\/03\/8M3O1489-495x400.jpg\" width=\"495\" height=\"400\"  title='' alt='' srcset=\"https:\/\/frigotec.de\/wp-content\/uploads\/2020\/03\/8M3O1489-495x400.jpg 495w, https:\/\/frigotec.de\/wp-content\/uploads\/2020\/03\/8M3O1489-845x684.jpg 845w\" sizes=\"(max-width: 495px) 100vw, 495px\" \/><div class='big-prev-fake'><img loading=\"lazy\" decoding=\"async\" class=\"wp-image-1750 avia-img-lazy-loading-1750\"  width=\"495\" height=\"400\" src=\"https:\/\/frigotec.de\/wp-content\/uploads\/2020\/03\/8M3O1489-495x400.jpg\" title='' alt='' srcset=\"https:\/\/frigotec.de\/wp-content\/uploads\/2020\/03\/8M3O1489-495x400.jpg 495w, https:\/\/frigotec.de\/wp-content\/uploads\/2020\/03\/8M3O1489-845x684.jpg 845w\" sizes=\"auto, (max-width: 495px) 100vw, 495px\" \/><\/div><\/a><a href=\"https:\/\/frigotec.de\/wp-content\/uploads\/2020\/03\/DSC_3644-1030x687.jpg\" data-srcset=\"https:\/\/frigotec.de\/wp-content\/uploads\/2020\/03\/DSC_3644-1030x687.jpg 1030w, https:\/\/frigotec.de\/wp-content\/uploads\/2020\/03\/DSC_3644-300x200.jpg 300w, https:\/\/frigotec.de\/wp-content\/uploads\/2020\/03\/DSC_3644-768x512.jpg 768w, https:\/\/frigotec.de\/wp-content\/uploads\/2020\/03\/DSC_3644-1500x1000.jpg 1500w, https:\/\/frigotec.de\/wp-content\/uploads\/2020\/03\/DSC_3644-705x470.jpg 705w, https:\/\/frigotec.de\/wp-content\/uploads\/2020\/03\/DSC_3644-450x300.jpg 450w\" data-sizes=\"(max-width: 1030px) 100vw, 1030px\" data-rel='gallery-1' data-prev-img='https:\/\/frigotec.de\/wp-content\/uploads\/2020\/03\/DSC_3644-495x400.jpg' class='lightbox ' data-onclick='3' title=''  itemprop=\"thumbnailUrl\"  ><img decoding=\"async\" class=\"wp-image-1762 avia-img-lazy-loading-not-1762\"   src=\"https:\/\/frigotec.de\/wp-content\/uploads\/2020\/03\/DSC_3644-495x400.jpg\" width=\"495\" height=\"400\"  title='' alt='' srcset=\"https:\/\/frigotec.de\/wp-content\/uploads\/2020\/03\/DSC_3644-495x400.jpg 495w, https:\/\/frigotec.de\/wp-content\/uploads\/2020\/03\/DSC_3644-845x684.jpg 845w\" sizes=\"(max-width: 495px) 100vw, 495px\" \/><div class='big-prev-fake'><img loading=\"lazy\" decoding=\"async\" class=\"wp-image-1762 avia-img-lazy-loading-1762\"  width=\"495\" height=\"400\" src=\"https:\/\/frigotec.de\/wp-content\/uploads\/2020\/03\/DSC_3644-495x400.jpg\" title='' alt='' srcset=\"https:\/\/frigotec.de\/wp-content\/uploads\/2020\/03\/DSC_3644-495x400.jpg 495w, https:\/\/frigotec.de\/wp-content\/uploads\/2020\/03\/DSC_3644-845x684.jpg 845w\" sizes=\"auto, (max-width: 495px) 100vw, 495px\" \/><\/div><\/a><a href=\"https:\/\/frigotec.de\/wp-content\/uploads\/2020\/03\/IMG_0708-1030x687.jpg\" data-srcset=\"https:\/\/frigotec.de\/wp-content\/uploads\/2020\/03\/IMG_0708-1030x687.jpg 1030w, https:\/\/frigotec.de\/wp-content\/uploads\/2020\/03\/IMG_0708-300x200.jpg 300w, https:\/\/frigotec.de\/wp-content\/uploads\/2020\/03\/IMG_0708-768x512.jpg 768w, https:\/\/frigotec.de\/wp-content\/uploads\/2020\/03\/IMG_0708-1500x1000.jpg 1500w, https:\/\/frigotec.de\/wp-content\/uploads\/2020\/03\/IMG_0708-705x470.jpg 705w, https:\/\/frigotec.de\/wp-content\/uploads\/2020\/03\/IMG_0708-450x300.jpg 450w\" data-sizes=\"(max-width: 1030px) 100vw, 1030px\" data-rel='gallery-1' data-prev-img='https:\/\/frigotec.de\/wp-content\/uploads\/2020\/03\/IMG_0708-495x400.jpg' class='lightbox ' data-onclick='4' title=''  itemprop=\"thumbnailUrl\"  ><img decoding=\"async\" class=\"wp-image-1732 avia-img-lazy-loading-not-1732\"   src=\"https:\/\/frigotec.de\/wp-content\/uploads\/2020\/03\/IMG_0708-495x400.jpg\" width=\"495\" height=\"400\"  title='' alt='' srcset=\"https:\/\/frigotec.de\/wp-content\/uploads\/2020\/03\/IMG_0708-495x400.jpg 495w, https:\/\/frigotec.de\/wp-content\/uploads\/2020\/03\/IMG_0708-845x684.jpg 845w\" sizes=\"(max-width: 495px) 100vw, 495px\" \/><div class='big-prev-fake'><img loading=\"lazy\" decoding=\"async\" class=\"wp-image-1732 avia-img-lazy-loading-1732\"  width=\"495\" height=\"400\" src=\"https:\/\/frigotec.de\/wp-content\/uploads\/2020\/03\/IMG_0708-495x400.jpg\" title='' alt='' srcset=\"https:\/\/frigotec.de\/wp-content\/uploads\/2020\/03\/IMG_0708-495x400.jpg 495w, https:\/\/frigotec.de\/wp-content\/uploads\/2020\/03\/IMG_0708-845x684.jpg 845w\" sizes=\"auto, (max-width: 495px) 100vw, 495px\" \/><\/div><\/a><a href=\"https:\/\/frigotec.de\/wp-content\/uploads\/2020\/03\/DSC_3761-1030x687.jpg\" data-srcset=\"https:\/\/frigotec.de\/wp-content\/uploads\/2020\/03\/DSC_3761-1030x687.jpg 1030w, https:\/\/frigotec.de\/wp-content\/uploads\/2020\/03\/DSC_3761-300x200.jpg 300w, https:\/\/frigotec.de\/wp-content\/uploads\/2020\/03\/DSC_3761-768x512.jpg 768w, https:\/\/frigotec.de\/wp-content\/uploads\/2020\/03\/DSC_3761-1500x1000.jpg 1500w, https:\/\/frigotec.de\/wp-content\/uploads\/2020\/03\/DSC_3761-705x470.jpg 705w, https:\/\/frigotec.de\/wp-content\/uploads\/2020\/03\/DSC_3761-450x300.jpg 450w\" data-sizes=\"(max-width: 1030px) 100vw, 1030px\" data-rel='gallery-1' data-prev-img='https:\/\/frigotec.de\/wp-content\/uploads\/2020\/03\/DSC_3761-495x400.jpg' class='first_thumb lightbox ' data-onclick='5' title=''  itemprop=\"thumbnailUrl\"  ><img decoding=\"async\" class=\"wp-image-1766 avia-img-lazy-loading-not-1766\"   src=\"https:\/\/frigotec.de\/wp-content\/uploads\/2020\/03\/DSC_3761-495x400.jpg\" width=\"495\" height=\"400\"  title='' alt='' srcset=\"https:\/\/frigotec.de\/wp-content\/uploads\/2020\/03\/DSC_3761-495x400.jpg 495w, https:\/\/frigotec.de\/wp-content\/uploads\/2020\/03\/DSC_3761-845x684.jpg 845w\" sizes=\"(max-width: 495px) 100vw, 495px\" \/><div class='big-prev-fake'><img loading=\"lazy\" decoding=\"async\" class=\"wp-image-1766 avia-img-lazy-loading-1766\"  width=\"495\" height=\"400\" src=\"https:\/\/frigotec.de\/wp-content\/uploads\/2020\/03\/DSC_3761-495x400.jpg\" title='' alt='' srcset=\"https:\/\/frigotec.de\/wp-content\/uploads\/2020\/03\/DSC_3761-495x400.jpg 495w, https:\/\/frigotec.de\/wp-content\/uploads\/2020\/03\/DSC_3761-845x684.jpg 845w\" sizes=\"auto, (max-width: 495px) 100vw, 495px\" \/><\/div><\/a><a href=\"https:\/\/frigotec.de\/wp-content\/uploads\/2020\/03\/DSC_3639.jpg\" data-srcset=\"https:\/\/frigotec.de\/wp-content\/uploads\/2020\/03\/DSC_3639.jpg 1024w, https:\/\/frigotec.de\/wp-content\/uploads\/2020\/03\/DSC_3639-300x200.jpg 300w, https:\/\/frigotec.de\/wp-content\/uploads\/2020\/03\/DSC_3639-768x512.jpg 768w, https:\/\/frigotec.de\/wp-content\/uploads\/2020\/03\/DSC_3639-705x470.jpg 705w, https:\/\/frigotec.de\/wp-content\/uploads\/2020\/03\/DSC_3639-450x300.jpg 450w\" data-sizes=\"(max-width: 1024px) 100vw, 1024px\" data-rel='gallery-1' data-prev-img='https:\/\/frigotec.de\/wp-content\/uploads\/2020\/03\/DSC_3639-495x400.jpg' class='lightbox ' data-onclick='6' title=''  itemprop=\"thumbnailUrl\"  ><img decoding=\"async\" class=\"wp-image-1758 avia-img-lazy-loading-not-1758\"   src=\"https:\/\/frigotec.de\/wp-content\/uploads\/2020\/03\/DSC_3639-495x400.jpg\" width=\"495\" height=\"400\"  title='' alt='' srcset=\"https:\/\/frigotec.de\/wp-content\/uploads\/2020\/03\/DSC_3639-495x400.jpg 495w, https:\/\/frigotec.de\/wp-content\/uploads\/2020\/03\/DSC_3639-845x683.jpg 845w\" sizes=\"(max-width: 495px) 100vw, 495px\" \/><div class='big-prev-fake'><img loading=\"lazy\" decoding=\"async\" class=\"wp-image-1758 avia-img-lazy-loading-1758\"  width=\"495\" height=\"400\" src=\"https:\/\/frigotec.de\/wp-content\/uploads\/2020\/03\/DSC_3639-495x400.jpg\" title='' alt='' srcset=\"https:\/\/frigotec.de\/wp-content\/uploads\/2020\/03\/DSC_3639-495x400.jpg 495w, https:\/\/frigotec.de\/wp-content\/uploads\/2020\/03\/DSC_3639-845x683.jpg 845w\" sizes=\"auto, (max-width: 495px) 100vw, 495px\" \/><\/div><\/a><a href=\"https:\/\/frigotec.de\/wp-content\/uploads\/2020\/03\/8M3O6523_Raumlunge_Kammerdecke_Zuluft_Abluft-1030x687.jpg\" data-srcset=\"https:\/\/frigotec.de\/wp-content\/uploads\/2020\/03\/8M3O6523_Raumlunge_Kammerdecke_Zuluft_Abluft-1030x687.jpg 1030w, https:\/\/frigotec.de\/wp-content\/uploads\/2020\/03\/8M3O6523_Raumlunge_Kammerdecke_Zuluft_Abluft-300x200.jpg 300w, https:\/\/frigotec.de\/wp-content\/uploads\/2020\/03\/8M3O6523_Raumlunge_Kammerdecke_Zuluft_Abluft-768x512.jpg 768w, https:\/\/frigotec.de\/wp-content\/uploads\/2020\/03\/8M3O6523_Raumlunge_Kammerdecke_Zuluft_Abluft-1500x1000.jpg 1500w, https:\/\/frigotec.de\/wp-content\/uploads\/2020\/03\/8M3O6523_Raumlunge_Kammerdecke_Zuluft_Abluft-705x470.jpg 705w, https:\/\/frigotec.de\/wp-content\/uploads\/2020\/03\/8M3O6523_Raumlunge_Kammerdecke_Zuluft_Abluft-450x300.jpg 450w\" data-sizes=\"(max-width: 1030px) 100vw, 1030px\" data-rel='gallery-1' data-prev-img='https:\/\/frigotec.de\/wp-content\/uploads\/2020\/03\/8M3O6523_Raumlunge_Kammerdecke_Zuluft_Abluft-495x400.jpg' class='lightbox ' data-onclick='7' title=''  itemprop=\"thumbnailUrl\"  ><img decoding=\"async\" class=\"wp-image-1754 avia-img-lazy-loading-not-1754\"   src=\"https:\/\/frigotec.de\/wp-content\/uploads\/2020\/03\/8M3O6523_Raumlunge_Kammerdecke_Zuluft_Abluft-495x400.jpg\" width=\"495\" height=\"400\"  title='' alt='' srcset=\"https:\/\/frigotec.de\/wp-content\/uploads\/2020\/03\/8M3O6523_Raumlunge_Kammerdecke_Zuluft_Abluft-495x400.jpg 495w, https:\/\/frigotec.de\/wp-content\/uploads\/2020\/03\/8M3O6523_Raumlunge_Kammerdecke_Zuluft_Abluft-845x684.jpg 845w\" sizes=\"(max-width: 495px) 100vw, 495px\" \/><div class='big-prev-fake'><img loading=\"lazy\" decoding=\"async\" class=\"wp-image-1754 avia-img-lazy-loading-1754\"  width=\"495\" height=\"400\" src=\"https:\/\/frigotec.de\/wp-content\/uploads\/2020\/03\/8M3O6523_Raumlunge_Kammerdecke_Zuluft_Abluft-495x400.jpg\" title='' alt='' srcset=\"https:\/\/frigotec.de\/wp-content\/uploads\/2020\/03\/8M3O6523_Raumlunge_Kammerdecke_Zuluft_Abluft-495x400.jpg 495w, https:\/\/frigotec.de\/wp-content\/uploads\/2020\/03\/8M3O6523_Raumlunge_Kammerdecke_Zuluft_Abluft-845x684.jpg 845w\" sizes=\"auto, (max-width: 495px) 100vw, 495px\" \/><\/div><\/a><a href=\"https:\/\/frigotec.de\/wp-content\/uploads\/2020\/03\/IMG_0728-1030x848.jpg\" data-srcset=\"https:\/\/frigotec.de\/wp-content\/uploads\/2020\/03\/IMG_0728-1030x848.jpg 1030w, https:\/\/frigotec.de\/wp-content\/uploads\/2020\/03\/IMG_0728-300x247.jpg 300w, https:\/\/frigotec.de\/wp-content\/uploads\/2020\/03\/IMG_0728-768x633.jpg 768w, https:\/\/frigotec.de\/wp-content\/uploads\/2020\/03\/IMG_0728-1500x1235.jpg 1500w, https:\/\/frigotec.de\/wp-content\/uploads\/2020\/03\/IMG_0728-705x581.jpg 705w, https:\/\/frigotec.de\/wp-content\/uploads\/2020\/03\/IMG_0728-450x371.jpg 450w\" data-sizes=\"(max-width: 1030px) 100vw, 1030px\" data-rel='gallery-1' data-prev-img='https:\/\/frigotec.de\/wp-content\/uploads\/2020\/03\/IMG_0728-495x400.jpg' class='lightbox ' data-onclick='8' title=''  itemprop=\"thumbnailUrl\"  ><img decoding=\"async\" class=\"wp-image-1774 avia-img-lazy-loading-not-1774\"   src=\"https:\/\/frigotec.de\/wp-content\/uploads\/2020\/03\/IMG_0728-495x400.jpg\" width=\"495\" height=\"400\"  title='' alt='' srcset=\"https:\/\/frigotec.de\/wp-content\/uploads\/2020\/03\/IMG_0728-495x400.jpg 495w, https:\/\/frigotec.de\/wp-content\/uploads\/2020\/03\/IMG_0728-845x684.jpg 845w\" sizes=\"(max-width: 495px) 100vw, 495px\" \/><div class='big-prev-fake'><img loading=\"lazy\" decoding=\"async\" class=\"wp-image-1774 avia-img-lazy-loading-1774\"  width=\"495\" height=\"400\" src=\"https:\/\/frigotec.de\/wp-content\/uploads\/2020\/03\/IMG_0728-495x400.jpg\" title='' alt='' srcset=\"https:\/\/frigotec.de\/wp-content\/uploads\/2020\/03\/IMG_0728-495x400.jpg 495w, https:\/\/frigotec.de\/wp-content\/uploads\/2020\/03\/IMG_0728-845x684.jpg 845w\" sizes=\"auto, (max-width: 495px) 100vw, 495px\" \/><\/div><\/a><\/div><\/div>\n","protected":false},"excerpt":{"rendered":"","protected":false},"author":1,"featured_media":0,"parent":867,"menu_order":0,"comment_status":"open","ping_status":"closed","template":"","meta":{"footnotes":""},"class_list":["post-801","page","type-page","status-publish","hentry"],"_links":{"self":[{"href":"https:\/\/frigotec.de\/pl\/wp-json\/wp\/v2\/pages\/801","targetHints":{"allow":["GET"]}}],"collection":[{"href":"https:\/\/frigotec.de\/pl\/wp-json\/wp\/v2\/pages"}],"about":[{"href":"https:\/\/frigotec.de\/pl\/wp-json\/wp\/v2\/types\/page"}],"author":[{"embeddable":true,"href":"https:\/\/frigotec.de\/pl\/wp-json\/wp\/v2\/users\/1"}],"replies":[{"embeddable":true,"href":"https:\/\/frigotec.de\/pl\/wp-json\/wp\/v2\/comments?post=801"}],"version-history":[{"count":7,"href":"https:\/\/frigotec.de\/pl\/wp-json\/wp\/v2\/pages\/801\/revisions"}],"predecessor-version":[{"id":1846,"href":"https:\/\/frigotec.de\/pl\/wp-json\/wp\/v2\/pages\/801\/revisions\/1846"}],"up":[{"embeddable":true,"href":"https:\/\/frigotec.de\/pl\/wp-json\/wp\/v2\/pages\/867"}],"wp:attachment":[{"href":"https:\/\/frigotec.de\/pl\/wp-json\/wp\/v2\/media?parent=801"}],"curies":[{"name":"wp","href":"https:\/\/api.w.org\/{rel}","templated":true}]}}