{"id":815,"date":"2017-02-14T13:44:44","date_gmt":"2017-02-14T12:44:44","guid":{"rendered":"http:\/\/relaunch.frigotec.de\/?page_id=815\/"},"modified":"2017-03-17T14:58:48","modified_gmt":"2017-03-17T13:58:48","slug":"komory_klimatyczne","status":"publish","type":"page","link":"https:\/\/frigotec.de\/pl\/systemy_schladzania_i_przechowywania\/komory_klimatyczne\/","title":{"rendered":"Komory klimatyczne"},"content":{"rendered":"<div id='av_section_1'  class='avia-section av-av_section-f5416f04ad720a2c47933a0c3c5c9f4d main_color avia-section-no-padding avia-no-border-styling  avia-builder-el-0  el_before_av_heading  avia-builder-el-first  avia-bg-style-scroll container_wrap sidebar_right'  ><div class='container av-section-cont-open' ><main  role=\"main\" itemprop=\"mainContentOfPage\"  class='template-page content  av-content-small alpha units'><div class='post-entry post-entry-type-page post-entry-815'><div class='entry-content-wrapper clearfix'>\n\n\n<style type=\"text\/css\" data-created_by=\"avia_inline_auto\" id=\"style-css-av-av_hr-0688d0b0b6ed2f8b057db7a8270206df\">\n#top .hr.hr-invisible.av-av_hr-0688d0b0b6ed2f8b057db7a8270206df{\nheight:50px;\n}\n<\/style>\n<div  class='hr av-av_hr-0688d0b0b6ed2f8b057db7a8270206df hr-invisible  avia-builder-el-2  el_after_av_codeblock  avia-builder-el-last '><span class='hr-inner '><span class=\"hr-inner-style\"><\/span><\/span><\/div>\n<\/div><\/div><\/main><!-- close content main element --><\/div><\/div><div id='after_section_1'  class='main_color av_default_container_wrap container_wrap sidebar_right'  ><div class='container av-section-cont-open' ><div class='template-page content  av-content-small alpha units'><div class='post-entry post-entry-type-page post-entry-815'><div class='entry-content-wrapper clearfix'>\n<style type=\"text\/css\" data-created_by=\"avia_inline_auto\" id=\"style-css-av-av_heading-45a96c93f62ba485eee2b51a052cbe8d\">\n#top .av-special-heading.av-av_heading-45a96c93f62ba485eee2b51a052cbe8d{\npadding-bottom:20px;\ncolor:#000000;\n}\nbody .av-special-heading.av-av_heading-45a96c93f62ba485eee2b51a052cbe8d .av-special-heading-tag .heading-char{\nfont-size:25px;\n}\n.av-special-heading.av-av_heading-45a96c93f62ba485eee2b51a052cbe8d .special-heading-inner-border{\nborder-color:#000000;\n}\n.av-special-heading.av-av_heading-45a96c93f62ba485eee2b51a052cbe8d .av-subheading{\nfont-size:15px;\n}\n<\/style>\n<div  class='av-special-heading av-av_heading-45a96c93f62ba485eee2b51a052cbe8d av-special-heading-h1 custom-color-heading blockquote modern-quote  avia-builder-el-3  el_after_av_section  el_before_av_textblock  avia-builder-el-first '><h1 class='av-special-heading-tag'  itemprop=\"headline\"  >Komory klimatyczne<\/h1><div class=\"special-heading-border\"><div class=\"special-heading-inner-border\"><\/div><\/div><\/div><\/p>\n<section  class='av_textblock_section av-av_textblock-0366cc7376be6c9e82a3e9cc8987b64f '   itemscope=\"itemscope\" itemtype=\"https:\/\/schema.org\/CreativeWork\" ><div class='avia_textblock'  itemprop=\"text\" ><p>W komorach klimatycznych mo\u017cna zasymulowa\u0107 najbardziej ekstremalne warunki \u015brodowiska &#8211; od tropik\u00f3w zaczynaj\u0105c a ko\u0144cz\u0105c na biegunie p\u00f3\u0142nocnym.<br \/>\nDo cel\u00f3w badawczo-rozwojowych i do kontroli jako\u015bci potrzebne s\u0105 specjalne komory klimatyczne do odtwarzania r\u00f3\u017cnych warunk\u00f3w klimatycznych \u015brodowiska.<\/p>\n<p>Czy to dla ro\u015blin, sprz\u0119tu AGD czy te\u017c przek\u0142adni silnikowych, produkt\u00f3w farmaceutycznych albo innych obszar\u00f3w &#8211; projektujemy i wykonujemy odpowiednie<br \/>\nkomory klimatyczne dostosowane do Pa\u0144stwa potrzeb.<\/p>\n<\/div><\/section>\n<section  class='av_textblock_section av-av_textblock-0366cc7376be6c9e82a3e9cc8987b64f '   itemscope=\"itemscope\" itemtype=\"https:\/\/schema.org\/CreativeWork\" ><div class='avia_textblock'  itemprop=\"text\" ><\/div><\/section>\n","protected":false},"excerpt":{"rendered":"","protected":false},"author":1,"featured_media":0,"parent":867,"menu_order":0,"comment_status":"open","ping_status":"closed","template":"","meta":{"footnotes":""},"class_list":["post-815","page","type-page","status-publish","hentry"],"_links":{"self":[{"href":"https:\/\/frigotec.de\/pl\/wp-json\/wp\/v2\/pages\/815","targetHints":{"allow":["GET"]}}],"collection":[{"href":"https:\/\/frigotec.de\/pl\/wp-json\/wp\/v2\/pages"}],"about":[{"href":"https:\/\/frigotec.de\/pl\/wp-json\/wp\/v2\/types\/page"}],"author":[{"embeddable":true,"href":"https:\/\/frigotec.de\/pl\/wp-json\/wp\/v2\/users\/1"}],"replies":[{"embeddable":true,"href":"https:\/\/frigotec.de\/pl\/wp-json\/wp\/v2\/comments?post=815"}],"version-history":[{"count":4,"href":"https:\/\/frigotec.de\/pl\/wp-json\/wp\/v2\/pages\/815\/revisions"}],"predecessor-version":[{"id":1218,"href":"https:\/\/frigotec.de\/pl\/wp-json\/wp\/v2\/pages\/815\/revisions\/1218"}],"up":[{"embeddable":true,"href":"https:\/\/frigotec.de\/pl\/wp-json\/wp\/v2\/pages\/867"}],"wp:attachment":[{"href":"https:\/\/frigotec.de\/pl\/wp-json\/wp\/v2\/media?parent=815"}],"curies":[{"name":"wp","href":"https:\/\/api.w.org\/{rel}","templated":true}]}}