{"id":819,"date":"2017-02-14T13:51:16","date_gmt":"2017-02-14T12:51:16","guid":{"rendered":"http:\/\/relaunch.frigotec.de\/?page_id=819\/"},"modified":"2017-03-17T14:47:50","modified_gmt":"2017-03-17T13:47:50","slug":"klimatyzacja","status":"publish","type":"page","link":"https:\/\/frigotec.de\/pl\/systemy_schladzania_i_przechowywania\/klimatyzacja\/","title":{"rendered":"Klimatyzacja"},"content":{"rendered":"<div id='av_section_1'  class='avia-section av-av_section-f5416f04ad720a2c47933a0c3c5c9f4d main_color avia-section-no-padding avia-no-border-styling  avia-builder-el-0  el_before_av_heading  avia-builder-el-first  avia-bg-style-scroll container_wrap sidebar_right'  ><div class='container av-section-cont-open' ><main  role=\"main\" itemprop=\"mainContentOfPage\"  class='template-page content  av-content-small alpha units'><div class='post-entry post-entry-type-page post-entry-819'><div class='entry-content-wrapper clearfix'>\n\n\n<style type=\"text\/css\" data-created_by=\"avia_inline_auto\" id=\"style-css-av-av_hr-0688d0b0b6ed2f8b057db7a8270206df\">\n#top .hr.hr-invisible.av-av_hr-0688d0b0b6ed2f8b057db7a8270206df{\nheight:50px;\n}\n<\/style>\n<div  class='hr av-av_hr-0688d0b0b6ed2f8b057db7a8270206df hr-invisible  avia-builder-el-2  el_after_av_codeblock  avia-builder-el-last '><span class='hr-inner '><span class=\"hr-inner-style\"><\/span><\/span><\/div>\n<\/div><\/div><\/main><!-- close content main element --><\/div><\/div><div id='after_section_1'  class='main_color av_default_container_wrap container_wrap sidebar_right'  ><div class='container av-section-cont-open' ><div class='template-page content  av-content-small alpha units'><div class='post-entry post-entry-type-page post-entry-819'><div class='entry-content-wrapper clearfix'>\n<style type=\"text\/css\" data-created_by=\"avia_inline_auto\" id=\"style-css-av-av_heading-2f14011786aef0d0f8a0b092d8c57582\">\n#top .av-special-heading.av-av_heading-2f14011786aef0d0f8a0b092d8c57582{\npadding-bottom:20px;\ncolor:#000000;\n}\nbody .av-special-heading.av-av_heading-2f14011786aef0d0f8a0b092d8c57582 .av-special-heading-tag .heading-char{\nfont-size:25px;\n}\n.av-special-heading.av-av_heading-2f14011786aef0d0f8a0b092d8c57582 .special-heading-inner-border{\nborder-color:#000000;\n}\n.av-special-heading.av-av_heading-2f14011786aef0d0f8a0b092d8c57582 .av-subheading{\nfont-size:15px;\n}\n<\/style>\n<div  class='av-special-heading av-av_heading-2f14011786aef0d0f8a0b092d8c57582 av-special-heading-h1 custom-color-heading blockquote modern-quote  avia-builder-el-3  el_after_av_section  el_before_av_textblock  avia-builder-el-first '><h1 class='av-special-heading-tag'  itemprop=\"headline\"  >Klimatyzacja<\/h1><div class=\"special-heading-border\"><div class=\"special-heading-inner-border\"><\/div><\/div><\/div><\/p>\n<section  class='av_textblock_section av-av_textblock-0366cc7376be6c9e82a3e9cc8987b64f '   itemscope=\"itemscope\" itemtype=\"https:\/\/schema.org\/CreativeWork\" ><div class='avia_textblock'  itemprop=\"text\" ><p>Klimatyzacja dba o utrzymanie sta\u0142ego klimatu w najr\u00f3\u017cniejszych pomieszczeniach. Opr\u00f3cz regulacji temperatury klimatyzacja obejmuje tak\u017ce pomiar i sterowanie wilgotno\u015bci i jako\u015bci powietrza oraz powietrza doprowadzanego.<\/p>\n<h3>Oszcz\u0119dno\u015b\u0107 energii i przyjazno\u015b\u0107 dla \u015brodowiska<\/h3>\n<p>Od ponad 20 lat stawiamy na skuteczn\u0105 zasad\u0119: trwa\u0142e urz\u0105dzenia w najnowocze\u015bniejszej wersji.<\/p>\n<p>Daje to naszym klientom r\u00f3\u017cne zalety:<\/p>\n<\/div><\/section>\n\n<style type=\"text\/css\" data-created_by=\"avia_inline_auto\" id=\"style-css-av-av_hr-5ea7596238ed9f191e6b5e662093052f\">\n#top .hr.hr-invisible.av-av_hr-5ea7596238ed9f191e6b5e662093052f{\nheight:30px;\n}\n<\/style>\n<div  class='hr av-av_hr-5ea7596238ed9f191e6b5e662093052f hr-invisible  avia-builder-el-5  el_after_av_textblock  el_before_av_textblock '><span class='hr-inner '><span class=\"hr-inner-style\"><\/span><\/span><\/div>\n\n<style type=\"text\/css\" data-created_by=\"avia_inline_auto\" id=\"style-css-av-av_textblock-81aa2b3a0c32445fdfb9fd578705c37c\">\n#top .av_textblock_section.av-av_textblock-81aa2b3a0c32445fdfb9fd578705c37c .avia_textblock{\ncolor:#05305c;\n}\n<\/style>\n<section  class='av_textblock_section av-av_textblock-81aa2b3a0c32445fdfb9fd578705c37c '   itemscope=\"itemscope\" itemtype=\"https:\/\/schema.org\/CreativeWork\" ><div class='avia_textblock av_inherit_color'  itemprop=\"text\" ><ul>\n<li>\n<h5><strong>solidno\u015b\u0107 i niezawodno\u015b\u0107<\/strong><\/h5>\n<h5><\/h5>\n<\/li>\n<li>\n<h5><strong>przyjazno\u015b\u0107 dla \u015brodowiska i oszcz\u0119dno\u015b\u0107 energii<\/strong><\/h5>\n<h5><\/h5>\n<\/li>\n<li>\n<h5><strong>\u0142atwo\u015b\u0107 konserwacji<\/strong><\/h5>\n<\/li>\n<\/ul>\n<\/div><\/section>\n\n<style type=\"text\/css\" data-created_by=\"avia_inline_auto\" id=\"style-css-av-av_hr-5ea7596238ed9f191e6b5e662093052f\">\n#top .hr.hr-invisible.av-av_hr-5ea7596238ed9f191e6b5e662093052f{\nheight:30px;\n}\n<\/style>\n<div  class='hr av-av_hr-5ea7596238ed9f191e6b5e662093052f hr-invisible  avia-builder-el-7  el_after_av_textblock  el_before_av_textblock '><span class='hr-inner '><span class=\"hr-inner-style\"><\/span><\/span><\/div>\n<section  class='av_textblock_section av-av_textblock-0366cc7376be6c9e82a3e9cc8987b64f '   itemscope=\"itemscope\" itemtype=\"https:\/\/schema.org\/CreativeWork\" ><div class='avia_textblock'  itemprop=\"text\" ><h3>klimatyzacja wed\u0142ug potrzeb<\/h3>\n<p>Optymalny sta\u0142y klimat uzyskujemy w takim samym stopniu w pomieszczeniach biurowych, laboratoryjnych, instalacjach badawczych lub pomieszczeniach do przechowywania. Zale\u017cnie od celu zastosowania ka\u017cdy projekt rozwijamy i planujemy indywidualnie. Otrzymuj\u0105 Pa\u0144stwo dostosowane dok\u0142adnie do swoich potrzeb:<\/p>\n<\/div><\/section>\n\n<style type=\"text\/css\" data-created_by=\"avia_inline_auto\" id=\"style-css-av-av_hr-5ea7596238ed9f191e6b5e662093052f\">\n#top .hr.hr-invisible.av-av_hr-5ea7596238ed9f191e6b5e662093052f{\nheight:30px;\n}\n<\/style>\n<div  class='hr av-av_hr-5ea7596238ed9f191e6b5e662093052f hr-invisible  avia-builder-el-9  el_after_av_textblock  el_before_av_textblock '><span class='hr-inner '><span class=\"hr-inner-style\"><\/span><\/span><\/div>\n\n<style type=\"text\/css\" data-created_by=\"avia_inline_auto\" id=\"style-css-av-av_textblock-81aa2b3a0c32445fdfb9fd578705c37c\">\n#top .av_textblock_section.av-av_textblock-81aa2b3a0c32445fdfb9fd578705c37c .avia_textblock{\ncolor:#05305c;\n}\n<\/style>\n<section  class='av_textblock_section av-av_textblock-81aa2b3a0c32445fdfb9fd578705c37c '   itemscope=\"itemscope\" itemtype=\"https:\/\/schema.org\/CreativeWork\" ><div class='avia_textblock av_inherit_color'  itemprop=\"text\" ><ul>\n<li>\n<h5><strong>urz\u0105dzenia do klimatyzacji<\/strong><\/h5>\n<h5><\/h5>\n<\/li>\n<li>\n<h5><strong>urz\u0105dzenia do pomiar\u00f3w i regulacji<\/strong><\/h5>\n<h5><\/h5>\n<\/li>\n<li>\n<h5><strong>urz\u0105dzenia do wentylacji<\/strong><\/h5>\n<\/li>\n<\/ul>\n<\/div><\/section>\n\n<style type=\"text\/css\" data-created_by=\"avia_inline_auto\" id=\"style-css-av-av_hr-5ea7596238ed9f191e6b5e662093052f\">\n#top .hr.hr-invisible.av-av_hr-5ea7596238ed9f191e6b5e662093052f{\nheight:30px;\n}\n<\/style>\n<div  class='hr av-av_hr-5ea7596238ed9f191e6b5e662093052f hr-invisible  avia-builder-el-11  el_after_av_textblock  el_before_av_textblock '><span class='hr-inner '><span class=\"hr-inner-style\"><\/span><\/span><\/div>\n<section  class='av_textblock_section av-av_textblock-0366cc7376be6c9e82a3e9cc8987b64f '   itemscope=\"itemscope\" itemtype=\"https:\/\/schema.org\/CreativeWork\" ><div class='avia_textblock'  itemprop=\"text\" ><p>Potrzebna klimatyzacja do kt\u00f3rego\u015b z Pa\u0144stwa pomieszcze\u0144?<br \/>\nZaprojektujemy odpowiednie rozwi\u0105zanie!<\/p>\n<\/div><\/section>\n<section  class='av_textblock_section av-av_textblock-0366cc7376be6c9e82a3e9cc8987b64f '   itemscope=\"itemscope\" itemtype=\"https:\/\/schema.org\/CreativeWork\" ><div class='avia_textblock'  itemprop=\"text\" ><\/div><\/section>\n","protected":false},"excerpt":{"rendered":"","protected":false},"author":1,"featured_media":0,"parent":867,"menu_order":0,"comment_status":"open","ping_status":"closed","template":"","meta":{"footnotes":""},"class_list":["post-819","page","type-page","status-publish","hentry"],"_links":{"self":[{"href":"https:\/\/frigotec.de\/pl\/wp-json\/wp\/v2\/pages\/819","targetHints":{"allow":["GET"]}}],"collection":[{"href":"https:\/\/frigotec.de\/pl\/wp-json\/wp\/v2\/pages"}],"about":[{"href":"https:\/\/frigotec.de\/pl\/wp-json\/wp\/v2\/types\/page"}],"author":[{"embeddable":true,"href":"https:\/\/frigotec.de\/pl\/wp-json\/wp\/v2\/users\/1"}],"replies":[{"embeddable":true,"href":"https:\/\/frigotec.de\/pl\/wp-json\/wp\/v2\/comments?post=819"}],"version-history":[{"count":4,"href":"https:\/\/frigotec.de\/pl\/wp-json\/wp\/v2\/pages\/819\/revisions"}],"predecessor-version":[{"id":1209,"href":"https:\/\/frigotec.de\/pl\/wp-json\/wp\/v2\/pages\/819\/revisions\/1209"}],"up":[{"embeddable":true,"href":"https:\/\/frigotec.de\/pl\/wp-json\/wp\/v2\/pages\/867"}],"wp:attachment":[{"href":"https:\/\/frigotec.de\/pl\/wp-json\/wp\/v2\/media?parent=819"}],"curies":[{"name":"wp","href":"https:\/\/api.w.org\/{rel}","templated":true}]}}