{"id":833,"date":"2017-02-14T14:26:30","date_gmt":"2017-02-14T13:26:30","guid":{"rendered":"http:\/\/relaunch.frigotec.de\/?page_id=833\/"},"modified":"2020-03-02T16:00:14","modified_gmt":"2020-03-02T15:00:14","slug":"szybkie_schladzanie","status":"publish","type":"page","link":"https:\/\/frigotec.de\/pl\/systemy_schladzania_i_przechowywania\/szybkie_schladzanie\/","title":{"rendered":"Szybkie sch\u0142adzanie"},"content":{"rendered":"<div id='av_section_1'  class='avia-section av-av_section-f5416f04ad720a2c47933a0c3c5c9f4d main_color avia-section-no-padding avia-no-border-styling  avia-builder-el-0  el_before_av_heading  avia-builder-el-first  avia-bg-style-scroll container_wrap sidebar_right'  ><div class='container av-section-cont-open' ><main  role=\"main\" itemprop=\"mainContentOfPage\"  class='template-page content  av-content-small alpha units'><div class='post-entry post-entry-type-page post-entry-833'><div class='entry-content-wrapper clearfix'>\n\n\n<style type=\"text\/css\" data-created_by=\"avia_inline_auto\" id=\"style-css-av-av_hr-0688d0b0b6ed2f8b057db7a8270206df\">\n#top .hr.hr-invisible.av-av_hr-0688d0b0b6ed2f8b057db7a8270206df{\nheight:50px;\n}\n<\/style>\n<div  class='hr av-av_hr-0688d0b0b6ed2f8b057db7a8270206df hr-invisible  avia-builder-el-2  el_after_av_codeblock  avia-builder-el-last '><span class='hr-inner '><span class=\"hr-inner-style\"><\/span><\/span><\/div>\n<\/div><\/div><\/main><!-- close content main element --><\/div><\/div><div id='after_section_1'  class='main_color av_default_container_wrap container_wrap sidebar_right'  ><div class='container av-section-cont-open' ><div class='template-page content  av-content-small alpha units'><div class='post-entry post-entry-type-page post-entry-833'><div class='entry-content-wrapper clearfix'>\n\n<style type=\"text\/css\" data-created_by=\"avia_inline_auto\" id=\"style-css-av-av_heading-ba5e3b8e28f1eb92ca4cca836ea38882\">\n#top .av-special-heading.av-av_heading-ba5e3b8e28f1eb92ca4cca836ea38882{\npadding-bottom:20px;\ncolor:#000000;\n}\nbody .av-special-heading.av-av_heading-ba5e3b8e28f1eb92ca4cca836ea38882 .av-special-heading-tag .heading-char{\nfont-size:25px;\n}\n.av-special-heading.av-av_heading-ba5e3b8e28f1eb92ca4cca836ea38882 .special-heading-inner-border{\nborder-color:#000000;\n}\n.av-special-heading.av-av_heading-ba5e3b8e28f1eb92ca4cca836ea38882 .av-subheading{\nfont-size:15px;\n}\n<\/style>\n<div  class='av-special-heading av-av_heading-ba5e3b8e28f1eb92ca4cca836ea38882 av-special-heading-h1 custom-color-heading blockquote modern-quote  avia-builder-el-3  el_after_av_section  el_before_av_textblock  avia-builder-el-first '><h1 class='av-special-heading-tag'  itemprop=\"headline\"  >Szybkie sch\u0142adzanie<\/h1><div class=\"special-heading-border\"><div class=\"special-heading-inner-border\"><\/div><\/div><\/div>\n<section  class='av_textblock_section av-av_textblock-0366cc7376be6c9e82a3e9cc8987b64f '   itemscope=\"itemscope\" itemtype=\"https:\/\/schema.org\/CreativeWork\" ><div class='avia_textblock'  itemprop=\"text\" ><p>Szybkie sch\u0142adzanie to idealne rozwi\u0105zanie w celu znacznej poprawy trwa\u0142o\u015bci i stabilno\u015bci wra\u017cliwych owoc\u00f3w i \u015bwie\u017cych produkt\u00f3w. Zwi\u0119ksza zdolno\u015b\u0107 do transportu i utrzymuje jako\u015b\u0107 Pa\u0144stwa produkt\u00f3w na d\u0142ugi czas.<\/p>\n<h3>Innowacyjne i niezawodne urz\u0105dzenia<\/h3>\n<p>Dzi\u0119ki naszemu wieloletniemu do\u015bwiadczeniu nasze systemy szybkiego sch\u0142adzania oznaczaj\u0105 szczeg\u00f3lnie wysok\u0105:<\/p>\n<\/div><\/section>\n\n<style type=\"text\/css\" data-created_by=\"avia_inline_auto\" id=\"style-css-av-av_hr-5ea7596238ed9f191e6b5e662093052f\">\n#top .hr.hr-invisible.av-av_hr-5ea7596238ed9f191e6b5e662093052f{\nheight:30px;\n}\n<\/style>\n<div  class='hr av-av_hr-5ea7596238ed9f191e6b5e662093052f hr-invisible  avia-builder-el-5  el_after_av_textblock  el_before_av_textblock '><span class='hr-inner '><span class=\"hr-inner-style\"><\/span><\/span><\/div>\n\n<style type=\"text\/css\" data-created_by=\"avia_inline_auto\" id=\"style-css-av-av_textblock-81aa2b3a0c32445fdfb9fd578705c37c\">\n#top .av_textblock_section.av-av_textblock-81aa2b3a0c32445fdfb9fd578705c37c .avia_textblock{\ncolor:#05305c;\n}\n<\/style>\n<section  class='av_textblock_section av-av_textblock-81aa2b3a0c32445fdfb9fd578705c37c '   itemscope=\"itemscope\" itemtype=\"https:\/\/schema.org\/CreativeWork\" ><div class='avia_textblock av_inherit_color'  itemprop=\"text\" ><ul>\n<li>\n<h5><strong>niezawodno\u015b\u0107<\/strong><\/h5>\n<h5><\/h5>\n<\/li>\n<li>\n<h5><strong>\u0142atwo\u015b\u0107 konserwacji<\/strong><\/h5>\n<h5><\/h5>\n<\/li>\n<li>\n<h5><strong>przyjazno\u015b\u0107 dla \u015brodowiska i efektywno\u015b\u0107 energetyczna<\/strong><\/h5>\n<\/li>\n<\/ul>\n<\/div><\/section>\n\n<style type=\"text\/css\" data-created_by=\"avia_inline_auto\" id=\"style-css-av-av_hr-5ea7596238ed9f191e6b5e662093052f\">\n#top .hr.hr-invisible.av-av_hr-5ea7596238ed9f191e6b5e662093052f{\nheight:30px;\n}\n<\/style>\n<div  class='hr av-av_hr-5ea7596238ed9f191e6b5e662093052f hr-invisible  avia-builder-el-7  el_after_av_textblock  el_before_av_textblock '><span class='hr-inner '><span class=\"hr-inner-style\"><\/span><\/span><\/div>\n<section  class='av_textblock_section av-av_textblock-0366cc7376be6c9e82a3e9cc8987b64f '   itemscope=\"itemscope\" itemtype=\"https:\/\/schema.org\/CreativeWork\" ><div class='avia_textblock'  itemprop=\"text\" ><p>Uzyskujemy to dzi\u0119ki konsekwentnemu stosowaniu sprawdzonych i innowacyjnych technologii. Ponadto ka\u017cdy system projektujemy w taki spos\u00f3b, aby ca\u0142kowicie niezawodnie wykonywa\u0142 swoj\u0105 prac\u0119 r\u00f3wnie\u017c przy wysokich temperaturach zewn\u0119trznych w \u015brodku lata.<\/p>\n<h3>Szybkie ch\u0142odzenie na miar\u0119<\/h3>\n<p>Zasadniczo w centrum uwagi ka\u017cdego projektu znajduj\u0105 si\u0119 nasi klienci. W zale\u017cno\u015bci od Pa\u0144stwa wymaga\u0144 a tak\u017ce od rodzaju i wielko\u015bci potrzebnej instalacji zastosowanie znajduj\u0105:<\/p>\n<\/div><\/section>\n\n<style type=\"text\/css\" data-created_by=\"avia_inline_auto\" id=\"style-css-av-av_hr-5ea7596238ed9f191e6b5e662093052f\">\n#top .hr.hr-invisible.av-av_hr-5ea7596238ed9f191e6b5e662093052f{\nheight:30px;\n}\n<\/style>\n<div  class='hr av-av_hr-5ea7596238ed9f191e6b5e662093052f hr-invisible  avia-builder-el-9  el_after_av_textblock  el_before_av_textblock '><span class='hr-inner '><span class=\"hr-inner-style\"><\/span><\/span><\/div>\n\n<style type=\"text\/css\" data-created_by=\"avia_inline_auto\" id=\"style-css-av-av_textblock-81aa2b3a0c32445fdfb9fd578705c37c\">\n#top .av_textblock_section.av-av_textblock-81aa2b3a0c32445fdfb9fd578705c37c .avia_textblock{\ncolor:#05305c;\n}\n<\/style>\n<section  class='av_textblock_section av-av_textblock-81aa2b3a0c32445fdfb9fd578705c37c '   itemscope=\"itemscope\" itemtype=\"https:\/\/schema.org\/CreativeWork\" ><div class='avia_textblock av_inherit_color'  itemprop=\"text\" ><ul>\n<li>\n<h5><strong>systemy ch\u0142odzenia bezpo\u015brednie lub po\u015brednie (glikol\/woda)<\/strong><\/h5>\n<h5><\/h5>\n<\/li>\n<li>\n<h5><strong>standardowe czynniki ch\u0142odnicze (R134a) lub propan (R290) i amoniak (R717) jako czynniki ch\u0142odnicze szczeg\u00f3lnie przyjazne dla \u015brodowiska<\/strong><\/h5>\n<h5><\/h5>\n<\/li>\n<li>\n<h5><strong>systemy odzysku ciep\u0142a<\/strong><\/h5>\n<\/li>\n<\/ul>\n<\/div><\/section>\n\n<style type=\"text\/css\" data-created_by=\"avia_inline_auto\" id=\"style-css-av-av_hr-5ea7596238ed9f191e6b5e662093052f\">\n#top .hr.hr-invisible.av-av_hr-5ea7596238ed9f191e6b5e662093052f{\nheight:30px;\n}\n<\/style>\n<div  class='hr av-av_hr-5ea7596238ed9f191e6b5e662093052f hr-invisible  avia-builder-el-11  el_after_av_textblock  el_before_av_textblock '><span class='hr-inner '><span class=\"hr-inner-style\"><\/span><\/span><\/div>\n<section  class='av_textblock_section av-av_textblock-0366cc7376be6c9e82a3e9cc8987b64f '   itemscope=\"itemscope\" itemtype=\"https:\/\/schema.org\/CreativeWork\" ><div class='avia_textblock'  itemprop=\"text\" ><p>Prosz\u0119 przedstawi\u0107 nam sw\u00f3j projekt!<br \/>\nWsp\u00f3lnie znajdziemy rozwi\u0105zanie optymalnie dostosowane do Pa\u0144stwa potrzeb!<\/p>\n<\/div><\/section>\n\n<style type=\"text\/css\" data-created_by=\"avia_inline_auto\" id=\"style-css-av-k7albkig-8c1ea85df6844d3a1a6c5df0a38d84ea\">\n#top .avia-gallery.av-k7albkig-8c1ea85df6844d3a1a6c5df0a38d84ea .avia-gallery-thumb a{\nwidth:25%;\n}\n<\/style>\n<div  class='avia-gallery av-k7albkig-8c1ea85df6844d3a1a6c5df0a38d84ea avia_animate_when_visible  avia-builder-el-13  el_after_av_textblock  avia-builder-el-last  animations_off avia-gallery-1'  itemprop=\"image\" itemscope=\"itemscope\" itemtype=\"https:\/\/schema.org\/ImageObject\" ><meta itemprop=\"contentURL\" content=\"https:\/\/frigotec.de\/pl\/systemy_schladzania_i_przechowywania\/szybkie_schladzanie\/\"><div class='avia-gallery-thumb'><a href=\"https:\/\/frigotec.de\/wp-content\/uploads\/2020\/03\/DSC_3724.jpg\" data-srcset=\"https:\/\/frigotec.de\/wp-content\/uploads\/2020\/03\/DSC_3724.jpg 1024w, https:\/\/frigotec.de\/wp-content\/uploads\/2020\/03\/DSC_3724-300x200.jpg 300w, https:\/\/frigotec.de\/wp-content\/uploads\/2020\/03\/DSC_3724-768x512.jpg 768w, https:\/\/frigotec.de\/wp-content\/uploads\/2020\/03\/DSC_3724-705x470.jpg 705w, https:\/\/frigotec.de\/wp-content\/uploads\/2020\/03\/DSC_3724-450x300.jpg 450w\" data-sizes=\"(max-width: 1024px) 100vw, 1024px\" data-rel='gallery-1' data-prev-img='https:\/\/frigotec.de\/wp-content\/uploads\/2020\/03\/DSC_3724-495x400.jpg' class='first_thumb lightbox ' data-onclick='1' title=''  itemprop=\"thumbnailUrl\"  ><img decoding=\"async\" class=\"wp-image-1868 avia-img-lazy-loading-not-1868\"   src=\"https:\/\/frigotec.de\/wp-content\/uploads\/2020\/03\/DSC_3724-495x400.jpg\" width=\"495\" height=\"400\"  title='' alt='' srcset=\"https:\/\/frigotec.de\/wp-content\/uploads\/2020\/03\/DSC_3724-495x400.jpg 495w, https:\/\/frigotec.de\/wp-content\/uploads\/2020\/03\/DSC_3724-845x683.jpg 845w\" sizes=\"(max-width: 495px) 100vw, 495px\" \/><div class='big-prev-fake'><img loading=\"lazy\" decoding=\"async\" class=\"wp-image-1868 avia-img-lazy-loading-1868\"  width=\"495\" height=\"400\" src=\"https:\/\/frigotec.de\/wp-content\/uploads\/2020\/03\/DSC_3724-495x400.jpg\" title='' alt='' srcset=\"https:\/\/frigotec.de\/wp-content\/uploads\/2020\/03\/DSC_3724-495x400.jpg 495w, https:\/\/frigotec.de\/wp-content\/uploads\/2020\/03\/DSC_3724-845x683.jpg 845w\" sizes=\"auto, (max-width: 495px) 100vw, 495px\" \/><\/div><\/a><a href=\"https:\/\/frigotec.de\/wp-content\/uploads\/2020\/03\/IMG_9909.jpg\" data-srcset=\"https:\/\/frigotec.de\/wp-content\/uploads\/2020\/03\/IMG_9909.jpg 984w, https:\/\/frigotec.de\/wp-content\/uploads\/2020\/03\/IMG_9909-300x200.jpg 300w, https:\/\/frigotec.de\/wp-content\/uploads\/2020\/03\/IMG_9909-768x512.jpg 768w, https:\/\/frigotec.de\/wp-content\/uploads\/2020\/03\/IMG_9909-705x470.jpg 705w, https:\/\/frigotec.de\/wp-content\/uploads\/2020\/03\/IMG_9909-450x300.jpg 450w\" data-sizes=\"(max-width: 984px) 100vw, 984px\" data-rel='gallery-1' data-prev-img='https:\/\/frigotec.de\/wp-content\/uploads\/2020\/03\/IMG_9909-495x400.jpg' class='lightbox ' data-onclick='2' title=''  itemprop=\"thumbnailUrl\"  ><img decoding=\"async\" class=\"wp-image-1880 avia-img-lazy-loading-not-1880\"   src=\"https:\/\/frigotec.de\/wp-content\/uploads\/2020\/03\/IMG_9909-495x400.jpg\" width=\"495\" height=\"400\"  title='' alt='' \/><div class='big-prev-fake'><img loading=\"lazy\" decoding=\"async\" class=\"wp-image-1880 avia-img-lazy-loading-1880\"  width=\"495\" height=\"400\" src=\"https:\/\/frigotec.de\/wp-content\/uploads\/2020\/03\/IMG_9909-495x400.jpg\" title='' alt='' \/><\/div><\/a><a href=\"https:\/\/frigotec.de\/wp-content\/uploads\/2020\/03\/IMG_9828.jpg\" data-srcset=\"https:\/\/frigotec.de\/wp-content\/uploads\/2020\/03\/IMG_9828.jpg 984w, https:\/\/frigotec.de\/wp-content\/uploads\/2020\/03\/IMG_9828-300x200.jpg 300w, https:\/\/frigotec.de\/wp-content\/uploads\/2020\/03\/IMG_9828-768x512.jpg 768w, https:\/\/frigotec.de\/wp-content\/uploads\/2020\/03\/IMG_9828-705x470.jpg 705w, https:\/\/frigotec.de\/wp-content\/uploads\/2020\/03\/IMG_9828-450x300.jpg 450w\" data-sizes=\"(max-width: 984px) 100vw, 984px\" data-rel='gallery-1' data-prev-img='https:\/\/frigotec.de\/wp-content\/uploads\/2020\/03\/IMG_9828-495x400.jpg' class='lightbox ' data-onclick='3' title=''  itemprop=\"thumbnailUrl\"  ><img decoding=\"async\" class=\"wp-image-1872 avia-img-lazy-loading-not-1872\"   src=\"https:\/\/frigotec.de\/wp-content\/uploads\/2020\/03\/IMG_9828-495x400.jpg\" width=\"495\" height=\"400\"  title='' alt='' \/><div class='big-prev-fake'><img loading=\"lazy\" decoding=\"async\" class=\"wp-image-1872 avia-img-lazy-loading-1872\"  width=\"495\" height=\"400\" src=\"https:\/\/frigotec.de\/wp-content\/uploads\/2020\/03\/IMG_9828-495x400.jpg\" title='' alt='' \/><\/div><\/a><a href=\"https:\/\/frigotec.de\/wp-content\/uploads\/2020\/03\/IMG_9837.jpg\" data-srcset=\"https:\/\/frigotec.de\/wp-content\/uploads\/2020\/03\/IMG_9837.jpg 984w, https:\/\/frigotec.de\/wp-content\/uploads\/2020\/03\/IMG_9837-300x200.jpg 300w, https:\/\/frigotec.de\/wp-content\/uploads\/2020\/03\/IMG_9837-768x512.jpg 768w, https:\/\/frigotec.de\/wp-content\/uploads\/2020\/03\/IMG_9837-705x470.jpg 705w, https:\/\/frigotec.de\/wp-content\/uploads\/2020\/03\/IMG_9837-450x300.jpg 450w\" data-sizes=\"(max-width: 984px) 100vw, 984px\" data-rel='gallery-1' data-prev-img='https:\/\/frigotec.de\/wp-content\/uploads\/2020\/03\/IMG_9837-495x400.jpg' class='lightbox ' data-onclick='4' title=''  itemprop=\"thumbnailUrl\"  ><img decoding=\"async\" class=\"wp-image-1876 avia-img-lazy-loading-not-1876\"   src=\"https:\/\/frigotec.de\/wp-content\/uploads\/2020\/03\/IMG_9837-495x400.jpg\" width=\"495\" height=\"400\"  title='' alt='' \/><div class='big-prev-fake'><img loading=\"lazy\" decoding=\"async\" class=\"wp-image-1876 avia-img-lazy-loading-1876\"  width=\"495\" height=\"400\" src=\"https:\/\/frigotec.de\/wp-content\/uploads\/2020\/03\/IMG_9837-495x400.jpg\" title='' alt='' \/><\/div><\/a><\/div><\/div>\n","protected":false},"excerpt":{"rendered":"","protected":false},"author":1,"featured_media":0,"parent":867,"menu_order":0,"comment_status":"open","ping_status":"closed","template":"","meta":{"footnotes":""},"class_list":["post-833","page","type-page","status-publish","hentry"],"_links":{"self":[{"href":"https:\/\/frigotec.de\/pl\/wp-json\/wp\/v2\/pages\/833","targetHints":{"allow":["GET"]}}],"collection":[{"href":"https:\/\/frigotec.de\/pl\/wp-json\/wp\/v2\/pages"}],"about":[{"href":"https:\/\/frigotec.de\/pl\/wp-json\/wp\/v2\/types\/page"}],"author":[{"embeddable":true,"href":"https:\/\/frigotec.de\/pl\/wp-json\/wp\/v2\/users\/1"}],"replies":[{"embeddable":true,"href":"https:\/\/frigotec.de\/pl\/wp-json\/wp\/v2\/comments?post=833"}],"version-history":[{"count":6,"href":"https:\/\/frigotec.de\/pl\/wp-json\/wp\/v2\/pages\/833\/revisions"}],"predecessor-version":[{"id":1888,"href":"https:\/\/frigotec.de\/pl\/wp-json\/wp\/v2\/pages\/833\/revisions\/1888"}],"up":[{"embeddable":true,"href":"https:\/\/frigotec.de\/pl\/wp-json\/wp\/v2\/pages\/867"}],"wp:attachment":[{"href":"https:\/\/frigotec.de\/pl\/wp-json\/wp\/v2\/media?parent=833"}],"curies":[{"name":"wp","href":"https:\/\/api.w.org\/{rel}","templated":true}]}}