{"id":837,"date":"2017-02-14T14:33:14","date_gmt":"2017-02-14T13:33:14","guid":{"rendered":"http:\/\/relaunch.frigotec.de\/?page_id=837\/"},"modified":"2017-03-21T12:38:50","modified_gmt":"2017-03-21T11:38:50","slug":"zamrazarki_szokowe","status":"publish","type":"page","link":"https:\/\/frigotec.de\/pl\/systemy_schladzania_i_przechowywania\/zamrazarki_szokowe\/","title":{"rendered":"Zamra\u017carki szokowe"},"content":{"rendered":"<div id='av_section_1'  class='avia-section av-av_section-f5416f04ad720a2c47933a0c3c5c9f4d main_color avia-section-no-padding avia-no-border-styling  avia-builder-el-0  el_before_av_heading  avia-builder-el-first  avia-bg-style-scroll container_wrap sidebar_right'  ><div class='container av-section-cont-open' ><main  role=\"main\" itemprop=\"mainContentOfPage\"  class='template-page content  av-content-small alpha units'><div class='post-entry post-entry-type-page post-entry-837'><div class='entry-content-wrapper clearfix'>\n\n\n<style type=\"text\/css\" data-created_by=\"avia_inline_auto\" id=\"style-css-av-av_hr-0688d0b0b6ed2f8b057db7a8270206df\">\n#top .hr.hr-invisible.av-av_hr-0688d0b0b6ed2f8b057db7a8270206df{\nheight:50px;\n}\n<\/style>\n<div  class='hr av-av_hr-0688d0b0b6ed2f8b057db7a8270206df hr-invisible  avia-builder-el-2  el_after_av_codeblock  avia-builder-el-last '><span class='hr-inner '><span class=\"hr-inner-style\"><\/span><\/span><\/div>\n<\/div><\/div><\/main><!-- close content main element --><\/div><\/div><div id='after_section_1'  class='main_color av_default_container_wrap container_wrap sidebar_right'  ><div class='container av-section-cont-open' ><div class='template-page content  av-content-small alpha units'><div class='post-entry post-entry-type-page post-entry-837'><div class='entry-content-wrapper clearfix'>\n<style type=\"text\/css\" data-created_by=\"avia_inline_auto\" id=\"style-css-av-av_heading-eb51bf173ca0a02cfe5a11527ebe602f\">\n#top .av-special-heading.av-av_heading-eb51bf173ca0a02cfe5a11527ebe602f{\npadding-bottom:20px;\ncolor:#000000;\n}\nbody .av-special-heading.av-av_heading-eb51bf173ca0a02cfe5a11527ebe602f .av-special-heading-tag .heading-char{\nfont-size:25px;\n}\n.av-special-heading.av-av_heading-eb51bf173ca0a02cfe5a11527ebe602f .special-heading-inner-border{\nborder-color:#000000;\n}\n.av-special-heading.av-av_heading-eb51bf173ca0a02cfe5a11527ebe602f .av-subheading{\nfont-size:15px;\n}\n<\/style>\n<div  class='av-special-heading av-av_heading-eb51bf173ca0a02cfe5a11527ebe602f av-special-heading-h1 custom-color-heading blockquote modern-quote  avia-builder-el-3  el_after_av_section  el_before_av_textblock  avia-builder-el-first '><h1 class='av-special-heading-tag'  itemprop=\"headline\"  >Zamra\u017carki szokowe<\/h1><div class=\"special-heading-border\"><div class=\"special-heading-inner-border\"><\/div><\/div><\/div><\/p>\n<section  class='av_textblock_section av-av_textblock-0366cc7376be6c9e82a3e9cc8987b64f '   itemscope=\"itemscope\" itemtype=\"https:\/\/schema.org\/CreativeWork\" ><div class='avia_textblock'  itemprop=\"text\" ><p>Zamra\u017canie szokowe to idealna metoda, je\u015bli trzeba szybko zakonserwowa\u0107 wra\u017cliwe produkty bez utraty jako\u015bci i w ten spos\u00f3b umo\u017cliwi\u0107 d\u0142ugi czas przechowywania. Decyduj\u0105ce przy tym jest, aby proces zamra\u017cania przebiega\u0142 mo\u017cliwie najszybciej.<\/p>\n<h3>Niezawodne urz\u0105dzenia<\/h3>\n<p>Warunkiem mo\u017cliwie szybkiego zamarzania produkt\u00f3w s\u0105 szczeg\u00f3lnie wydajne urz\u0105dzenia. Dzi\u0119ki naszemu wieloletniemu do\u015bwiadczeniu w dziedzinie urz\u0105dze\u0144 ch\u0142odniczych i procesowych cechy charakterystyczne naszych urz\u0105dze\u0144 do szokowego zamra\u017cania to:<\/p>\n<\/div><\/section>\n\n<style type=\"text\/css\" data-created_by=\"avia_inline_auto\" id=\"style-css-av-av_hr-5ea7596238ed9f191e6b5e662093052f\">\n#top .hr.hr-invisible.av-av_hr-5ea7596238ed9f191e6b5e662093052f{\nheight:30px;\n}\n<\/style>\n<div  class='hr av-av_hr-5ea7596238ed9f191e6b5e662093052f hr-invisible  avia-builder-el-5  el_after_av_textblock  el_before_av_textblock '><span class='hr-inner '><span class=\"hr-inner-style\"><\/span><\/span><\/div>\n\n<style type=\"text\/css\" data-created_by=\"avia_inline_auto\" id=\"style-css-av-av_textblock-3f008d4841a0d74f58000eac3799ce5d\">\n#top .av_textblock_section.av-av_textblock-3f008d4841a0d74f58000eac3799ce5d .avia_textblock{\ncolor:#05205c;\n}\n<\/style>\n<section  class='av_textblock_section av-av_textblock-3f008d4841a0d74f58000eac3799ce5d '   itemscope=\"itemscope\" itemtype=\"https:\/\/schema.org\/CreativeWork\" ><div class='avia_textblock av_inherit_color'  itemprop=\"text\" ><ul>\n<li>\n<h5><strong>szczeg\u00f3lna oszcz\u0119dzanie zamra\u017canych produkt\u00f3w<\/strong><\/h5>\n<h5><\/h5>\n<\/li>\n<li>\n<h5><strong>wysoka trwa\u0142o\u015b\u0107 i niezawodno\u015b\u0107<\/strong><\/h5>\n<h5><\/h5>\n<\/li>\n<li>\n<h5><strong>nieznaczne nak\u0142ady na konserwacj\u0119<\/strong><\/h5>\n<h5><\/h5>\n<\/li>\n<li>\n<h5><strong>oszcz\u0119dno\u015b\u0107 energii i przyjazno\u015b\u0107 dla \u015brodowiska<\/strong><\/h5>\n<\/li>\n<\/ul>\n<\/div><\/section>\n\n<style type=\"text\/css\" data-created_by=\"avia_inline_auto\" id=\"style-css-av-av_hr-5ea7596238ed9f191e6b5e662093052f\">\n#top .hr.hr-invisible.av-av_hr-5ea7596238ed9f191e6b5e662093052f{\nheight:30px;\n}\n<\/style>\n<div  class='hr av-av_hr-5ea7596238ed9f191e6b5e662093052f hr-invisible  avia-builder-el-7  el_after_av_textblock  el_before_av_textblock '><span class='hr-inner '><span class=\"hr-inner-style\"><\/span><\/span><\/div>\n<section  class='av_textblock_section av-av_textblock-0366cc7376be6c9e82a3e9cc8987b64f '   itemscope=\"itemscope\" itemtype=\"https:\/\/schema.org\/CreativeWork\" ><div class='avia_textblock'  itemprop=\"text\" ><p>Wszystkie te cechy naszych urz\u0105dze\u0144 s\u0105 mo\u017cliwe dlatego, \u017ce konsekwentnie stosujemy innowacyjne i jednocze\u015bnie bardzo trwa\u0142e komponenty.<\/p>\n<h3>Zamra\u017carki szokowe na miar\u0119<\/h3>\n<p>Drugim wa\u017cnym warunkiem niezawodno\u015bci naszych urz\u0105dze\u0144 jest dok\u0142adne, indywidualne zaplanowanie i koncepcja ka\u017cdego projektu. Warunki lokalne oraz wymagania naszych klient\u00f3w s\u0105 przy tym w centrum naszej uwagi.<\/p>\n<\/div><\/section>\n\n<style type=\"text\/css\" data-created_by=\"avia_inline_auto\" id=\"style-css-av-av_hr-5ea7596238ed9f191e6b5e662093052f\">\n#top .hr.hr-invisible.av-av_hr-5ea7596238ed9f191e6b5e662093052f{\nheight:30px;\n}\n<\/style>\n<div  class='hr av-av_hr-5ea7596238ed9f191e6b5e662093052f hr-invisible  avia-builder-el-9  el_after_av_textblock  el_before_av_textblock '><span class='hr-inner '><span class=\"hr-inner-style\"><\/span><\/span><\/div>\n<section  class='av_textblock_section av-av_textblock-0366cc7376be6c9e82a3e9cc8987b64f '   itemscope=\"itemscope\" itemtype=\"https:\/\/schema.org\/CreativeWork\" ><div class='avia_textblock'  itemprop=\"text\" ><p>Znajdziemy odpowiednie rozwi\u0105zanie, tak\u017ce do Pa\u0144stwa wymaga\u0144.<br \/>\nPorozmawiajmy o tym!<\/p>\n<\/div><\/section>\n<section  class='av_textblock_section av-av_textblock-0366cc7376be6c9e82a3e9cc8987b64f '   itemscope=\"itemscope\" itemtype=\"https:\/\/schema.org\/CreativeWork\" ><div class='avia_textblock'  itemprop=\"text\" ><\/div><\/section>\n","protected":false},"excerpt":{"rendered":"","protected":false},"author":1,"featured_media":0,"parent":867,"menu_order":0,"comment_status":"open","ping_status":"closed","template":"","meta":{"footnotes":""},"class_list":["post-837","page","type-page","status-publish","hentry"],"_links":{"self":[{"href":"https:\/\/frigotec.de\/pl\/wp-json\/wp\/v2\/pages\/837","targetHints":{"allow":["GET"]}}],"collection":[{"href":"https:\/\/frigotec.de\/pl\/wp-json\/wp\/v2\/pages"}],"about":[{"href":"https:\/\/frigotec.de\/pl\/wp-json\/wp\/v2\/types\/page"}],"author":[{"embeddable":true,"href":"https:\/\/frigotec.de\/pl\/wp-json\/wp\/v2\/users\/1"}],"replies":[{"embeddable":true,"href":"https:\/\/frigotec.de\/pl\/wp-json\/wp\/v2\/comments?post=837"}],"version-history":[{"count":5,"href":"https:\/\/frigotec.de\/pl\/wp-json\/wp\/v2\/pages\/837\/revisions"}],"predecessor-version":[{"id":1224,"href":"https:\/\/frigotec.de\/pl\/wp-json\/wp\/v2\/pages\/837\/revisions\/1224"}],"up":[{"embeddable":true,"href":"https:\/\/frigotec.de\/pl\/wp-json\/wp\/v2\/pages\/867"}],"wp:attachment":[{"href":"https:\/\/frigotec.de\/pl\/wp-json\/wp\/v2\/media?parent=837"}],"curies":[{"name":"wp","href":"https:\/\/api.w.org\/{rel}","templated":true}]}}