{"id":849,"date":"2017-02-14T15:12:27","date_gmt":"2017-02-14T14:12:27","guid":{"rendered":"http:\/\/relaunch.frigotec.de\/?page_id=849\/"},"modified":"2017-02-14T15:13:27","modified_gmt":"2017-02-14T14:13:27","slug":"klienci","status":"publish","type":"page","link":"https:\/\/frigotec.de\/pl\/klienci\/","title":{"rendered":"Klienci"},"content":{"rendered":"<div id='av_section_1'  class='avia-section av-av_section-f5416f04ad720a2c47933a0c3c5c9f4d main_color avia-section-no-padding avia-no-border-styling  avia-builder-el-0  el_before_av_one_full  avia-builder-el-first  avia-bg-style-scroll container_wrap sidebar_right'  ><div class='container av-section-cont-open' ><main  role=\"main\" itemprop=\"mainContentOfPage\"  class='template-page content  av-content-small alpha units'><div class='post-entry post-entry-type-page post-entry-849'><div class='entry-content-wrapper clearfix'>\n\n\n<style type=\"text\/css\" data-created_by=\"avia_inline_auto\" id=\"style-css-av-av_hr-0688d0b0b6ed2f8b057db7a8270206df\">\n#top .hr.hr-invisible.av-av_hr-0688d0b0b6ed2f8b057db7a8270206df{\nheight:50px;\n}\n<\/style>\n<div  class='hr av-av_hr-0688d0b0b6ed2f8b057db7a8270206df hr-invisible  avia-builder-el-2  el_after_av_codeblock  avia-builder-el-last '><span class='hr-inner '><span class=\"hr-inner-style\"><\/span><\/span><\/div>\n<\/div><\/div><\/main><!-- close content main element --><\/div><\/div><div id='after_section_1'  class='main_color av_default_container_wrap container_wrap sidebar_right'  ><div class='container av-section-cont-open' ><div class='template-page content  av-content-small alpha units'><div class='post-entry post-entry-type-page post-entry-849'><div class='entry-content-wrapper clearfix'>\n\n<style type=\"text\/css\" data-created_by=\"avia_inline_auto\" id=\"style-css-av-av_one_full-6126cab7d8fab8d08143dd2dacdf673c\">\n.flex_column.av-av_one_full-6126cab7d8fab8d08143dd2dacdf673c{\nborder-radius:0px 0px 0px 0px;\npadding:0px 0px 0px 0px;\n}\n<\/style>\n<div  class='flex_column av-av_one_full-6126cab7d8fab8d08143dd2dacdf673c av_one_full  avia-builder-el-3  el_after_av_section  avia-builder-el-no-sibling  first flex_column_div av-zero-column-padding  '     ><p>\n<style type=\"text\/css\" data-created_by=\"avia_inline_auto\" id=\"style-css-av-av_heading-b2500cc2a678c5bd2338c50cde772d9c\">\n#top .av-special-heading.av-av_heading-b2500cc2a678c5bd2338c50cde772d9c{\npadding-bottom:10px;\n}\nbody .av-special-heading.av-av_heading-b2500cc2a678c5bd2338c50cde772d9c .av-special-heading-tag .heading-char{\nfont-size:25px;\n}\n.av-special-heading.av-av_heading-b2500cc2a678c5bd2338c50cde772d9c .av-subheading{\nfont-size:15px;\n}\n<\/style>\n<div  class='av-special-heading av-av_heading-b2500cc2a678c5bd2338c50cde772d9c av-special-heading-h1 blockquote modern-quote  avia-builder-el-4  el_before_av_hr  avia-builder-el-first '><h1 class='av-special-heading-tag'  itemprop=\"headline\"  >Klienci<\/h1><div class=\"special-heading-border\"><div class=\"special-heading-inner-border\"><\/div><\/div><\/div><br \/>\n\n<style type=\"text\/css\" data-created_by=\"avia_inline_auto\" id=\"style-css-av-av_hr-0688d0b0b6ed2f8b057db7a8270206df\">\n#top .hr.hr-invisible.av-av_hr-0688d0b0b6ed2f8b057db7a8270206df{\nheight:50px;\n}\n<\/style>\n<div  class='hr av-av_hr-0688d0b0b6ed2f8b057db7a8270206df hr-invisible  avia-builder-el-5  el_after_av_heading  el_before_av_textblock '><span class='hr-inner '><span class=\"hr-inner-style\"><\/span><\/span><\/div><br \/>\n<section  class='av_textblock_section av-av_textblock-0366cc7376be6c9e82a3e9cc8987b64f '   itemscope=\"itemscope\" itemtype=\"https:\/\/schema.org\/CreativeWork\" ><div class='avia_textblock'  itemprop=\"text\" ><p>Ma\u0142y wyci\u0105g z listy naszych klient\u00f3w, bez hierarchii wa\u017cno\u015bci. Dla nas ka\u017cdy klient jest wa\u017cny.<br \/>\nSzczeg\u00f3\u0142owych informacji ch\u0119tnie udzielimy w osobistej rozmowie.<\/p>\n<\/div><\/section><br \/>\n\n<style type=\"text\/css\" data-created_by=\"avia_inline_auto\" id=\"style-css-av-av_hr-0688d0b0b6ed2f8b057db7a8270206df\">\n#top .hr.hr-invisible.av-av_hr-0688d0b0b6ed2f8b057db7a8270206df{\nheight:50px;\n}\n<\/style>\n<div  class='hr av-av_hr-0688d0b0b6ed2f8b057db7a8270206df hr-invisible  avia-builder-el-7  el_after_av_textblock  el_before_av_image '><span class='hr-inner '><span class=\"hr-inner-style\"><\/span><\/span><\/div><br \/>\n\n<style type=\"text\/css\" data-created_by=\"avia_inline_auto\" id=\"style-css-av-av_image-7c3373bec770f3205b8bf5bf3577d6a2\">\n.avia-image-container.av-av_image-7c3373bec770f3205b8bf5bf3577d6a2 img.avia_image{\nbox-shadow:none;\n}\n.avia-image-container.av-av_image-7c3373bec770f3205b8bf5bf3577d6a2 .av-image-caption-overlay-center{\ncolor:#ffffff;\n}\n<\/style>\n<div  class='avia-image-container av-av_image-7c3373bec770f3205b8bf5bf3577d6a2 av-styling- avia-align-center  avia-builder-el-8  el_after_av_hr  avia-builder-el-last '   itemprop=\"image\" itemscope=\"itemscope\" itemtype=\"https:\/\/schema.org\/ImageObject\" ><div class=\"avia-image-container-inner\"><div class=\"avia-image-overlay-wrap\"><img decoding=\"async\" class='wp-image-701 avia-img-lazy-loading-not-701 avia_image ' src=\"https:\/\/frigotec.de\/wp-content\/uploads\/2017\/02\/Referenzen-neu.jpg\" alt='' title='Referenzen-neu'  height=\"392\" width=\"959\"  itemprop=\"thumbnailUrl\" srcset=\"https:\/\/frigotec.de\/wp-content\/uploads\/2017\/02\/Referenzen-neu.jpg 959w, https:\/\/frigotec.de\/wp-content\/uploads\/2017\/02\/Referenzen-neu-300x123.jpg 300w, https:\/\/frigotec.de\/wp-content\/uploads\/2017\/02\/Referenzen-neu-768x314.jpg 768w, https:\/\/frigotec.de\/wp-content\/uploads\/2017\/02\/Referenzen-neu-705x288.jpg 705w, https:\/\/frigotec.de\/wp-content\/uploads\/2017\/02\/Referenzen-neu-450x184.jpg 450w\" sizes=\"(max-width: 959px) 100vw, 959px\" \/><\/div><\/div><\/div><\/p><\/div><section  class='av_textblock_section av-av_textblock-0366cc7376be6c9e82a3e9cc8987b64f '   itemscope=\"itemscope\" itemtype=\"https:\/\/schema.org\/CreativeWork\" ><div class='avia_textblock'  itemprop=\"text\" ><\/div><\/section><\/p>\n","protected":false},"excerpt":{"rendered":"","protected":false},"author":1,"featured_media":0,"parent":0,"menu_order":0,"comment_status":"open","ping_status":"closed","template":"","meta":{"footnotes":""},"class_list":["post-849","page","type-page","status-publish","hentry"],"_links":{"self":[{"href":"https:\/\/frigotec.de\/pl\/wp-json\/wp\/v2\/pages\/849","targetHints":{"allow":["GET"]}}],"collection":[{"href":"https:\/\/frigotec.de\/pl\/wp-json\/wp\/v2\/pages"}],"about":[{"href":"https:\/\/frigotec.de\/pl\/wp-json\/wp\/v2\/types\/page"}],"author":[{"embeddable":true,"href":"https:\/\/frigotec.de\/pl\/wp-json\/wp\/v2\/users\/1"}],"replies":[{"embeddable":true,"href":"https:\/\/frigotec.de\/pl\/wp-json\/wp\/v2\/comments?post=849"}],"version-history":[{"count":2,"href":"https:\/\/frigotec.de\/pl\/wp-json\/wp\/v2\/pages\/849\/revisions"}],"predecessor-version":[{"id":851,"href":"https:\/\/frigotec.de\/pl\/wp-json\/wp\/v2\/pages\/849\/revisions\/851"}],"wp:attachment":[{"href":"https:\/\/frigotec.de\/pl\/wp-json\/wp\/v2\/media?parent=849"}],"curies":[{"name":"wp","href":"https:\/\/api.w.org\/{rel}","templated":true}]}}