{"id":856,"date":"2017-02-14T16:07:15","date_gmt":"2017-02-14T15:07:15","guid":{"rendered":"http:\/\/relaunch.frigotec.de\/?page_id=856\/"},"modified":"2023-09-28T08:53:05","modified_gmt":"2023-09-28T06:53:05","slug":"oferty_pracy","status":"publish","type":"page","link":"https:\/\/frigotec.de\/pl\/firma\/oferty_pracy\/","title":{"rendered":"Oferty pracy"},"content":{"rendered":"<div id='av_section_1'  class='avia-section av-av_section-f5416f04ad720a2c47933a0c3c5c9f4d main_color avia-section-no-padding avia-no-border-styling  avia-builder-el-0  el_before_av_heading  avia-builder-el-first  avia-bg-style-scroll container_wrap sidebar_right'  ><div class='container av-section-cont-open' ><main  role=\"main\" itemprop=\"mainContentOfPage\"  class='template-page content  av-content-small alpha units'><div class='post-entry post-entry-type-page post-entry-856'><div class='entry-content-wrapper clearfix'>\n\n\n<style type=\"text\/css\" data-created_by=\"avia_inline_auto\" id=\"style-css-av-av_hr-0688d0b0b6ed2f8b057db7a8270206df\">\n#top .hr.hr-invisible.av-av_hr-0688d0b0b6ed2f8b057db7a8270206df{\nheight:50px;\n}\n<\/style>\n<div  class='hr av-av_hr-0688d0b0b6ed2f8b057db7a8270206df hr-invisible  avia-builder-el-2  el_after_av_codeblock  avia-builder-el-last '><span class='hr-inner '><span class=\"hr-inner-style\"><\/span><\/span><\/div>\n<\/div><\/div><\/main><!-- close content main element --><\/div><\/div><div id='after_section_1'  class='main_color av_default_container_wrap container_wrap sidebar_right'  ><div class='container av-section-cont-open' ><div class='template-page content  av-content-small alpha units'><div class='post-entry post-entry-type-page post-entry-856'><div class='entry-content-wrapper clearfix'>\n<style type=\"text\/css\" data-created_by=\"avia_inline_auto\" id=\"style-css-av-av_heading-9e96ff826b7c509e6cbfc50aa154a3be\">\n#top .av-special-heading.av-av_heading-9e96ff826b7c509e6cbfc50aa154a3be{\npadding-bottom:20px;\ncolor:#000000;\nfont-size:40px;\n}\nbody .av-special-heading.av-av_heading-9e96ff826b7c509e6cbfc50aa154a3be .av-special-heading-tag .heading-char{\nfont-size:25px;\n}\n#top #wrap_all .av-special-heading.av-av_heading-9e96ff826b7c509e6cbfc50aa154a3be .av-special-heading-tag{\nfont-size:40px;\n}\n.av-special-heading.av-av_heading-9e96ff826b7c509e6cbfc50aa154a3be .special-heading-inner-border{\nborder-color:#000000;\n}\n.av-special-heading.av-av_heading-9e96ff826b7c509e6cbfc50aa154a3be .av-subheading{\nfont-size:15px;\n}\n\n@media only screen and (min-width: 480px) and (max-width: 767px){ \n#top #wrap_all .av-special-heading.av-av_heading-9e96ff826b7c509e6cbfc50aa154a3be .av-special-heading-tag{\nfont-size:0.8em;\n}\n}\n\n@media only screen and (max-width: 479px){ \n#top #wrap_all .av-special-heading.av-av_heading-9e96ff826b7c509e6cbfc50aa154a3be .av-special-heading-tag{\nfont-size:0.8em;\n}\n}\n<\/style>\n<div  class='av-special-heading av-av_heading-9e96ff826b7c509e6cbfc50aa154a3be av-special-heading-h1 custom-color-heading blockquote modern-quote  avia-builder-el-3  el_after_av_section  el_before_av_hr  avia-builder-el-first  av-inherit-size'><h1 class='av-special-heading-tag'  itemprop=\"headline\"  >Oferty pracy <\/h1><div class=\"special-heading-border\"><div class=\"special-heading-inner-border\"><\/div><\/div><\/div><\/p>\n\n<style type=\"text\/css\" data-created_by=\"avia_inline_auto\" id=\"style-css-av-av_hr-0688d0b0b6ed2f8b057db7a8270206df\">\n#top .hr.hr-invisible.av-av_hr-0688d0b0b6ed2f8b057db7a8270206df{\nheight:50px;\n}\n<\/style>\n<div  class='hr av-av_hr-0688d0b0b6ed2f8b057db7a8270206df hr-invisible  avia-builder-el-4  el_after_av_heading  el_before_av_textblock '><span class='hr-inner '><span class=\"hr-inner-style\"><\/span><\/span><\/div>\n<section  class='av_textblock_section av-av_textblock-0366cc7376be6c9e82a3e9cc8987b64f '   itemscope=\"itemscope\" itemtype=\"https:\/\/schema.org\/CreativeWork\" ><div class='avia_textblock'  itemprop=\"text\" ><p>Jeste\u015bmy nowoczesn\u0105, \u015bredniej wielko\u015bci firm\u0105 dzia\u0142aj\u0105c\u0105 w zakresie budowy urz\u0105dze\u0144 przemys\u0142owych i ch\u0142odniczych. W naszych g\u0142\u00f3wnych obszarach od ponad 50 lat posiadamy wiod\u0105c\u0105 pozycj\u0119 w Europie.<\/p>\n<h4>Obecnie poszukujemy os\u00f3b na nast\u0119puj\u0105ce stanowiska:<\/h4>\n<\/div><\/section>\n\n<style type=\"text\/css\" data-created_by=\"avia_inline_auto\" id=\"style-css-av-av_hr-5ea7596238ed9f191e6b5e662093052f\">\n#top .hr.hr-invisible.av-av_hr-5ea7596238ed9f191e6b5e662093052f{\nheight:30px;\n}\n<\/style>\n<div  class='hr av-av_hr-5ea7596238ed9f191e6b5e662093052f hr-invisible  avia-builder-el-6  el_after_av_textblock  el_before_av_textblock '><span class='hr-inner '><span class=\"hr-inner-style\"><\/span><\/span><\/div>\n<section  class='av_textblock_section av-av_textblock-0366cc7376be6c9e82a3e9cc8987b64f '   itemscope=\"itemscope\" itemtype=\"https:\/\/schema.org\/CreativeWork\" ><div class='avia_textblock'  itemprop=\"text\" ><ul>\n<li>\n<h5><strong><a href=\"http:\/\/neu.frigotec.de\/images\/stellenangebote\/stelle_elektrik.jpg\"> elektroinstalator (m\/w)<\/a><\/strong><\/h5>\n<\/li>\n<li>\n<h5><strong><a href=\"http:\/\/neu.frigotec.de\/images\/stellenangebote\/stelle_kaeltetechnik.jpg\">mechatronik urz\u0105dze\u0144 ch\u0142odniczych (m\/w)<\/a><\/strong><\/h5>\n<\/li>\n<li>\n<h5><strong><a href=\"http:\/\/neu.frigotec.de\/images\/stellenangebote\/stelle_mechatronik.jpg\">mechatronik urz\u0105dze\u0144 ch\u0142odniczych \u2013 uczniowie<\/a><\/strong><\/h5>\n<\/li>\n<li>\n<h5><strong><a href=\"http:\/\/neu.frigotec.de\/images\/stellenangebote\/stelle_azubi.jpg\">elektronik techniki eksploatacyjnej \u2013 uczniowie<\/a><\/strong><\/h5>\n<\/li>\n<\/ul>\n<\/div><\/section>\n\n<style type=\"text\/css\" data-created_by=\"avia_inline_auto\" id=\"style-css-av-av_hr-5ea7596238ed9f191e6b5e662093052f\">\n#top .hr.hr-invisible.av-av_hr-5ea7596238ed9f191e6b5e662093052f{\nheight:30px;\n}\n<\/style>\n<div  class='hr av-av_hr-5ea7596238ed9f191e6b5e662093052f hr-invisible  avia-builder-el-8  el_after_av_textblock  el_before_av_textblock '><span class='hr-inner '><span class=\"hr-inner-style\"><\/span><\/span><\/div>\n<section  class='av_textblock_section av-av_textblock-0366cc7376be6c9e82a3e9cc8987b64f '   itemscope=\"itemscope\" itemtype=\"https:\/\/schema.org\/CreativeWork\" ><div class='avia_textblock'  itemprop=\"text\" ><p>Pisemne oferty prosz\u0119 kierowa\u0107 na adres: info@frigotec.de<br \/>\nTel. +49 0 3 46 \u2022 Fax 02 30 5 -0<\/p>\n<\/div><\/section>\n<section  class='av_textblock_section av-av_textblock-0366cc7376be6c9e82a3e9cc8987b64f '   itemscope=\"itemscope\" itemtype=\"https:\/\/schema.org\/CreativeWork\" ><div class='avia_textblock'  itemprop=\"text\" ><p>\u00a0<\/p>\n<\/div><\/section>\n","protected":false},"excerpt":{"rendered":"","protected":false},"author":1,"featured_media":0,"parent":1004,"menu_order":2,"comment_status":"open","ping_status":"closed","template":"","meta":{"footnotes":""},"class_list":["post-856","page","type-page","status-publish","hentry"],"_links":{"self":[{"href":"https:\/\/frigotec.de\/pl\/wp-json\/wp\/v2\/pages\/856","targetHints":{"allow":["GET"]}}],"collection":[{"href":"https:\/\/frigotec.de\/pl\/wp-json\/wp\/v2\/pages"}],"about":[{"href":"https:\/\/frigotec.de\/pl\/wp-json\/wp\/v2\/types\/page"}],"author":[{"embeddable":true,"href":"https:\/\/frigotec.de\/pl\/wp-json\/wp\/v2\/users\/1"}],"replies":[{"embeddable":true,"href":"https:\/\/frigotec.de\/pl\/wp-json\/wp\/v2\/comments?post=856"}],"version-history":[{"count":10,"href":"https:\/\/frigotec.de\/pl\/wp-json\/wp\/v2\/pages\/856\/revisions"}],"predecessor-version":[{"id":1327,"href":"https:\/\/frigotec.de\/pl\/wp-json\/wp\/v2\/pages\/856\/revisions\/1327"}],"up":[{"embeddable":true,"href":"https:\/\/frigotec.de\/pl\/wp-json\/wp\/v2\/pages\/1004"}],"wp:attachment":[{"href":"https:\/\/frigotec.de\/pl\/wp-json\/wp\/v2\/media?parent=856"}],"curies":[{"name":"wp","href":"https:\/\/api.w.org\/{rel}","templated":true}]}}