{"id":886,"date":"2017-02-14T16:54:23","date_gmt":"2017-02-14T15:54:23","guid":{"rendered":"http:\/\/relaunch.frigotec.de\/?page_id=886\/"},"modified":"2026-03-20T10:04:09","modified_gmt":"2026-03-20T09:04:09","slug":"home","status":"publish","type":"page","link":"https:\/\/frigotec.de\/pl\/home\/","title":{"rendered":"Home"},"content":{"rendered":"<div id='av_section_1'  class='avia-section av-av_section-f5416f04ad720a2c47933a0c3c5c9f4d main_color avia-section-no-padding avia-no-border-styling  avia-builder-el-0  el_before_av_one_third  avia-builder-el-first  avia-bg-style-scroll container_wrap sidebar_right'  ><div class='container av-section-cont-open' ><main  role=\"main\" itemprop=\"mainContentOfPage\"  class='template-page content  av-content-small alpha units'><div class='post-entry post-entry-type-page post-entry-886'><div class='entry-content-wrapper clearfix'>\n\n\n<style type=\"text\/css\" data-created_by=\"avia_inline_auto\" id=\"style-css-av-av_hr-0688d0b0b6ed2f8b057db7a8270206df\">\n#top .hr.hr-invisible.av-av_hr-0688d0b0b6ed2f8b057db7a8270206df{\nheight:50px;\n}\n<\/style>\n<div  class='hr av-av_hr-0688d0b0b6ed2f8b057db7a8270206df hr-invisible  avia-builder-el-2  el_after_av_codeblock  el_before_av_two_third '><span class='hr-inner '><span class=\"hr-inner-style\"><\/span><\/span><\/div>\n\n<style type=\"text\/css\" data-created_by=\"avia_inline_auto\" id=\"style-css-av-av_two_third-d71a51a707c4656b37c9afbbd6138215\">\n.flex_column.av-av_two_third-d71a51a707c4656b37c9afbbd6138215{\nborder-radius:0px 0px 0px 0px;\npadding:0px 0px 0px 0px;\n}\n<\/style>\n<div  class='flex_column av-av_two_third-d71a51a707c4656b37c9afbbd6138215 av_two_third  avia-builder-el-3  el_after_av_hr  el_before_av_one_third  first flex_column_div av-animated-generic bottom-to-top av-zero-column-padding  '     ><p>\n<style type=\"text\/css\" data-created_by=\"avia_inline_auto\" id=\"style-css-av-av_heading-3cbd4774af5298206fa096c17184dd7a\">\n#top .av-special-heading.av-av_heading-3cbd4774af5298206fa096c17184dd7a{\npadding-bottom:20px;\ncolor:#000000;\n}\nbody .av-special-heading.av-av_heading-3cbd4774af5298206fa096c17184dd7a .av-special-heading-tag .heading-char{\nfont-size:25px;\n}\n.av-special-heading.av-av_heading-3cbd4774af5298206fa096c17184dd7a .special-heading-inner-border{\nborder-color:#000000;\n}\n.av-special-heading.av-av_heading-3cbd4774af5298206fa096c17184dd7a .av-subheading{\nfont-size:15px;\n}\n<\/style>\n<div  class='av-special-heading av-av_heading-3cbd4774af5298206fa096c17184dd7a av-special-heading-h1 custom-color-heading blockquote modern-quote  avia-builder-el-4  el_before_av_textblock  avia-builder-el-first '><h1 class='av-special-heading-tag'  itemprop=\"headline\"  >Witamy w firmie Frigotec<\/h1><div class=\"special-heading-border\"><div class=\"special-heading-inner-border\"><\/div><\/div><\/div><br \/>\n<section  class='av_textblock_section av-av_textblock-0366cc7376be6c9e82a3e9cc8987b64f '   itemscope=\"itemscope\" itemtype=\"https:\/\/schema.org\/CreativeWork\" ><div class='avia_textblock'  itemprop=\"text\" ><p>&#8230; projektowanie, produkcja i instalacja. Od 1991 roku wspieramy naszych klient\u00f3w w kraju i zagranic\u0105 w zakresie utrzymywania \u015bwie\u017co\u015bci \u017cywno\u015bci. Do ka\u017cdego projektu przygotowujemy indywidualne koncepcje oraz konsekwentnie stosujemy trwa\u0142e i innowacyjne technologie. Cechy charakterystyczne naszych instalacji to:<\/p>\n<\/div><\/section><br \/>\n\n<style type=\"text\/css\" data-created_by=\"avia_inline_auto\" id=\"style-css-av-av_hr-ee2847e2e025ce3d30801259a03f9fd4\">\n#top .hr.hr-invisible.av-av_hr-ee2847e2e025ce3d30801259a03f9fd4{\nheight:10px;\n}\n<\/style>\n<div  class='hr av-av_hr-ee2847e2e025ce3d30801259a03f9fd4 hr-invisible  avia-builder-el-6  el_after_av_textblock  el_before_av_textblock '><span class='hr-inner '><span class=\"hr-inner-style\"><\/span><\/span><\/div><br \/>\n<section  class='av_textblock_section av-av_textblock-0366cc7376be6c9e82a3e9cc8987b64f '   itemscope=\"itemscope\" itemtype=\"https:\/\/schema.org\/CreativeWork\" ><div class='avia_textblock'  itemprop=\"text\" ><ul>\n<li>\n<h5><strong>Niezawodno\u015b\u0107<\/strong><\/h5>\n<h5><\/h5>\n<\/li>\n<li>\n<h5><strong>Efektywno\u015b\u0107 energetyczna<\/strong><\/h5>\n<h5><\/h5>\n<\/li>\n<li>\n<h5><strong>Ochrona produktu<\/strong><\/h5>\n<h5><\/h5>\n<\/li>\n<li>\n<h5><strong>Szafy sterownicze<\/strong><\/h5>\n<h5><\/h5>\n<\/li>\n<li>\n<h5><strong>Przechowywanie w DCA<\/strong><\/h5>\n<\/li>\n<\/ul>\n<\/div><\/section><br \/>\n\n<style type=\"text\/css\" data-created_by=\"avia_inline_auto\" id=\"style-css-av-av_hr-ee2847e2e025ce3d30801259a03f9fd4\">\n#top .hr.hr-invisible.av-av_hr-ee2847e2e025ce3d30801259a03f9fd4{\nheight:10px;\n}\n<\/style>\n<div  class='hr av-av_hr-ee2847e2e025ce3d30801259a03f9fd4 hr-invisible  avia-builder-el-8  el_after_av_textblock  el_before_av_textblock '><span class='hr-inner '><span class=\"hr-inner-style\"><\/span><\/span><\/div><br \/>\n<section  class='av_textblock_section av-av_textblock-0366cc7376be6c9e82a3e9cc8987b64f '   itemscope=\"itemscope\" itemtype=\"https:\/\/schema.org\/CreativeWork\" ><div class='avia_textblock'  itemprop=\"text\" ><p>W \u015bcis\u0142ej wsp\u00f3\u0142pracy z r\u00f3\u017cnymi partnerami oferujemy instalacje gotowe pod klucz z jednej r\u0119ki. Okre\u015blamy zapotrzebowanie, projektujemy i realizujemy dok\u0142adnie dopasowane rozwi\u0105zania ekonomiczne a po wdro\u017ceniu Pa\u0144stwa projektu nasz pr\u0119\u017cnie dzia\u0142aj\u0105cy i kompetentny zesp\u00f3\u0142 serwisowy jest do Pa\u0144stwa dyspozycji o ka\u017cdej porze.<\/p>\n<p>Nasza oferta obejmuje ch\u0142odnie, technik\u0119 ch\u0142odzenia, przechowalnie w warunkach KA\/ULO, dojrzewalnie banan\u00f3w, klimatyzacj\u0119, szybkie sch\u0142adzanie, zamra\u017canie, systemy nawil\u017cania, zamra\u017carki szokowe oraz system palistore.<\/p>\n<h3>Porozmawiajmy wsp\u00f3lnie o Pa\u0144stwa projekcie &#8211; dostarczymy odpowiednie rozwi\u0105zanie ch\u0142odnicze!<\/h3>\n<\/div><\/section><\/p><\/div>\n<style type=\"text\/css\" data-created_by=\"avia_inline_auto\" id=\"style-css-av-av_one_third-93bea18e2ccb60552a17080633244dec\">\n.flex_column.av-av_one_third-93bea18e2ccb60552a17080633244dec{\nborder-radius:0px 0px 0px 0px;\npadding:0px 0px 0px 0px;\n}\n<\/style>\n<div  class='flex_column av-av_one_third-93bea18e2ccb60552a17080633244dec av_one_third  avia-builder-el-10  el_after_av_two_third  avia-builder-el-last  flex_column_div av-animated-generic bottom-to-top av-zero-column-padding  '     ><p>\n<style type=\"text\/css\" data-created_by=\"avia_inline_auto\" id=\"style-css-av-2c7x2u-50e584701f5e576fd5419e30ff0e2783\">\n.avia-image-container.av-2c7x2u-50e584701f5e576fd5419e30ff0e2783 img.avia_image{\nbox-shadow:none;\n}\n.avia-image-container.av-2c7x2u-50e584701f5e576fd5419e30ff0e2783 .av-image-caption-overlay-center{\ncolor:#ffffff;\n}\n<\/style>\n<div  class='avia-image-container av-2c7x2u-50e584701f5e576fd5419e30ff0e2783 av-styling-no-styling avia-align-left  avia-builder-el-11  el_before_av_hr  avia-builder-el-first '   itemprop=\"image\" itemscope=\"itemscope\" itemtype=\"https:\/\/schema.org\/ImageObject\" ><div class=\"avia-image-container-inner\"><div class=\"avia-image-overlay-wrap\"><a href=\"https:\/\/softripe.com\/\" class='avia_image' target=\"_blank\" rel=\"noopener noreferrer\" aria-label='innovation-award-2019_softripe'><img decoding=\"async\" class='wp-image-1405 avia-img-lazy-loading-not-1405 avia_image ' src=\"https:\/\/frigotec.de\/wp-content\/uploads\/2019\/03\/innovation-award-2019_softripe-1.gif\" alt='' title='innovation-award-2019_softripe'  height=\"312\" width=\"668\"  itemprop=\"thumbnailUrl\"  \/><\/a><\/div><\/div><\/div><br \/>\n\n<style type=\"text\/css\" data-created_by=\"avia_inline_auto\" id=\"style-css-av-av_hr-5ea7596238ed9f191e6b5e662093052f\">\n#top .hr.hr-invisible.av-av_hr-5ea7596238ed9f191e6b5e662093052f{\nheight:30px;\n}\n<\/style>\n<div  class='hr av-av_hr-5ea7596238ed9f191e6b5e662093052f hr-invisible  avia-builder-el-12  el_after_av_image  el_before_av_image '><span class='hr-inner '><span class=\"hr-inner-style\"><\/span><\/span><\/div><br \/>\n\n<style type=\"text\/css\" data-created_by=\"avia_inline_auto\" id=\"style-css-av-k7el4zlj-deeea9b8e4df4e5491f7528793d33b1e\">\n.avia-image-container.av-k7el4zlj-deeea9b8e4df4e5491f7528793d33b1e img.avia_image{\nbox-shadow:none;\n}\n.avia-image-container.av-k7el4zlj-deeea9b8e4df4e5491f7528793d33b1e .av-image-caption-overlay-center{\ncolor:#ffffff;\n}\n<\/style>\n<div  class='avia-image-container av-k7el4zlj-deeea9b8e4df4e5491f7528793d33b1e av-styling- avia-align-center  avia-builder-el-13  el_after_av_hr  el_before_av_image '   itemprop=\"image\" itemscope=\"itemscope\" itemtype=\"https:\/\/schema.org\/ImageObject\" ><div class=\"avia-image-container-inner\"><div class=\"avia-image-overlay-wrap\"><img decoding=\"async\" class='wp-image-2121 avia-img-lazy-loading-not-2121 avia_image ' src=\"https:\/\/frigotec.de\/wp-content\/uploads\/2020\/03\/EFRE_Sachsen-Anhalt.png\" alt='' title='EFRE_Sachsen-Anhalt'  height=\"222\" width=\"500\"  itemprop=\"thumbnailUrl\" srcset=\"https:\/\/frigotec.de\/wp-content\/uploads\/2020\/03\/EFRE_Sachsen-Anhalt.png 500w, https:\/\/frigotec.de\/wp-content\/uploads\/2020\/03\/EFRE_Sachsen-Anhalt-300x133.png 300w, https:\/\/frigotec.de\/wp-content\/uploads\/2020\/03\/EFRE_Sachsen-Anhalt-450x200.png 450w\" sizes=\"(max-width: 500px) 100vw, 500px\" \/><\/div><\/div><\/div><br \/>\n\n<style type=\"text\/css\" data-created_by=\"avia_inline_auto\" id=\"style-css-av-mmyo9x64-fdb84afb850470f9893d474683e38d02\">\n.avia-image-container.av-mmyo9x64-fdb84afb850470f9893d474683e38d02 img.avia_image{\nbox-shadow:none;\n}\n.avia-image-container.av-mmyo9x64-fdb84afb850470f9893d474683e38d02 .av-image-caption-overlay-center{\ncolor:#ffffff;\n}\n<\/style>\n<div  class='avia-image-container av-mmyo9x64-fdb84afb850470f9893d474683e38d02 av-styling- avia-align-center  avia-builder-el-14  el_after_av_image  el_before_av_hr '   itemprop=\"image\" itemscope=\"itemscope\" itemtype=\"https:\/\/schema.org\/ImageObject\" ><div class=\"avia-image-container-inner\"><div class=\"avia-image-overlay-wrap\"><a href=\"https:\/\/frigogeo.com\/\" class='avia_image'  aria-label='Logo FrigoGeo'><img decoding=\"async\" class='wp-image-2927 avia-img-lazy-loading-not-2927 avia_image ' src=\"https:\/\/frigotec.de\/wp-content\/uploads\/2026\/03\/Logo-FrigoGeo-300x139.png\" alt='' title='Logo FrigoGeo'  height=\"139\" width=\"300\"  itemprop=\"thumbnailUrl\" srcset=\"https:\/\/frigotec.de\/wp-content\/uploads\/2026\/03\/Logo-FrigoGeo-300x139.png 300w, https:\/\/frigotec.de\/wp-content\/uploads\/2026\/03\/Logo-FrigoGeo-1030x476.png 1030w, https:\/\/frigotec.de\/wp-content\/uploads\/2026\/03\/Logo-FrigoGeo-768x355.png 768w, https:\/\/frigotec.de\/wp-content\/uploads\/2026\/03\/Logo-FrigoGeo-705x326.png 705w, https:\/\/frigotec.de\/wp-content\/uploads\/2026\/03\/Logo-FrigoGeo.png 1280w\" sizes=\"(max-width: 300px) 100vw, 300px\" \/><\/a><\/div><\/div><\/div><br \/>\n\n<style type=\"text\/css\" data-created_by=\"avia_inline_auto\" id=\"style-css-av-av_hr-5ea7596238ed9f191e6b5e662093052f\">\n#top .hr.hr-invisible.av-av_hr-5ea7596238ed9f191e6b5e662093052f{\nheight:30px;\n}\n<\/style>\n<div  class='hr av-av_hr-5ea7596238ed9f191e6b5e662093052f hr-invisible  avia-builder-el-15  el_after_av_image  el_before_av_image '><span class='hr-inner '><span class=\"hr-inner-style\"><\/span><\/span><\/div><br \/>\n\n<style type=\"text\/css\" data-created_by=\"avia_inline_auto\" id=\"style-css-av-av_image-3bc3e72ab22813e60a5a9a5ad771b32b\">\n.avia-image-container.av-av_image-3bc3e72ab22813e60a5a9a5ad771b32b img.avia_image{\nbox-shadow:none;\n}\n.avia-image-container.av-av_image-3bc3e72ab22813e60a5a9a5ad771b32b .av-image-caption-overlay-center{\ncolor:#ffffff;\n}\n<\/style>\n<div  class='avia-image-container av-av_image-3bc3e72ab22813e60a5a9a5ad771b32b av-styling- avia-align-left  avia-builder-el-16  el_after_av_hr  el_before_av_hr '   itemprop=\"image\" itemscope=\"itemscope\" itemtype=\"https:\/\/schema.org\/ImageObject\" ><div class=\"avia-image-container-inner\"><div class=\"avia-image-overlay-wrap\"><img decoding=\"async\" class='wp-image-227 avia-img-lazy-loading-not-227 avia_image ' src=\"https:\/\/frigotec.de\/wp-content\/uploads\/2017\/01\/Weltkugel-300x84.jpg\" alt='' title='Weltkugel'  height=\"84\" width=\"300\"  itemprop=\"thumbnailUrl\" srcset=\"https:\/\/frigotec.de\/wp-content\/uploads\/2017\/01\/Weltkugel-300x84.jpg 300w, https:\/\/frigotec.de\/wp-content\/uploads\/2017\/01\/Weltkugel.jpg 428w\" sizes=\"(max-width: 300px) 100vw, 300px\" \/><\/div><\/div><\/div><br \/>\n\n<style type=\"text\/css\" data-created_by=\"avia_inline_auto\" id=\"style-css-av-av_hr-5ea7596238ed9f191e6b5e662093052f\">\n#top .hr.hr-invisible.av-av_hr-5ea7596238ed9f191e6b5e662093052f{\nheight:30px;\n}\n<\/style>\n<div  class='hr av-av_hr-5ea7596238ed9f191e6b5e662093052f hr-invisible  avia-builder-el-17  el_after_av_image  el_before_av_image '><span class='hr-inner '><span class=\"hr-inner-style\"><\/span><\/span><\/div><br \/>\n\n<style type=\"text\/css\" data-created_by=\"avia_inline_auto\" id=\"style-css-av-av_image-c9f91560eb1f6170f285af6c2d66f29a\">\n.avia-image-container.av-av_image-c9f91560eb1f6170f285af6c2d66f29a img.avia_image{\nbox-shadow:none;\n}\n.avia-image-container.av-av_image-c9f91560eb1f6170f285af6c2d66f29a .av-image-caption-overlay-center{\ncolor:#ffffff;\n}\n<\/style>\n<div  class='avia-image-container av-av_image-c9f91560eb1f6170f285af6c2d66f29a av-styling- avia-align-left  avia-builder-el-18  el_after_av_hr  el_before_av_hr '   itemprop=\"image\" itemscope=\"itemscope\" itemtype=\"https:\/\/schema.org\/ImageObject\" ><div class=\"avia-image-container-inner\"><div class=\"avia-image-overlay-wrap\"><img decoding=\"async\" class='wp-image-890 avia-img-lazy-loading-not-890 avia_image ' src=\"https:\/\/frigotec.de\/wp-content\/uploads\/2015\/07\/Partner-im-BVMW_neu.jpg\" alt='' title='Partner-im-BVMW_neu'  height=\"110\" width=\"150\"  itemprop=\"thumbnailUrl\"  \/><\/div><\/div><\/div><br \/>\n\n<style type=\"text\/css\" data-created_by=\"avia_inline_auto\" id=\"style-css-av-av_hr-5ea7596238ed9f191e6b5e662093052f\">\n#top .hr.hr-invisible.av-av_hr-5ea7596238ed9f191e6b5e662093052f{\nheight:30px;\n}\n<\/style>\n<div  class='hr av-av_hr-5ea7596238ed9f191e6b5e662093052f hr-invisible  avia-builder-el-19  el_after_av_image  avia-builder-el-last '><span class='hr-inner '><span class=\"hr-inner-style\"><\/span><\/span><\/div><\/p><\/div><\/div><\/div><\/main><!-- close content main element --><\/div><\/div><div id='after_section_1'  class='main_color av_default_container_wrap container_wrap sidebar_right'  ><div class='container av-section-cont-open' ><div class='template-page content  av-content-small alpha units'><div class='post-entry post-entry-type-page post-entry-886'><div class='entry-content-wrapper clearfix'>\n<style type=\"text\/css\" data-created_by=\"avia_inline_auto\" id=\"style-css-av-av_one_third-0fc1e2c2c3e13f200c26bea9ba96d7ff\">\n.flex_column.av-av_one_third-0fc1e2c2c3e13f200c26bea9ba96d7ff{\nborder-width:5px;\nborder-color:#ffffff;\nborder-style:solid;\nborder-radius:0px 0px 0px 0px;\npadding:0px 0px 0px 0px;\n}\n<\/style>\n<div  class='flex_column av-av_one_third-0fc1e2c2c3e13f200c26bea9ba96d7ff av_one_third  avia-builder-el-20  el_after_av_section  el_before_av_one_third  avia-builder-el-first  first no_margin flex_column_div av-animated-generic fade-in av-zero-column-padding  '     ><style type=\"text\/css\" data-created_by=\"avia_inline_auto\" id=\"style-css-av-k7ahidt0-de5ddf03cb27b93d99b9a86a48abc277\">\n.avia-image-container.av-k7ahidt0-de5ddf03cb27b93d99b9a86a48abc277 img.avia_image{\nbox-shadow:none;\n}\n.avia-image-container.av-k7ahidt0-de5ddf03cb27b93d99b9a86a48abc277 .av-caption-image-overlay-bg{\nopacity:0.3;\nbackground-color:#05305c;\n}\n.avia-image-container.av-k7ahidt0-de5ddf03cb27b93d99b9a86a48abc277 .av-image-caption-overlay-center{\ncolor:#ffffff;\nfont-size:24px;\n}\n<\/style>\n<div  class='avia-image-container av-k7ahidt0-de5ddf03cb27b93d99b9a86a48abc277 av-styling- avia-align-center  avia-builder-el-21  avia-builder-el-no-sibling  noHover av-overlay-hover-deactivate'   itemprop=\"image\" itemscope=\"itemscope\" itemtype=\"https:\/\/schema.org\/ImageObject\" ><div class=\"avia-image-container-inner\"><div class=\"avia-image-overlay-wrap\"><a href=\"https:\/\/frigotec.de\/pl\/aktualnosci\/\" class='avia_image'  ><div class=\"av-image-caption-overlay\"><div class=\"av-caption-image-overlay-bg\"><\/div><div class=\"av-image-caption-overlay-position\"><div class=\"av-image-caption-overlay-center\"><p>Systemy ch\u0142odzenia<\/p>\n<\/div><\/div><\/div><img decoding=\"async\" class='wp-image-1644 avia-img-lazy-loading-not-1644 avia_image ' src=\"https:\/\/frigotec.de\/wp-content\/uploads\/2020\/03\/Design-ohne-Titel.png\" alt='' title=''  height=\"339\" width=\"509\"  itemprop=\"thumbnailUrl\" srcset=\"https:\/\/frigotec.de\/wp-content\/uploads\/2020\/03\/Design-ohne-Titel.png 509w, https:\/\/frigotec.de\/wp-content\/uploads\/2020\/03\/Design-ohne-Titel-300x200.png 300w, https:\/\/frigotec.de\/wp-content\/uploads\/2020\/03\/Design-ohne-Titel-450x300.png 450w\" sizes=\"(max-width: 509px) 100vw, 509px\" \/><\/a><\/div><\/div><\/div><\/div><\/p>\n\n<style type=\"text\/css\" data-created_by=\"avia_inline_auto\" id=\"style-css-av-av_one_third-6b92d79c5793b204e4f59c29a2d25d52\">\n.flex_column.av-av_one_third-6b92d79c5793b204e4f59c29a2d25d52{\nborder-width:5px;\nborder-color:#ffffff;\nborder-style:solid;\nborder-radius:0px 0px 0px 0px;\npadding:0px 0px 0px 0px;\n}\n<\/style>\n<div  class='flex_column av-av_one_third-6b92d79c5793b204e4f59c29a2d25d52 av_one_third  avia-builder-el-22  el_after_av_one_third  el_before_av_one_third  no_margin flex_column_div av-animated-generic fade-in av-zero-column-padding  '     ><style type=\"text\/css\" data-created_by=\"avia_inline_auto\" id=\"style-css-av-k7ahiqt0-f332775c878213c9cd2ec7df51c9a69e\">\n.avia-image-container.av-k7ahiqt0-f332775c878213c9cd2ec7df51c9a69e img.avia_image{\nbox-shadow:none;\n}\n.avia-image-container.av-k7ahiqt0-f332775c878213c9cd2ec7df51c9a69e .av-caption-image-overlay-bg{\nopacity:0.2;\nbackground-color:#05305c;\n}\n.avia-image-container.av-k7ahiqt0-f332775c878213c9cd2ec7df51c9a69e .av-image-caption-overlay-center{\ncolor:#ffffff;\nfont-size:24px;\n}\n<\/style>\n<div  class='avia-image-container av-k7ahiqt0-f332775c878213c9cd2ec7df51c9a69e av-styling- avia-align-center  avia-builder-el-23  avia-builder-el-no-sibling  noHover av-overlay-hover-deactivate'   itemprop=\"image\" itemscope=\"itemscope\" itemtype=\"https:\/\/schema.org\/ImageObject\" ><div class=\"avia-image-container-inner\"><div class=\"avia-image-overlay-wrap\"><a href=\"https:\/\/frigotec.de\/pl\/aktualnosci\/\" class='avia_image'  aria-label='Design ohne Titel (1)'><div class=\"av-image-caption-overlay\"><div class=\"av-caption-image-overlay-bg\"><\/div><div class=\"av-image-caption-overlay-position\"><div class=\"av-image-caption-overlay-center\"><p>Firma<\/p>\n<\/div><\/div><\/div><img decoding=\"async\" class='wp-image-1649 avia-img-lazy-loading-not-1649 avia_image ' src=\"https:\/\/frigotec.de\/wp-content\/uploads\/2020\/03\/Design-ohne-Titel-1.png\" alt='' title='Design ohne Titel (1)'  height=\"339\" width=\"509\"  itemprop=\"thumbnailUrl\" srcset=\"https:\/\/frigotec.de\/wp-content\/uploads\/2020\/03\/Design-ohne-Titel-1.png 509w, https:\/\/frigotec.de\/wp-content\/uploads\/2020\/03\/Design-ohne-Titel-1-300x200.png 300w, https:\/\/frigotec.de\/wp-content\/uploads\/2020\/03\/Design-ohne-Titel-1-450x300.png 450w\" sizes=\"(max-width: 509px) 100vw, 509px\" \/><\/a><\/div><\/div><\/div><\/div>\n\n<style type=\"text\/css\" data-created_by=\"avia_inline_auto\" id=\"style-css-av-av_one_third-6b92d79c5793b204e4f59c29a2d25d52\">\n.flex_column.av-av_one_third-6b92d79c5793b204e4f59c29a2d25d52{\nborder-width:5px;\nborder-color:#ffffff;\nborder-style:solid;\nborder-radius:0px 0px 0px 0px;\npadding:0px 0px 0px 0px;\n}\n<\/style>\n<div  class='flex_column av-av_one_third-6b92d79c5793b204e4f59c29a2d25d52 av_one_third  avia-builder-el-24  el_after_av_one_third  el_before_av_hr  no_margin flex_column_div av-animated-generic fade-in av-zero-column-padding  '     ><style type=\"text\/css\" data-created_by=\"avia_inline_auto\" id=\"style-css-av-k7ahjioo-38660b951e682fe31b1cb636d03ecea8\">\n.avia-image-container.av-k7ahjioo-38660b951e682fe31b1cb636d03ecea8 img.avia_image{\nbox-shadow:none;\n}\n.avia-image-container.av-k7ahjioo-38660b951e682fe31b1cb636d03ecea8 .av-caption-image-overlay-bg{\nopacity:0.3;\nbackground-color:#05305c;\n}\n.avia-image-container.av-k7ahjioo-38660b951e682fe31b1cb636d03ecea8 .av-image-caption-overlay-center{\ncolor:#ffffff;\nfont-size:24px;\n}\n<\/style>\n<div  class='avia-image-container av-k7ahjioo-38660b951e682fe31b1cb636d03ecea8 av-styling- avia-align-center  avia-builder-el-25  avia-builder-el-no-sibling  noHover av-overlay-hover-deactivate'   itemprop=\"image\" itemscope=\"itemscope\" itemtype=\"https:\/\/schema.org\/ImageObject\" ><div class=\"avia-image-container-inner\"><div class=\"avia-image-overlay-wrap\"><a href=\"https:\/\/frigotec.de\/pl\/aktualnosci\/\" class='avia_image'  aria-label='frigotec-service-1'><div class=\"av-image-caption-overlay\"><div class=\"av-caption-image-overlay-bg\"><\/div><div class=\"av-image-caption-overlay-position\"><div class=\"av-image-caption-overlay-center\"><p>Serwis<\/p>\n<\/div><\/div><\/div><img decoding=\"async\" class='wp-image-1697 avia-img-lazy-loading-not-1697 avia_image ' src=\"https:\/\/frigotec.de\/wp-content\/uploads\/2020\/03\/frigotec-service-1.jpg\" alt='' title='frigotec-service-1'  height=\"339\" width=\"509\"  itemprop=\"thumbnailUrl\" srcset=\"https:\/\/frigotec.de\/wp-content\/uploads\/2020\/03\/frigotec-service-1.jpg 509w, https:\/\/frigotec.de\/wp-content\/uploads\/2020\/03\/frigotec-service-1-300x200.jpg 300w, https:\/\/frigotec.de\/wp-content\/uploads\/2020\/03\/frigotec-service-1-450x300.jpg 450w\" sizes=\"(max-width: 509px) 100vw, 509px\" \/><\/a><\/div><\/div><\/div><\/div>\n<div  class='hr av-av_hr-dcd2069817a0e3d34ae04cad8f3443c7 hr-default  avia-builder-el-26  el_after_av_one_third  el_before_av_textblock '><span class='hr-inner '><span class=\"hr-inner-style\"><\/span><\/span><\/div>\n<section  class='av_textblock_section av-av_textblock-0366cc7376be6c9e82a3e9cc8987b64f '   itemscope=\"itemscope\" itemtype=\"https:\/\/schema.org\/CreativeWork\" ><div class='avia_textblock'  itemprop=\"text\" ><\/div><\/section>\n","protected":false},"excerpt":{"rendered":"","protected":false},"author":1,"featured_media":0,"parent":0,"menu_order":0,"comment_status":"open","ping_status":"closed","template":"","meta":{"footnotes":""},"class_list":["post-886","page","type-page","status-publish","hentry"],"_links":{"self":[{"href":"https:\/\/frigotec.de\/pl\/wp-json\/wp\/v2\/pages\/886","targetHints":{"allow":["GET"]}}],"collection":[{"href":"https:\/\/frigotec.de\/pl\/wp-json\/wp\/v2\/pages"}],"about":[{"href":"https:\/\/frigotec.de\/pl\/wp-json\/wp\/v2\/types\/page"}],"author":[{"embeddable":true,"href":"https:\/\/frigotec.de\/pl\/wp-json\/wp\/v2\/users\/1"}],"replies":[{"embeddable":true,"href":"https:\/\/frigotec.de\/pl\/wp-json\/wp\/v2\/comments?post=886"}],"version-history":[{"count":16,"href":"https:\/\/frigotec.de\/pl\/wp-json\/wp\/v2\/pages\/886\/revisions"}],"predecessor-version":[{"id":2720,"href":"https:\/\/frigotec.de\/pl\/wp-json\/wp\/v2\/pages\/886\/revisions\/2720"}],"wp:attachment":[{"href":"https:\/\/frigotec.de\/pl\/wp-json\/wp\/v2\/media?parent=886"}],"curies":[{"name":"wp","href":"https:\/\/api.w.org\/{rel}","templated":true}]}}